{"id":703858,"date":"2025-08-27T15:29:50","date_gmt":"2025-08-27T12:29:50","guid":{"rendered":"https:\/\/roveyayinevi.com.tr\/index.php\/urun\/akil-sagligi\/"},"modified":"2026-04-16T02:13:01","modified_gmt":"2026-04-15T23:13:01","slug":"akil-sagligi","status":"publish","type":"product","link":"https:\/\/roveyayinevi.com.tr\/index.php\/urun\/akil-sagligi\/","title":{"rendered":"Ak\u0131l Sa\u011fl\u0131\u011f\u0131"},"content":{"rendered":"<p>\u00d6n\u00fcm\u00fcz\u00fc g\u00f6remedi\u011fimiz, g\u00f6rd\u00fcklerimizin de hay\u0131r m\u0131 \u015fer mi oldu\u011funu se\u00e7emedi\u011fimiz bug\u00fcnlerde var olan akl\u0131m\u0131za m\u00fcmk\u00fcn oldu\u011fu kadar mukayyet olmam\u0131z laz\u0131m. Sa\u011flam ve sa\u011fl\u0131kl\u0131 bir ak\u0131l bug\u00fcn bize her zamankinden fazla laz\u0131m. Fakat herkes elbirli\u011fi etmi\u015f bizi akl\u0131m\u0131zdan etmek i\u00e7in u\u011fra\u015f\u0131yor. \ufffcTan\u0131t\u0131m Metni<\/p>\n","protected":false},"excerpt":{"rendered":"<p>\u00d6n\u00fcm\u00fcz\u00fc g\u00f6remedi\u011fimiz, g\u00f6rd\u00fcklerimizin de hay\u0131r m\u0131 \u015fer mi oldu\u011funu se\u00e7emedi\u011fimiz bug\u00fcnlerde var olan akl\u0131m\u0131za m\u00fcmk\u00fcn oldu\u011fu kadar mukayyet olmam\u0131z laz\u0131m. Sa\u011flam ve sa\u011fl\u0131kl\u0131 bir ak\u0131l bug\u00fcn<span class=\"excerpt-hellip\"> [\u2026]<\/span><\/p>\n","protected":false},"featured_media":0,"template":"","meta":{"_monsterinsights_skip_tracking":false,"_monsterinsights_sitenote_active":false,"_monsterinsights_sitenote_note":"","_monsterinsights_sitenote_category":0},"product_brand":[],"product_cat":[12389,12388],"product_tag":[],"class_list":{"0":"post-703858","1":"product","2":"type-product","3":"status-publish","5":"product_cat-diger-felsefe","6":"product_cat-felsefe","7":"pa_cilt-ciltsiz","8":"pa_tur-kitap","9":"pa_yayinevi-say-yayinlari","10":"pa_yazar-arthur-schopenhauer","12":"first","13":"instock","14":"sale","15":"shipping-taxable","16":"purchasable","17":"product-type-simple"},"_links":{"self":[{"href":"https:\/\/roveyayinevi.com.tr\/index.php\/wp-json\/wp\/v2\/product\/703858","targetHints":{"allow":["GET"]}}],"collection":[{"href":"https:\/\/roveyayinevi.com.tr\/index.php\/wp-json\/wp\/v2\/product"}],"about":[{"href":"https:\/\/roveyayinevi.com.tr\/index.php\/wp-json\/wp\/v2\/types\/product"}],"wp:attachment":[{"href":"https:\/\/roveyayinevi.com.tr\/index.php\/wp-json\/wp\/v2\/media?parent=703858"}],"wp:term":[{"taxonomy":"product_brand","embeddable":true,"href":"https:\/\/roveyayinevi.com.tr\/index.php\/wp-json\/wp\/v2\/product_brand?post=703858"},{"taxonomy":"product_cat","embeddable":true,"href":"https:\/\/roveyayinevi.com.tr\/index.php\/wp-json\/wp\/v2\/product_cat?post=703858"},{"taxonomy":"product_tag","embeddable":true,"href":"https:\/\/roveyayinevi.com.tr\/index.php\/wp-json\/wp\/v2\/product_tag?post=703858"}],"curies":[{"name":"wp","href":"https:\/\/api.w.org\/{rel}","templated":true}]}}