{"id":703857,"date":"2025-08-27T15:29:50","date_gmt":"2025-08-27T12:29:50","guid":{"rendered":"https:\/\/roveyayinevi.com.tr\/index.php\/urun\/doguda-bir-yil\/"},"modified":"2026-04-16T02:13:01","modified_gmt":"2026-04-15T23:13:01","slug":"doguda-bir-yil","status":"publish","type":"product","link":"https:\/\/roveyayinevi.com.tr\/index.php\/urun\/doguda-bir-yil\/","title":{"rendered":"Do\u011fu\u2019da Bir Y\u0131l"},"content":{"rendered":"<p>I\u015f\u0131kla adeta alev alev yanan binlerce kubbe, ye\u015fillikler aras\u0131nda k\u0131rm\u0131z\u0131 evlerle kapl\u0131 tepeler, tuhaf bir \u015fekilde ayd\u0131nlat\u0131lm\u0131\u015f y\u0131\u011f\u0131nla konak, mavi \u00e7at\u0131l\u0131 camiler, servi ve yalanc\u0131 \u00e7\u0131nar, \u00e7i\u00e7ekli bah\u00e7eler, g\u00f6z alabildi\u011fine gemiyle dolu u\u00e7suz bucaks\u0131z bir liman, direkler ve band\u0131ralar. Buras\u0131 tek kelimeyle herkesin tan\u0131d\u0131\u011f\u0131n\u0131 sand\u0131\u011f\u0131 ve b\u00fcy\u00fck bir ba\u015fkentten \u00e7ok u\u00e7suz bucaks\u0131z bir bah\u00e7e i\u00e7indeki y\u0131\u011f\u0131nla sevimli k\u00f6\u015fk\u00fcn bulundu\u011fu bir yere benziyordu. Burada, havuzlar\u0131n yerini g\u00f6ller, engebeli yerlerin yerini da\u011flar, masiflerin yerini ormanlar, \u0131rmaklar\u0131n yerini deniz kollar\u0131 ve sandallar\u0131n yerini gemiler alm\u0131\u015ft\u0131. Adeta perilerin tasarlad\u0131\u011f\u0131 ve devlerin \u00e7izdi\u011fi g\u00f6rkemli ve \u00e7ok g\u00fczel parklar g\u00f6r\u00fcn\u00fcyordu. Gitgide yak\u0131c\u0131 olmaya ba\u015flayan g\u00fcne\u015f \u0131\u015f\u0131nlar\u0131 sabah\u0131n dumanlar\u0131n\u0131 adeta alt\u0131ndan tozlara \u00e7eviriyordu. Sanki \u0130stanbul yan\u0131yordu ve bu e\u015fsiz manzara g\u00f6z kama\u015ft\u0131r\u0131c\u0131 bir atmosfer i\u00e7inde \u0131\u015f\u0131ld\u0131yordu <\/p>\n","protected":false},"excerpt":{"rendered":"<p>I\u015f\u0131kla adeta alev alev yanan binlerce kubbe, ye\u015fillikler aras\u0131nda k\u0131rm\u0131z\u0131 evlerle kapl\u0131 tepeler, tuhaf bir \u015fekilde ayd\u0131nlat\u0131lm\u0131\u015f y\u0131\u011f\u0131nla konak, mavi \u00e7at\u0131l\u0131 camiler, servi ve yalanc\u0131 \u00e7\u0131nar,<span class=\"excerpt-hellip\"> [\u2026]<\/span><\/p>\n","protected":false},"featured_media":0,"template":"","meta":{"_monsterinsights_skip_tracking":false,"_monsterinsights_sitenote_active":false,"_monsterinsights_sitenote_note":"","_monsterinsights_sitenote_category":0},"product_brand":[],"product_cat":[13517,12304],"product_tag":[],"class_list":{"0":"post-703857","1":"product","2":"type-product","3":"status-publish","5":"product_cat-osmanli-tarihi","6":"product_cat-tarih","7":"pa_cilt-ciltsiz","8":"pa_tur-kitap","9":"pa_yayinevi-say-yayinlari","10":"pa_yazar-alexis-de-valon","12":"first","13":"instock","14":"sale","15":"shipping-taxable","16":"purchasable","17":"product-type-simple"},"_links":{"self":[{"href":"https:\/\/roveyayinevi.com.tr\/index.php\/wp-json\/wp\/v2\/product\/703857","targetHints":{"allow":["GET"]}}],"collection":[{"href":"https:\/\/roveyayinevi.com.tr\/index.php\/wp-json\/wp\/v2\/product"}],"about":[{"href":"https:\/\/roveyayinevi.com.tr\/index.php\/wp-json\/wp\/v2\/types\/product"}],"wp:attachment":[{"href":"https:\/\/roveyayinevi.com.tr\/index.php\/wp-json\/wp\/v2\/media?parent=703857"}],"wp:term":[{"taxonomy":"product_brand","embeddable":true,"href":"https:\/\/roveyayinevi.com.tr\/index.php\/wp-json\/wp\/v2\/product_brand?post=703857"},{"taxonomy":"product_cat","embeddable":true,"href":"https:\/\/roveyayinevi.com.tr\/index.php\/wp-json\/wp\/v2\/product_cat?post=703857"},{"taxonomy":"product_tag","embeddable":true,"href":"https:\/\/roveyayinevi.com.tr\/index.php\/wp-json\/wp\/v2\/product_tag?post=703857"}],"curies":[{"name":"wp","href":"https:\/\/api.w.org\/{rel}","templated":true}]}}