{"id":703856,"date":"2025-08-27T15:29:50","date_gmt":"2025-08-27T12:29:50","guid":{"rendered":"https:\/\/roveyayinevi.com.tr\/index.php\/urun\/nazi-doneminde-bilim\/"},"modified":"2026-04-16T02:13:01","modified_gmt":"2026-04-15T23:13:01","slug":"nazi-doneminde-bilim","status":"publish","type":"product","link":"https:\/\/roveyayinevi.com.tr\/index.php\/urun\/nazi-doneminde-bilim\/","title":{"rendered":"Nazi D\u00f6neminde Bilim"},"content":{"rendered":"<p>20. y\u00fczy\u0131l\u0131n ba\u015flar\u0131nda bilim ve teknoloji alan\u0131nda d\u00fcnyan\u0131n en geli\u015fmi\u015f \u00fclkelerinden biri Almanya idi. Nazilerin iktidara gelmesiyle bu durum k\u0131sa s\u00fcrede de\u011fi\u015fti. Fizik, kimya, matematik gibi alanlar\u0131n Ari \u0131rk\u0131na mensup olmayan bilim insanlar\u0131na yasaklanmas\u0131 gerekti\u011fine karar verildi. Bask\u0131 ve yasaklar nasyonal sosyalist rejim d\u00f6neminde her kurumda oldu\u011fu gibi bilim alan\u0131nda da b\u00fcy\u00fck bir y\u0131k\u0131ma neden oldu. <\/p>\n","protected":false},"excerpt":{"rendered":"<p>20. y\u00fczy\u0131l\u0131n ba\u015flar\u0131nda bilim ve teknoloji alan\u0131nda d\u00fcnyan\u0131n en geli\u015fmi\u015f \u00fclkelerinden biri Almanya idi. Nazilerin iktidara gelmesiyle bu durum k\u0131sa s\u00fcrede de\u011fi\u015fti. Fizik, kimya, matematik gibi<span class=\"excerpt-hellip\"> [\u2026]<\/span><\/p>\n","protected":false},"featured_media":0,"template":"","meta":{"_monsterinsights_skip_tracking":false,"_monsterinsights_sitenote_active":false,"_monsterinsights_sitenote_note":"","_monsterinsights_sitenote_category":0},"product_brand":[],"product_cat":[12312,12304],"product_tag":[],"class_list":{"0":"post-703856","1":"product","2":"type-product","3":"status-publish","5":"product_cat-diger","6":"product_cat-tarih","7":"pa_cilt-ciltsiz","8":"pa_tur-kitap","9":"pa_yayinevi-say-yayinlari","10":"pa_yazar-alan-d-beyerchen","12":"first","13":"instock","14":"sale","15":"shipping-taxable","16":"purchasable","17":"product-type-simple"},"_links":{"self":[{"href":"https:\/\/roveyayinevi.com.tr\/index.php\/wp-json\/wp\/v2\/product\/703856","targetHints":{"allow":["GET"]}}],"collection":[{"href":"https:\/\/roveyayinevi.com.tr\/index.php\/wp-json\/wp\/v2\/product"}],"about":[{"href":"https:\/\/roveyayinevi.com.tr\/index.php\/wp-json\/wp\/v2\/types\/product"}],"wp:attachment":[{"href":"https:\/\/roveyayinevi.com.tr\/index.php\/wp-json\/wp\/v2\/media?parent=703856"}],"wp:term":[{"taxonomy":"product_brand","embeddable":true,"href":"https:\/\/roveyayinevi.com.tr\/index.php\/wp-json\/wp\/v2\/product_brand?post=703856"},{"taxonomy":"product_cat","embeddable":true,"href":"https:\/\/roveyayinevi.com.tr\/index.php\/wp-json\/wp\/v2\/product_cat?post=703856"},{"taxonomy":"product_tag","embeddable":true,"href":"https:\/\/roveyayinevi.com.tr\/index.php\/wp-json\/wp\/v2\/product_tag?post=703856"}],"curies":[{"name":"wp","href":"https:\/\/api.w.org\/{rel}","templated":true}]}}