{"id":703855,"date":"2025-08-27T15:29:49","date_gmt":"2025-08-27T12:29:49","guid":{"rendered":"https:\/\/roveyayinevi.com.tr\/index.php\/urun\/seyir-defterleri\/"},"modified":"2026-02-03T02:21:47","modified_gmt":"2026-02-02T23:21:47","slug":"seyir-defterleri","status":"publish","type":"product","link":"https:\/\/roveyayinevi.com.tr\/index.php\/urun\/seyir-defterleri\/","title":{"rendered":"Seyir Defterleri"},"content":{"rendered":"<p>Kristof Kolomb (1451-1506): Marco Polo\u2019nun anlatt\u0131\u011f\u0131 zenginliklere ula\u015fabilmek i\u00e7in Pierre d\u2019Ailly, Toscanelli, Ptolemaios gibi bir\u00e7ok ki\u015finin \u00e7al\u0131\u015fmalar\u0131ndan da yararlanan \u00fcnl\u00fc ka\u015fif, bat\u0131ya do\u011fru gitmek suretiyle do\u011fuya ula\u015fmay\u0131 hedefledi. Sundu\u011fu ke\u015fif projesi Portekiz kral\u0131 taraf\u0131ndan reddedildi, sonunda bunu Kastilya Krall\u0131\u011f\u0131\u2019n\u0131n geni\u015flemesi i\u00e7in bir f\u0131rsat olarak g\u00f6ren Kral Fernando ve Krali\u00e7e Isabel\u2019in deste\u011fiyle d\u00f6rt ke\u015fif gezisine \u00e7\u0131kt\u0131. \ufffc<\/p>\n","protected":false},"excerpt":{"rendered":"<p>Kristof Kolomb (1451-1506): Marco Polo\u2019nun anlatt\u0131\u011f\u0131 zenginliklere ula\u015fabilmek i\u00e7in Pierre d\u2019Ailly, Toscanelli, Ptolemaios gibi bir\u00e7ok ki\u015finin \u00e7al\u0131\u015fmalar\u0131ndan da yararlanan \u00fcnl\u00fc ka\u015fif, bat\u0131ya do\u011fru gitmek suretiyle do\u011fuya<span class=\"excerpt-hellip\"> [\u2026]<\/span><\/p>\n","protected":false},"featured_media":0,"template":"","meta":{"_monsterinsights_skip_tracking":false,"_monsterinsights_sitenote_active":false,"_monsterinsights_sitenote_note":"","_monsterinsights_sitenote_category":0},"product_brand":[],"product_cat":[13590,12337],"product_tag":[],"class_list":{"0":"post-703855","1":"product","2":"type-product","3":"status-publish","5":"product_cat-arastirma-inceleme-politika-siyaset","6":"product_cat-politika-siyaset","7":"pa_cilt-ciltsiz","8":"pa_tur-kitap","9":"pa_yayinevi-is-bankasi-kultur-yayinlari","10":"pa_yazar-kristof-kolomb","12":"first","13":"instock","14":"sale","15":"shipping-taxable","16":"purchasable","17":"product-type-simple"},"_links":{"self":[{"href":"https:\/\/roveyayinevi.com.tr\/index.php\/wp-json\/wp\/v2\/product\/703855","targetHints":{"allow":["GET"]}}],"collection":[{"href":"https:\/\/roveyayinevi.com.tr\/index.php\/wp-json\/wp\/v2\/product"}],"about":[{"href":"https:\/\/roveyayinevi.com.tr\/index.php\/wp-json\/wp\/v2\/types\/product"}],"wp:attachment":[{"href":"https:\/\/roveyayinevi.com.tr\/index.php\/wp-json\/wp\/v2\/media?parent=703855"}],"wp:term":[{"taxonomy":"product_brand","embeddable":true,"href":"https:\/\/roveyayinevi.com.tr\/index.php\/wp-json\/wp\/v2\/product_brand?post=703855"},{"taxonomy":"product_cat","embeddable":true,"href":"https:\/\/roveyayinevi.com.tr\/index.php\/wp-json\/wp\/v2\/product_cat?post=703855"},{"taxonomy":"product_tag","embeddable":true,"href":"https:\/\/roveyayinevi.com.tr\/index.php\/wp-json\/wp\/v2\/product_tag?post=703855"}],"curies":[{"name":"wp","href":"https:\/\/api.w.org\/{rel}","templated":true}]}}