{"id":703854,"date":"2025-08-27T15:29:49","date_gmt":"2025-08-27T12:29:49","guid":{"rendered":"https:\/\/roveyayinevi.com.tr\/index.php\/urun\/dunya-tarihi-4-cilt-yakincag\/"},"modified":"2026-04-16T02:13:01","modified_gmt":"2026-04-15T23:13:01","slug":"dunya-tarihi-4-cilt-yakincag","status":"publish","type":"product","link":"https:\/\/roveyayinevi.com.tr\/index.php\/urun\/dunya-tarihi-4-cilt-yakincag\/","title":{"rendered":"D\u00fcnya Tarihi 4. Cilt &#8211; Yak\u0131n\u00e7a\u011f"},"content":{"rendered":"<p>D\u00fcnya Tarihi adl\u0131 d\u00f6rt ciltlik eserin bu d\u00f6rd\u00fcnc\u00fc cildinde, Victoria \u00e7a\u011f\u0131ndan Sovyetler Birli\u011fi\u2019nin \u00e7\u00f6k\u00fc\u015f\u00fcne dek s\u00fcren zaman dilimi ele al\u0131n\u0131yor. Britanya \u0130mparatorlu\u011fu\u2019nun bir s\u00fcper g\u00fc\u00e7 haline geli\u015fi, Afrika ile Asya\u2019n\u0131n b\u00fcy\u00fck devletlerce payla\u015f\u0131l\u0131p s\u00f6m\u00fcrgele\u015ftirilmesi, Amerikan \u0130\u00e7sava\u015f\u0131, Birinci D\u00fcnya Sava\u015f\u0131, fa\u015fizmin ve kom\u00fcnizmin do\u011fu\u015fu, B\u00fcy\u00fck Bunal\u0131m, \u0130kinci D\u00fcnya Sava\u015f\u0131, s\u00f6m\u00fcrgelerin ba\u011f\u0131ms\u0131zl\u0131k m\u00fccadeleleri gibi \u00f6nemli askeri, siyasi, k\u00fclt\u00fcrel ve iktisadi olaylar renkli ve ak\u0131c\u0131 bir dille anlat\u0131l\u0131yor.<\/p>\n","protected":false},"excerpt":{"rendered":"<p>D\u00fcnya Tarihi adl\u0131 d\u00f6rt ciltlik eserin bu d\u00f6rd\u00fcnc\u00fc cildinde, Victoria \u00e7a\u011f\u0131ndan Sovyetler Birli\u011fi\u2019nin \u00e7\u00f6k\u00fc\u015f\u00fcne dek s\u00fcren zaman dilimi ele al\u0131n\u0131yor. Britanya \u0130mparatorlu\u011fu\u2019nun bir s\u00fcper g\u00fc\u00e7 haline<span class=\"excerpt-hellip\"> [\u2026]<\/span><\/p>\n","protected":false},"featured_media":0,"template":"","meta":{"_monsterinsights_skip_tracking":false,"_monsterinsights_sitenote_active":false,"_monsterinsights_sitenote_note":"","_monsterinsights_sitenote_category":0},"product_brand":[],"product_cat":[12305,12304],"product_tag":[],"class_list":{"0":"post-703854","1":"product","2":"type-product","3":"status-publish","5":"product_cat-dunya-tarihi","6":"product_cat-tarih","7":"pa_cilt-ciltsiz","8":"pa_tur-kitap","9":"pa_yayinevi-say-yayinlari","10":"pa_yazar-susan-wise-bauer","12":"first","13":"instock","14":"sale","15":"shipping-taxable","16":"purchasable","17":"product-type-simple"},"_links":{"self":[{"href":"https:\/\/roveyayinevi.com.tr\/index.php\/wp-json\/wp\/v2\/product\/703854","targetHints":{"allow":["GET"]}}],"collection":[{"href":"https:\/\/roveyayinevi.com.tr\/index.php\/wp-json\/wp\/v2\/product"}],"about":[{"href":"https:\/\/roveyayinevi.com.tr\/index.php\/wp-json\/wp\/v2\/types\/product"}],"wp:attachment":[{"href":"https:\/\/roveyayinevi.com.tr\/index.php\/wp-json\/wp\/v2\/media?parent=703854"}],"wp:term":[{"taxonomy":"product_brand","embeddable":true,"href":"https:\/\/roveyayinevi.com.tr\/index.php\/wp-json\/wp\/v2\/product_brand?post=703854"},{"taxonomy":"product_cat","embeddable":true,"href":"https:\/\/roveyayinevi.com.tr\/index.php\/wp-json\/wp\/v2\/product_cat?post=703854"},{"taxonomy":"product_tag","embeddable":true,"href":"https:\/\/roveyayinevi.com.tr\/index.php\/wp-json\/wp\/v2\/product_tag?post=703854"}],"curies":[{"name":"wp","href":"https:\/\/api.w.org\/{rel}","templated":true}]}}