{"id":703853,"date":"2025-08-27T15:29:48","date_gmt":"2025-08-27T12:29:48","guid":{"rendered":"https:\/\/roveyayinevi.com.tr\/index.php\/urun\/dunyadan-turkiyeye-iktisattan-siyasete\/"},"modified":"2026-04-16T02:13:01","modified_gmt":"2026-04-15T23:13:01","slug":"dunyadan-turkiyeye-iktisattan-siyasete","status":"publish","type":"product","link":"https:\/\/roveyayinevi.com.tr\/index.php\/urun\/dunyadan-turkiyeye-iktisattan-siyasete\/","title":{"rendered":"D\u00fcnyadan T\u00fcrkiye&#8217;ye, \u0130ktisattan Siyasete"},"content":{"rendered":"<p>Ankara \u00dcniversitesi Siyasal Bilgiler Fak\u00fcltesi \u0130ktisat B\u00f6l\u00fcm\u00fc emekli \u00f6\u011fretim \u00fcyesi Korkut Boratav, sadece iktisat alan\u0131nda de\u011fil, sosyal bilimlerin farkl\u0131 disiplinlerinde \u00e7ok \u00f6nemli katk\u0131lar yapm\u0131\u015f d\u00fcnya \u00e7ap\u0131nda bir bilim insan\u0131d\u0131r. \u00d6rnek bir \u00e7al\u0131\u015fkanl\u0131kla \u00fcretimini s\u00fcrd\u00fcren \u201chocalar\u0131n hocas\u0131\u201d Boratav, bu kitapta, son y\u0131llarda yazd\u0131\u011f\u0131 makalelerden, sundu\u011fu bildirilerden ve verdi\u011fi r\u00f6portajlardan bir b\u00f6l\u00fcm\u00fcn\u00fc bir araya getiriyor. Yar\u0131m y\u00fczy\u0131l\u0131 a\u015fk\u0131n bir s\u00fcre i\u00e7inde edindi\u011fi birikimle ve \u00f6z\u00fcmseyerek olaylara\/olgulara uygulad\u0131\u011f\u0131 tarih\u00ee maddeci anlay\u0131\u015fla d\u00fcnya ahvaline, memleketin haline \u00e7eviriyor bak\u0131\u015flar\u0131n\u0131. \ufffcTan\u0131t\u0131m Metni<\/p>\n","protected":false},"excerpt":{"rendered":"<p>Ankara \u00dcniversitesi Siyasal Bilgiler Fak\u00fcltesi \u0130ktisat B\u00f6l\u00fcm\u00fc emekli \u00f6\u011fretim \u00fcyesi Korkut Boratav, sadece iktisat alan\u0131nda de\u011fil, sosyal bilimlerin farkl\u0131 disiplinlerinde \u00e7ok \u00f6nemli katk\u0131lar yapm\u0131\u015f d\u00fcnya \u00e7ap\u0131nda<span class=\"excerpt-hellip\"> [\u2026]<\/span><\/p>\n","protected":false},"featured_media":0,"template":"","meta":{"_monsterinsights_skip_tracking":false,"_monsterinsights_sitenote_active":false,"_monsterinsights_sitenote_note":"","_monsterinsights_sitenote_category":0},"product_brand":[],"product_cat":[13059,12337],"product_tag":[],"class_list":{"0":"post-703853","1":"product","2":"type-product","3":"status-publish","5":"product_cat-diger-politika-siyaset","6":"product_cat-politika-siyaset","7":"pa_tur-kitap","8":"pa_yayinevi-yordam-kitap","9":"pa_yazar-korkut-boratav","11":"first","12":"instock","13":"sale","14":"shipping-taxable","15":"purchasable","16":"product-type-simple"},"_links":{"self":[{"href":"https:\/\/roveyayinevi.com.tr\/index.php\/wp-json\/wp\/v2\/product\/703853","targetHints":{"allow":["GET"]}}],"collection":[{"href":"https:\/\/roveyayinevi.com.tr\/index.php\/wp-json\/wp\/v2\/product"}],"about":[{"href":"https:\/\/roveyayinevi.com.tr\/index.php\/wp-json\/wp\/v2\/types\/product"}],"wp:attachment":[{"href":"https:\/\/roveyayinevi.com.tr\/index.php\/wp-json\/wp\/v2\/media?parent=703853"}],"wp:term":[{"taxonomy":"product_brand","embeddable":true,"href":"https:\/\/roveyayinevi.com.tr\/index.php\/wp-json\/wp\/v2\/product_brand?post=703853"},{"taxonomy":"product_cat","embeddable":true,"href":"https:\/\/roveyayinevi.com.tr\/index.php\/wp-json\/wp\/v2\/product_cat?post=703853"},{"taxonomy":"product_tag","embeddable":true,"href":"https:\/\/roveyayinevi.com.tr\/index.php\/wp-json\/wp\/v2\/product_tag?post=703853"}],"curies":[{"name":"wp","href":"https:\/\/api.w.org\/{rel}","templated":true}]}}