{"id":703849,"date":"2025-08-27T15:29:47","date_gmt":"2025-08-27T12:29:47","guid":{"rendered":"https:\/\/roveyayinevi.com.tr\/index.php\/urun\/ilk-ask\/"},"modified":"2026-04-16T02:13:01","modified_gmt":"2026-04-15T23:13:01","slug":"ilk-ask","status":"publish","type":"product","link":"https:\/\/roveyayinevi.com.tr\/index.php\/urun\/ilk-ask\/","title":{"rendered":"\u0130lk A\u015fk"},"content":{"rendered":"<p>\u201cAyn\u0131 tahta s\u0131rada oturuyorduk. Ayn\u0131 s\u0131n\u0131ftand\u0131k\u2026 Teneff\u00fcs zili \u00e7ald\u0131\u011f\u0131nda pamuk \u015fekerciye ko\u015fard\u0131k. Sa\u00e7lar\u0131 k\u0131v\u0131rc\u0131kt\u0131\u2026G\u0131vr\u0131\u015f\u0131h derdi \u00e7ocuklar. G\u0131vr\u0131\u015f\u0131h Sevim\u2026\u201d <\/p>\n","protected":false},"excerpt":{"rendered":"<p>\u201cAyn\u0131 tahta s\u0131rada oturuyorduk. Ayn\u0131 s\u0131n\u0131ftand\u0131k\u2026 Teneff\u00fcs zili \u00e7ald\u0131\u011f\u0131nda pamuk \u015fekerciye ko\u015fard\u0131k. Sa\u00e7lar\u0131 k\u0131v\u0131rc\u0131kt\u0131\u2026G\u0131vr\u0131\u015f\u0131h derdi \u00e7ocuklar. G\u0131vr\u0131\u015f\u0131h Sevim\u2026\u201d<\/p>\n","protected":false},"featured_media":0,"template":"","meta":{"_monsterinsights_skip_tracking":false,"_monsterinsights_sitenote_active":false,"_monsterinsights_sitenote_note":"","_monsterinsights_sitenote_category":0},"product_brand":[],"product_cat":[12291,12711],"product_tag":[],"class_list":{"0":"post-703849","1":"product","2":"type-product","3":"status-publish","5":"product_cat-edebiyat","6":"product_cat-roman-oyku","7":"pa_tur-kitap","8":"pa_yayinevi-profil-kitap","9":"pa_yazar-sadik-yalsizucanlar","11":"first","12":"instock","13":"sale","14":"shipping-taxable","15":"purchasable","16":"product-type-simple"},"_links":{"self":[{"href":"https:\/\/roveyayinevi.com.tr\/index.php\/wp-json\/wp\/v2\/product\/703849","targetHints":{"allow":["GET"]}}],"collection":[{"href":"https:\/\/roveyayinevi.com.tr\/index.php\/wp-json\/wp\/v2\/product"}],"about":[{"href":"https:\/\/roveyayinevi.com.tr\/index.php\/wp-json\/wp\/v2\/types\/product"}],"wp:attachment":[{"href":"https:\/\/roveyayinevi.com.tr\/index.php\/wp-json\/wp\/v2\/media?parent=703849"}],"wp:term":[{"taxonomy":"product_brand","embeddable":true,"href":"https:\/\/roveyayinevi.com.tr\/index.php\/wp-json\/wp\/v2\/product_brand?post=703849"},{"taxonomy":"product_cat","embeddable":true,"href":"https:\/\/roveyayinevi.com.tr\/index.php\/wp-json\/wp\/v2\/product_cat?post=703849"},{"taxonomy":"product_tag","embeddable":true,"href":"https:\/\/roveyayinevi.com.tr\/index.php\/wp-json\/wp\/v2\/product_tag?post=703849"}],"curies":[{"name":"wp","href":"https:\/\/api.w.org\/{rel}","templated":true}]}}