{"id":703847,"date":"2025-08-27T15:29:46","date_gmt":"2025-08-27T12:29:46","guid":{"rendered":"https:\/\/roveyayinevi.com.tr\/index.php\/urun\/cizgilerle-ateistin-el-kitabi\/"},"modified":"2026-04-16T02:13:01","modified_gmt":"2026-04-15T23:13:01","slug":"cizgilerle-ateistin-el-kitabi","status":"publish","type":"product","link":"https:\/\/roveyayinevi.com.tr\/index.php\/urun\/cizgilerle-ateistin-el-kitabi\/","title":{"rendered":"\u00c7izgilerle Ateistin El Kitab\u0131"},"content":{"rendered":"<p>Yordam Kitap, \u00c7izgilerle Lenin, \u00c7izgilerle Felsefe ve \u00c7izgilerle Kapitalizmin Korkun\u00e7 Tarihi kitaplar\u0131na yeni bir Rius kitab\u0131 daha ekliyor. Meksikal\u0131 Marksist \u00e7izer Rius (Eduardo Humberto del Rio Garcia) \u00c7izgilerle Ateistin El Kitab\u0131\u2019nda dinlerin, \u00f6zelde de H\u0131ristiyanl\u0131\u011f\u0131n tarihini anlat\u0131yor. B\u00fct\u00fcn dinlerin egemen s\u0131n\u0131flar taraf\u0131ndan nas\u0131l kullan\u0131ld\u0131\u011f\u0131n\u0131, insanlar\u0131 baz\u0131 \u015feylere inand\u0131rman\u0131n s\u00f6m\u00fcr\u00fc d\u00fczeninin \u201cbekas\u0131n\u0131\u201d nas\u0131l sa\u011flad\u0131\u011f\u0131n\u0131 \u00f6rneklerle ve tarihsel referanslarla g\u00f6steriyor. \ufffcTan\u0131t\u0131m MetniMeksikal\u0131 Marksist \u00e7izer Rius (Eduardo Humberto del R\u00edo Garc\u00eda RIUS) \u00c7izgilerle Ateistin El Kitab\u0131\u2019nda dinlerin, \u00f6zelde de Hristiyanl\u0131\u011f\u0131n tarihini anlat\u0131yor. B\u00fct\u00fcn dinlerin egemen s\u0131n\u0131flar taraf\u0131ndan nas\u0131l kullan\u0131ld\u0131\u011f\u0131n\u0131, insanlar\u0131 baz\u0131 \u015feylere inand\u0131rman\u0131n s\u00f6m\u00fcr\u00fc d\u00fczeninin \u201cbekas\u0131n\u0131\u201d nas\u0131l sa\u011flad\u0131\u011f\u0131n\u0131 \u00f6rneklerle ve tarihsel referanslarla g\u00f6steriyor. Bir \u00e7ocuk naifli\u011finde \u00e7izgi ve metinlerle, ama teorinin bilge damarlar\u0131ndan beslenerek haz\u0131rlanm\u0131\u015f kitap tarihsel ve teolojik belgelere ra\u011fmen g\u00f6zden ka\u00e7\u0131r\u0131lmaya \u00e7al\u0131\u015f\u0131lan, bu y\u00fczden de pek bilinmeyen \u201cGerilla \u0130sa\u201d fig\u00fcr\u00fcne \u00f6zel bir vurgu yap\u0131yor. \u201cAziz Kilise\u201dnin Romal\u0131lara kar\u015f\u0131 isyan etmi\u015f bir halk \u00f6nderinden nas\u0131l olup da bir  \u201ckurulu d\u00fczene teslimiyet\u201d ikonu yaratt\u0131\u011f\u0131n\u0131 g\u00f6steriyor. Marksizm ve ateizm aras\u0131ndaki ili\u015fkiler s\u0131k\u00e7a tart\u0131\u015f\u0131lan ba\u015fl\u0131klardan biri. Rius\u2019un kitab\u0131 ateizmi Marksizmin ayr\u0131lmaz par\u00e7as\u0131 olarak g\u00f6rmeyi tercih ediyor. \u00c7izgilerle Lenin, \u00c7izgilerle Felsefe, \u00c7izgilerle Kapitalizmin Korkun\u00e7 Tarihi ve \u00c7izgilerle Ekonomi, Yordam Kitap\u2019tan \u00e7\u0131kan di\u011fer Rius kitaplar\u0131&#8230; <\/p>\n","protected":false},"excerpt":{"rendered":"<p>Yordam Kitap, \u00c7izgilerle Lenin, \u00c7izgilerle Felsefe ve \u00c7izgilerle Kapitalizmin Korkun\u00e7 Tarihi kitaplar\u0131na yeni bir Rius kitab\u0131 daha ekliyor. Meksikal\u0131 Marksist \u00e7izer Rius (Eduardo Humberto del Rio<span class=\"excerpt-hellip\"> [\u2026]<\/span><\/p>\n","protected":false},"featured_media":0,"template":"","meta":{"_monsterinsights_skip_tracking":false,"_monsterinsights_sitenote_active":false,"_monsterinsights_sitenote_note":"","_monsterinsights_sitenote_category":0},"product_brand":[],"product_cat":[16382,12718],"product_tag":[],"class_list":{"0":"post-703847","1":"product","2":"type-product","3":"status-publish","5":"product_cat-diger-inanclar","6":"product_cat-din","7":"pa_cilt-ciltsiz","8":"pa_tur-kitap","9":"pa_yayinevi-yordam-kitap","10":"pa_yazar-rius","12":"first","13":"instock","14":"sale","15":"shipping-taxable","16":"purchasable","17":"product-type-simple"},"_links":{"self":[{"href":"https:\/\/roveyayinevi.com.tr\/index.php\/wp-json\/wp\/v2\/product\/703847","targetHints":{"allow":["GET"]}}],"collection":[{"href":"https:\/\/roveyayinevi.com.tr\/index.php\/wp-json\/wp\/v2\/product"}],"about":[{"href":"https:\/\/roveyayinevi.com.tr\/index.php\/wp-json\/wp\/v2\/types\/product"}],"wp:attachment":[{"href":"https:\/\/roveyayinevi.com.tr\/index.php\/wp-json\/wp\/v2\/media?parent=703847"}],"wp:term":[{"taxonomy":"product_brand","embeddable":true,"href":"https:\/\/roveyayinevi.com.tr\/index.php\/wp-json\/wp\/v2\/product_brand?post=703847"},{"taxonomy":"product_cat","embeddable":true,"href":"https:\/\/roveyayinevi.com.tr\/index.php\/wp-json\/wp\/v2\/product_cat?post=703847"},{"taxonomy":"product_tag","embeddable":true,"href":"https:\/\/roveyayinevi.com.tr\/index.php\/wp-json\/wp\/v2\/product_tag?post=703847"}],"curies":[{"name":"wp","href":"https:\/\/api.w.org\/{rel}","templated":true}]}}