{"id":703846,"date":"2025-08-27T15:29:45","date_gmt":"2025-08-27T12:29:45","guid":{"rendered":"https:\/\/roveyayinevi.com.tr\/index.php\/urun\/gunumuzde-yeni-siyasal-yaklasimlar-3\/"},"modified":"2026-04-16T02:13:01","modified_gmt":"2026-04-15T23:13:01","slug":"gunumuzde-yeni-siyasal-yaklasimlar-3","status":"publish","type":"product","link":"https:\/\/roveyayinevi.com.tr\/index.php\/urun\/gunumuzde-yeni-siyasal-yaklasimlar-3\/","title":{"rendered":"G\u00fcn\u00fcm\u00fczde Yeni Siyasal Yakla\u015f\u0131mlar 3"},"content":{"rendered":"<p>Bir at\u00f6lye \u00e7al\u0131\u015fmas\u0131 olarak tasarlanan derlemenin \u00fc\u00e7\u00fcnc\u00fc cildinde kitap \u00fc\u00e7 b\u00f6l\u00fcmden olu\u015fmaktad\u0131r: \u201cKad\u0131n ve Siyaset\u201d, \u201cK\u00fclt\u00fcr ve Toplum\u201d ve \u201cEylem\u201d. \ufffcTan\u0131t\u0131m Metni<\/p>\n","protected":false},"excerpt":{"rendered":"<p>Bir at\u00f6lye \u00e7al\u0131\u015fmas\u0131 olarak tasarlanan derlemenin \u00fc\u00e7\u00fcnc\u00fc cildinde kitap \u00fc\u00e7 b\u00f6l\u00fcmden olu\u015fmaktad\u0131r: \u201cKad\u0131n ve Siyaset\u201d, \u201cK\u00fclt\u00fcr ve Toplum\u201d ve \u201cEylem\u201d. \ufffcTan\u0131t\u0131m Metni<\/p>\n","protected":false},"featured_media":0,"template":"","meta":{"_monsterinsights_skip_tracking":false,"_monsterinsights_sitenote_active":false,"_monsterinsights_sitenote_note":"","_monsterinsights_sitenote_category":0},"product_brand":[],"product_cat":[12351,12324],"product_tag":[],"class_list":{"0":"post-703846","1":"product","2":"type-product","3":"status-publish","5":"product_cat-siyaset-sosyolojisi","6":"product_cat-sosyoloji","7":"pa_cilt-ciltsiz","8":"pa_tur-kitap","9":"pa_yayinevi-dogu-bati-yayinlari","10":"pa_yazar-kolektif","12":"first","13":"instock","14":"sale","15":"shipping-taxable","16":"purchasable","17":"product-type-simple"},"_links":{"self":[{"href":"https:\/\/roveyayinevi.com.tr\/index.php\/wp-json\/wp\/v2\/product\/703846","targetHints":{"allow":["GET"]}}],"collection":[{"href":"https:\/\/roveyayinevi.com.tr\/index.php\/wp-json\/wp\/v2\/product"}],"about":[{"href":"https:\/\/roveyayinevi.com.tr\/index.php\/wp-json\/wp\/v2\/types\/product"}],"wp:attachment":[{"href":"https:\/\/roveyayinevi.com.tr\/index.php\/wp-json\/wp\/v2\/media?parent=703846"}],"wp:term":[{"taxonomy":"product_brand","embeddable":true,"href":"https:\/\/roveyayinevi.com.tr\/index.php\/wp-json\/wp\/v2\/product_brand?post=703846"},{"taxonomy":"product_cat","embeddable":true,"href":"https:\/\/roveyayinevi.com.tr\/index.php\/wp-json\/wp\/v2\/product_cat?post=703846"},{"taxonomy":"product_tag","embeddable":true,"href":"https:\/\/roveyayinevi.com.tr\/index.php\/wp-json\/wp\/v2\/product_tag?post=703846"}],"curies":[{"name":"wp","href":"https:\/\/api.w.org\/{rel}","templated":true}]}}