{"id":703845,"date":"2025-08-27T15:29:45","date_gmt":"2025-08-27T12:29:45","guid":{"rendered":"https:\/\/roveyayinevi.com.tr\/index.php\/urun\/huysuz-ve-ruhsuz\/"},"modified":"2026-04-16T02:13:01","modified_gmt":"2026-04-15T23:13:01","slug":"huysuz-ve-ruhsuz","status":"publish","type":"product","link":"https:\/\/roveyayinevi.com.tr\/index.php\/urun\/huysuz-ve-ruhsuz\/","title":{"rendered":"Huysuz ve Ruhsuz"},"content":{"rendered":"<p>\u0130nad\u0131na A\u015fk dizisinin senaristi Nehir Erdem&#8217;den yepyeni bir a\u015fk hik\u00e2yesi, Huysuz ve Ruhsuz\u2026Sava\u015famad\u0131klar\u0131 Tek \u015eey Tutkular\u0131yd\u0131. Bir kad\u0131n erkeklere kar\u015f\u0131 huysuz, a\u015fka kar\u015f\u0131 acemiyse ortaya b\u00fcy\u00fck bir sorun \u00e7\u0131kabilir. \u00dcstelik o kad\u0131n hem \u00e7ok g\u00fczel, hem de masumsa bu sorun adam\u0131n ba\u015f\u0131na bela olabilir\u2026  Ukala, ruhsuz, kas\u0131nt\u0131 adam. Sinir bozucu pislik. Bencil, kal\u0131n kafal\u0131\u2026  Kal\u0131n kafal\u0131dan sonras\u0131n\u0131 duymayan Ya\u011f\u0131z s\u0131r\u0131tarak m\u0131r\u0131ldand\u0131. Ben de sana deli oluyorum Huysuz hatun\u2026 Ve bir adam kad\u0131nlar konusunda uzman, a\u015fkta ruhsuzsa ortaya b\u00fcy\u00fck bir sorun \u00e7\u0131kabilir. \u00dcstelik o adam yak\u0131\u015f\u0131kl\u0131 ve kar\u015f\u0131 konulmazsa bu sorun \u00e7ok tehlikeli olabilir.<\/p>\n","protected":false},"excerpt":{"rendered":"<p>\u0130nad\u0131na A\u015fk dizisinin senaristi Nehir Erdem&#8217;den yepyeni bir a\u015fk hik\u00e2yesi, Huysuz ve Ruhsuz\u2026Sava\u015famad\u0131klar\u0131 Tek \u015eey Tutkular\u0131yd\u0131. Bir kad\u0131n erkeklere kar\u015f\u0131 huysuz, a\u015fka kar\u015f\u0131 acemiyse ortaya b\u00fcy\u00fck<span class=\"excerpt-hellip\"> [\u2026]<\/span><\/p>\n","protected":false},"featured_media":0,"template":"","meta":{"_monsterinsights_skip_tracking":false,"_monsterinsights_sitenote_active":false,"_monsterinsights_sitenote_note":"","_monsterinsights_sitenote_category":0},"product_brand":[],"product_cat":[12291,12711],"product_tag":[],"class_list":{"0":"post-703845","1":"product","2":"type-product","3":"status-publish","5":"product_cat-edebiyat","6":"product_cat-roman-oyku","7":"pa_cilt-ciltsiz","8":"pa_tur-kitap","9":"pa_yayinevi-muptela-yayinevi","10":"pa_yazar-nehir-erdem","12":"first","13":"instock","14":"sale","15":"shipping-taxable","16":"purchasable","17":"product-type-simple"},"_links":{"self":[{"href":"https:\/\/roveyayinevi.com.tr\/index.php\/wp-json\/wp\/v2\/product\/703845","targetHints":{"allow":["GET"]}}],"collection":[{"href":"https:\/\/roveyayinevi.com.tr\/index.php\/wp-json\/wp\/v2\/product"}],"about":[{"href":"https:\/\/roveyayinevi.com.tr\/index.php\/wp-json\/wp\/v2\/types\/product"}],"wp:attachment":[{"href":"https:\/\/roveyayinevi.com.tr\/index.php\/wp-json\/wp\/v2\/media?parent=703845"}],"wp:term":[{"taxonomy":"product_brand","embeddable":true,"href":"https:\/\/roveyayinevi.com.tr\/index.php\/wp-json\/wp\/v2\/product_brand?post=703845"},{"taxonomy":"product_cat","embeddable":true,"href":"https:\/\/roveyayinevi.com.tr\/index.php\/wp-json\/wp\/v2\/product_cat?post=703845"},{"taxonomy":"product_tag","embeddable":true,"href":"https:\/\/roveyayinevi.com.tr\/index.php\/wp-json\/wp\/v2\/product_tag?post=703845"}],"curies":[{"name":"wp","href":"https:\/\/api.w.org\/{rel}","templated":true}]}}