{"id":703843,"date":"2025-08-27T15:29:44","date_gmt":"2025-08-27T12:29:44","guid":{"rendered":"https:\/\/roveyayinevi.com.tr\/index.php\/urun\/dogum-gunu-armagani\/"},"modified":"2026-04-16T02:13:01","modified_gmt":"2026-04-15T23:13:01","slug":"dogum-gunu-armagani","status":"publish","type":"product","link":"https:\/\/roveyayinevi.com.tr\/index.php\/urun\/dogum-gunu-armagani\/","title":{"rendered":"Do\u011fum G\u00fcn\u00fc Arma\u011fan\u0131"},"content":{"rendered":"<p>Sevil, s\u0131n\u0131f arkada\u015f\u0131 Ye\u015fim\u2019in do\u011fum g\u00fcn\u00fc kutlamas\u0131na gider. Ye\u015fim ve arkada\u015flar\u0131yla e\u011flenirler. Ancak, kutlamaya gelenlerden birinin arma\u011fan getirmedi\u011fi anla\u015f\u0131l\u0131nca ortal\u0131k kar\u0131\u015f\u0131r. Her kafadan bir ses \u00e7\u0131kmakta ve arma\u011fan getirmeyenin kim oldu\u011fu ara\u015ft\u0131r\u0131lmaktad\u0131r. Do\u011fum G\u00fcn\u00fc Arma\u011fan\u0131\u2019nda, bir \u00e7ocu\u011fun ya\u015fad\u0131\u011f\u0131 d\u00fc\u015f k\u0131r\u0131kl\u0131\u011f\u0131n\u0131n yan\u0131s\u0131ra, ger\u00e7ek dostluk ve arkada\u015fl\u0131\u011f\u0131n \u00f6yk\u00fcs\u00fc anlat\u0131l\u0131yor. \ufffcTan\u0131t\u0131m Metni<\/p>\n","protected":false},"excerpt":{"rendered":"<p>Sevil, s\u0131n\u0131f arkada\u015f\u0131 Ye\u015fim\u2019in do\u011fum g\u00fcn\u00fc kutlamas\u0131na gider. Ye\u015fim ve arkada\u015flar\u0131yla e\u011flenirler. Ancak, kutlamaya gelenlerden birinin arma\u011fan getirmedi\u011fi anla\u015f\u0131l\u0131nca ortal\u0131k kar\u0131\u015f\u0131r. Her kafadan bir ses \u00e7\u0131kmakta<span class=\"excerpt-hellip\"> [\u2026]<\/span><\/p>\n","protected":false},"featured_media":0,"template":"","meta":{"_monsterinsights_skip_tracking":false,"_monsterinsights_sitenote_active":false,"_monsterinsights_sitenote_note":"","_monsterinsights_sitenote_category":0},"product_brand":[],"product_cat":[12274,12284],"product_tag":[],"class_list":{"0":"post-703843","1":"product","2":"type-product","3":"status-publish","5":"product_cat-cocuk-ve-genclik-kitaplari","6":"product_cat-hikayeler","7":"pa_cilt-ciltsiz","8":"pa_tur-kitap","9":"pa_yayinevi-say-cocuk","10":"pa_yazar-gulsum-cengiz","12":"first","13":"instock","14":"sale","15":"shipping-taxable","16":"purchasable","17":"product-type-simple"},"_links":{"self":[{"href":"https:\/\/roveyayinevi.com.tr\/index.php\/wp-json\/wp\/v2\/product\/703843","targetHints":{"allow":["GET"]}}],"collection":[{"href":"https:\/\/roveyayinevi.com.tr\/index.php\/wp-json\/wp\/v2\/product"}],"about":[{"href":"https:\/\/roveyayinevi.com.tr\/index.php\/wp-json\/wp\/v2\/types\/product"}],"wp:attachment":[{"href":"https:\/\/roveyayinevi.com.tr\/index.php\/wp-json\/wp\/v2\/media?parent=703843"}],"wp:term":[{"taxonomy":"product_brand","embeddable":true,"href":"https:\/\/roveyayinevi.com.tr\/index.php\/wp-json\/wp\/v2\/product_brand?post=703843"},{"taxonomy":"product_cat","embeddable":true,"href":"https:\/\/roveyayinevi.com.tr\/index.php\/wp-json\/wp\/v2\/product_cat?post=703843"},{"taxonomy":"product_tag","embeddable":true,"href":"https:\/\/roveyayinevi.com.tr\/index.php\/wp-json\/wp\/v2\/product_tag?post=703843"}],"curies":[{"name":"wp","href":"https:\/\/api.w.org\/{rel}","templated":true}]}}