{"id":703841,"date":"2025-08-27T15:29:43","date_gmt":"2025-08-27T12:29:43","guid":{"rendered":"https:\/\/roveyayinevi.com.tr\/index.php\/urun\/demir-okce-3\/"},"modified":"2026-04-16T02:13:01","modified_gmt":"2026-04-15T23:13:01","slug":"demir-okce-3","status":"publish","type":"product","link":"https:\/\/roveyayinevi.com.tr\/index.php\/urun\/demir-okce-3\/","title":{"rendered":"Demir \u00d6k\u00e7e"},"content":{"rendered":"<p>\u201cS\u00f6zlerimin hi\u00e7birinin sizi etkileyece\u011fini sanm\u0131yorum,\u201d dedi.\u201c\u00c7\u00fcnk\u00fc sizde etkilenecek ruh yok. Siz, omurgas\u0131z, solucan gibi birer yarat\u0131ks\u0131n\u0131z. Burnunuz havada, Demokrat\u0131z, Cumhuriyet\u00e7iyiz, diyorsunuz\u2026 Siz, t\u00fck\u00fcr\u00fck yalay\u0131c\u0131 asalak yarat\u0131klars\u0131n\u0131z. Pl\u00fctokrasinin kuklalar\u0131s\u0131n\u0131z siz. S\u0131rt\u0131n\u0131zda Demir \u00d6k\u00e7e\u2019nin kan k\u0131rm\u0131z\u0131 u\u015fak \u00fcniformas\u0131yla kalkm\u0131\u015f \u00f6zg\u00fcrl\u00fck a\u015fk\u0131 denen modas\u0131 ge\u00e7mi\u015f s\u00f6zler kullan\u0131yorsunuz.\u201d <\/p>\n","protected":false},"excerpt":{"rendered":"<p>\u201cS\u00f6zlerimin hi\u00e7birinin sizi etkileyece\u011fini sanm\u0131yorum,\u201d dedi.\u201c\u00c7\u00fcnk\u00fc sizde etkilenecek ruh yok. Siz, omurgas\u0131z, solucan gibi birer yarat\u0131ks\u0131n\u0131z. Burnunuz havada, Demokrat\u0131z, Cumhuriyet\u00e7iyiz, diyorsunuz\u2026 Siz, t\u00fck\u00fcr\u00fck yalay\u0131c\u0131 asalak yarat\u0131klars\u0131n\u0131z.<span class=\"excerpt-hellip\"> [\u2026]<\/span><\/p>\n","protected":false},"featured_media":0,"template":"","meta":{"_monsterinsights_skip_tracking":false,"_monsterinsights_sitenote_active":false,"_monsterinsights_sitenote_note":"","_monsterinsights_sitenote_category":0},"product_brand":[],"product_cat":[12312,12304],"product_tag":[],"class_list":{"0":"post-703841","1":"product","2":"type-product","3":"status-publish","5":"product_cat-diger","6":"product_cat-tarih","7":"pa_cilt-ciltsiz","8":"pa_tur-kitap","9":"pa_yayinevi-ithaki-yayinlari","10":"pa_yazar-jack-london","12":"first","13":"instock","14":"sale","15":"shipping-taxable","16":"purchasable","17":"product-type-simple"},"_links":{"self":[{"href":"https:\/\/roveyayinevi.com.tr\/index.php\/wp-json\/wp\/v2\/product\/703841","targetHints":{"allow":["GET"]}}],"collection":[{"href":"https:\/\/roveyayinevi.com.tr\/index.php\/wp-json\/wp\/v2\/product"}],"about":[{"href":"https:\/\/roveyayinevi.com.tr\/index.php\/wp-json\/wp\/v2\/types\/product"}],"wp:attachment":[{"href":"https:\/\/roveyayinevi.com.tr\/index.php\/wp-json\/wp\/v2\/media?parent=703841"}],"wp:term":[{"taxonomy":"product_brand","embeddable":true,"href":"https:\/\/roveyayinevi.com.tr\/index.php\/wp-json\/wp\/v2\/product_brand?post=703841"},{"taxonomy":"product_cat","embeddable":true,"href":"https:\/\/roveyayinevi.com.tr\/index.php\/wp-json\/wp\/v2\/product_cat?post=703841"},{"taxonomy":"product_tag","embeddable":true,"href":"https:\/\/roveyayinevi.com.tr\/index.php\/wp-json\/wp\/v2\/product_tag?post=703841"}],"curies":[{"name":"wp","href":"https:\/\/api.w.org\/{rel}","templated":true}]}}