{"id":703838,"date":"2025-08-27T15:29:42","date_gmt":"2025-08-27T12:29:42","guid":{"rendered":"https:\/\/roveyayinevi.com.tr\/index.php\/urun\/bir-zamanlar-mulkiye\/"},"modified":"2026-04-16T02:13:01","modified_gmt":"2026-04-15T23:13:01","slug":"bir-zamanlar-mulkiye","status":"publish","type":"product","link":"https:\/\/roveyayinevi.com.tr\/index.php\/urun\/bir-zamanlar-mulkiye\/","title":{"rendered":"Bir Zamanlar M\u00fclkiye"},"content":{"rendered":"<p>\u201cBir zamanlar\u201d diye hikaye edilen 1964-1970 d\u00f6nemi, bir s\u00f6ylenceye d\u00f6n\u00fc\u015fen 68\u2019lili\u011fi yaratan \u00dcniversite i\u015fgalleri ve yo\u011fun \u00f6\u011frenci hareketlerini i\u00e7eren \u00e7ok hareketli bir d\u00f6nem. Sava\u015f\u2019\u0131n an\u0131lar\u0131, \u015fakac\u0131 dili ve iyimser \u00fcslubunun yaratt\u0131\u011f\u0131 ne\u015feli havan\u0131n i\u00e7inde t\u00fcrl\u00fc zorluklar\u0131n, s\u0131k\u0131nt\u0131lar\u0131n, kadir bilmezliklerin, hoyratl\u0131klar\u0131n \u00fcretti\u011fi ac\u0131lar\u0131n da izlerini ta\u015f\u0131yor. O gen\u00e7 ya\u015f\u0131m\u0131zda nas\u0131l diren\u00e7li oldu\u011fumuzu, s\u0131k\u0131nt\u0131 ve zorluklara kar\u015f\u0131n ya\u015fama sevincimizle ve t\u00fcm safl\u0131\u011f\u0131m\u0131zla nas\u0131l direndi\u011fimizi de anlat\u0131yor. \ufffcTan\u0131t\u0131m Metni<\/p>\n","protected":false},"excerpt":{"rendered":"<p>\u201cBir zamanlar\u201d diye hikaye edilen 1964-1970 d\u00f6nemi, bir s\u00f6ylenceye d\u00f6n\u00fc\u015fen 68\u2019lili\u011fi yaratan \u00dcniversite i\u015fgalleri ve yo\u011fun \u00f6\u011frenci hareketlerini i\u00e7eren \u00e7ok hareketli bir d\u00f6nem. Sava\u015f\u2019\u0131n an\u0131lar\u0131, \u015fakac\u0131<span class=\"excerpt-hellip\"> [\u2026]<\/span><\/p>\n","protected":false},"featured_media":0,"template":"","meta":{"_monsterinsights_skip_tracking":false,"_monsterinsights_sitenote_active":false,"_monsterinsights_sitenote_note":"","_monsterinsights_sitenote_category":0},"product_brand":[],"product_cat":[12304,14128],"product_tag":[],"class_list":{"0":"post-703838","1":"product","2":"type-product","3":"status-publish","5":"product_cat-tarih","6":"product_cat-yakin-tarih","7":"pa_cilt-ciltsiz","8":"pa_tur-kitap","9":"pa_yayinevi-ayrinti-yayinlari","10":"pa_yazar-savas-dizdar","12":"first","13":"instock","14":"sale","15":"shipping-taxable","16":"purchasable","17":"product-type-simple"},"_links":{"self":[{"href":"https:\/\/roveyayinevi.com.tr\/index.php\/wp-json\/wp\/v2\/product\/703838","targetHints":{"allow":["GET"]}}],"collection":[{"href":"https:\/\/roveyayinevi.com.tr\/index.php\/wp-json\/wp\/v2\/product"}],"about":[{"href":"https:\/\/roveyayinevi.com.tr\/index.php\/wp-json\/wp\/v2\/types\/product"}],"wp:attachment":[{"href":"https:\/\/roveyayinevi.com.tr\/index.php\/wp-json\/wp\/v2\/media?parent=703838"}],"wp:term":[{"taxonomy":"product_brand","embeddable":true,"href":"https:\/\/roveyayinevi.com.tr\/index.php\/wp-json\/wp\/v2\/product_brand?post=703838"},{"taxonomy":"product_cat","embeddable":true,"href":"https:\/\/roveyayinevi.com.tr\/index.php\/wp-json\/wp\/v2\/product_cat?post=703838"},{"taxonomy":"product_tag","embeddable":true,"href":"https:\/\/roveyayinevi.com.tr\/index.php\/wp-json\/wp\/v2\/product_tag?post=703838"}],"curies":[{"name":"wp","href":"https:\/\/api.w.org\/{rel}","templated":true}]}}