{"id":703837,"date":"2025-08-27T15:29:42","date_gmt":"2025-08-27T12:29:42","guid":{"rendered":"https:\/\/roveyayinevi.com.tr\/index.php\/urun\/unutmanin-kitabi\/"},"modified":"2026-04-16T02:13:00","modified_gmt":"2026-04-15T23:13:00","slug":"unutmanin-kitabi","status":"publish","type":"product","link":"https:\/\/roveyayinevi.com.tr\/index.php\/urun\/unutmanin-kitabi\/","title":{"rendered":"Unutman\u0131n Kitab\u0131"},"content":{"rendered":"<p>Neden r\u00fcyalar\u0131m\u0131z\u0131 hat\u0131rlamakta zorlan\u0131r\u0131z? Bast\u0131r\u0131lm\u0131\u015f an\u0131lara ne olur? Belle\u011fimiz \u00fczerinde daha \u00e7ok s\u00f6z sahibi olmak m\u00fcmk\u00fcn m\u00fc? Peki bunu ister miyiz? \ufffc<\/p>\n","protected":false},"excerpt":{"rendered":"<p>Neden r\u00fcyalar\u0131m\u0131z\u0131 hat\u0131rlamakta zorlan\u0131r\u0131z? Bast\u0131r\u0131lm\u0131\u015f an\u0131lara ne olur? Belle\u011fimiz \u00fczerinde daha \u00e7ok s\u00f6z sahibi olmak m\u00fcmk\u00fcn m\u00fc? Peki bunu ister miyiz? \ufffc<\/p>\n","protected":false},"featured_media":0,"template":"","meta":{"_monsterinsights_skip_tracking":false,"_monsterinsights_sitenote_active":false,"_monsterinsights_sitenote_note":"","_monsterinsights_sitenote_category":0},"product_brand":[],"product_cat":[12358,12357],"product_tag":[],"class_list":{"0":"post-703837","1":"product","2":"type-product","3":"status-publish","5":"product_cat-genel-psikoloji","6":"product_cat-psikoloji","7":"pa_cilt-ciltsiz","8":"pa_tur-kitap","9":"pa_yayinevi-yapi-kredi-yayinlari","10":"pa_yazar-douwe-draaisma","12":"first","13":"instock","14":"sale","15":"shipping-taxable","16":"purchasable","17":"product-type-simple"},"_links":{"self":[{"href":"https:\/\/roveyayinevi.com.tr\/index.php\/wp-json\/wp\/v2\/product\/703837","targetHints":{"allow":["GET"]}}],"collection":[{"href":"https:\/\/roveyayinevi.com.tr\/index.php\/wp-json\/wp\/v2\/product"}],"about":[{"href":"https:\/\/roveyayinevi.com.tr\/index.php\/wp-json\/wp\/v2\/types\/product"}],"wp:attachment":[{"href":"https:\/\/roveyayinevi.com.tr\/index.php\/wp-json\/wp\/v2\/media?parent=703837"}],"wp:term":[{"taxonomy":"product_brand","embeddable":true,"href":"https:\/\/roveyayinevi.com.tr\/index.php\/wp-json\/wp\/v2\/product_brand?post=703837"},{"taxonomy":"product_cat","embeddable":true,"href":"https:\/\/roveyayinevi.com.tr\/index.php\/wp-json\/wp\/v2\/product_cat?post=703837"},{"taxonomy":"product_tag","embeddable":true,"href":"https:\/\/roveyayinevi.com.tr\/index.php\/wp-json\/wp\/v2\/product_tag?post=703837"}],"curies":[{"name":"wp","href":"https:\/\/api.w.org\/{rel}","templated":true}]}}