{"id":703835,"date":"2025-08-27T15:29:34","date_gmt":"2025-08-27T12:29:34","guid":{"rendered":"https:\/\/roveyayinevi.com.tr\/index.php\/urun\/liberhell\/"},"modified":"2026-04-16T02:13:00","modified_gmt":"2026-04-15T23:13:00","slug":"liberhell","status":"publish","type":"product","link":"https:\/\/roveyayinevi.com.tr\/index.php\/urun\/liberhell\/","title":{"rendered":"Liberhell"},"content":{"rendered":"<p>Mahmut E\u015fitmez ilk roman\u0131 Liberhell&#8217;de, d\u00fcnyan\u0131n topyekun bir u\u00e7uruma s\u00fcr\u00fcklendi\u011fi, bask\u0131 ve despotlu\u011fun yeni bi\u00e7imlere b\u00fcr\u00fcnd\u00fc\u011f\u00fc, herkesin her \u015feyden \u015f\u00fcphelendi\u011fi bir \u00e7a\u011fda y\u00f6n\u00fcn\u00fc bulmaya \u00e7al\u0131\u015fan insanlar\u0131n bir kentin i\u00e7ine s\u0131k\u0131\u015fm\u0131\u015f hikayesini anlat\u0131yor. Kent insanlar\u0131 ge\u00e7mi\u015ften kopar\u0131lm\u0131\u015f, gelece\u011fe umutla bakmaktan \u00e7ok uzaklar. \u00d6zg\u00fcrl\u00fck kavram\u0131n\u0131n neredeyse anlam\u0131n\u0131 tamamen yitirdi\u011fi bir d\u00f6nemde, kentin bir k\u00f6\u015fesinde kendili\u011finden olu\u015fmu\u015f bir paralel ya\u015fam tarz\u0131 olan Liberhell insanlara a\u011f\u0131r bedelleri olan bir \u00f6zg\u00fcrl\u00fck imgesi sunuyor. <\/p>\n","protected":false},"excerpt":{"rendered":"<p>Mahmut E\u015fitmez ilk roman\u0131 Liberhell&#8217;de, d\u00fcnyan\u0131n topyekun bir u\u00e7uruma s\u00fcr\u00fcklendi\u011fi, bask\u0131 ve despotlu\u011fun yeni bi\u00e7imlere b\u00fcr\u00fcnd\u00fc\u011f\u00fc, herkesin her \u015feyden \u015f\u00fcphelendi\u011fi bir \u00e7a\u011fda y\u00f6n\u00fcn\u00fc bulmaya \u00e7al\u0131\u015fan insanlar\u0131n<span class=\"excerpt-hellip\"> [\u2026]<\/span><\/p>\n","protected":false},"featured_media":0,"template":"","meta":{"_monsterinsights_skip_tracking":false,"_monsterinsights_sitenote_active":false,"_monsterinsights_sitenote_note":"","_monsterinsights_sitenote_category":0},"product_brand":[],"product_cat":[12291,12711],"product_tag":[],"class_list":{"0":"post-703835","1":"product","2":"type-product","3":"status-publish","5":"product_cat-edebiyat","6":"product_cat-roman-oyku","7":"pa_cilt-ciltsiz","8":"pa_tur-kitap","9":"pa_yayinevi-ayrinti-yayinlari","10":"pa_yazar-mahmut-esitmez","12":"first","13":"instock","14":"sale","15":"shipping-taxable","16":"purchasable","17":"product-type-simple"},"_links":{"self":[{"href":"https:\/\/roveyayinevi.com.tr\/index.php\/wp-json\/wp\/v2\/product\/703835","targetHints":{"allow":["GET"]}}],"collection":[{"href":"https:\/\/roveyayinevi.com.tr\/index.php\/wp-json\/wp\/v2\/product"}],"about":[{"href":"https:\/\/roveyayinevi.com.tr\/index.php\/wp-json\/wp\/v2\/types\/product"}],"wp:attachment":[{"href":"https:\/\/roveyayinevi.com.tr\/index.php\/wp-json\/wp\/v2\/media?parent=703835"}],"wp:term":[{"taxonomy":"product_brand","embeddable":true,"href":"https:\/\/roveyayinevi.com.tr\/index.php\/wp-json\/wp\/v2\/product_brand?post=703835"},{"taxonomy":"product_cat","embeddable":true,"href":"https:\/\/roveyayinevi.com.tr\/index.php\/wp-json\/wp\/v2\/product_cat?post=703835"},{"taxonomy":"product_tag","embeddable":true,"href":"https:\/\/roveyayinevi.com.tr\/index.php\/wp-json\/wp\/v2\/product_tag?post=703835"}],"curies":[{"name":"wp","href":"https:\/\/api.w.org\/{rel}","templated":true}]}}