{"id":703832,"date":"2025-08-27T15:29:33","date_gmt":"2025-08-27T12:29:33","guid":{"rendered":"https:\/\/roveyayinevi.com.tr\/index.php\/urun\/insan-ne-ile-yasar-9\/"},"modified":"2026-04-16T02:13:00","modified_gmt":"2026-04-15T23:13:00","slug":"insan-ne-ile-yasar-9","status":"publish","type":"product","link":"https:\/\/roveyayinevi.com.tr\/index.php\/urun\/insan-ne-ile-yasar-9\/","title":{"rendered":"\u0130nsan Ne ile Ya\u015far?"},"content":{"rendered":"<p>D\u00fcnya edebiyat\u0131n\u0131n en \u00f6nemli hik\u00e2yesi.\u201d  James JoyceTolstoy\u2019un, \u201chalk i\u00e7in yap\u0131lan bir edebiyat nas\u0131l olmal\u0131\u201d tart\u0131\u015fmalar\u0131na yan\u0131t olarak kaleme ald\u0131\u011f\u0131 hik\u00e2yeler b\u00fct\u00fcn d\u00fcnyada s\u00fcrekli bir esin kayna\u011f\u0131 olmu\u015ftur. Konular\u0131n\u0131 daha \u00e7ok Kutsal Kitap metinlerinden ve halk hik\u00e2yelerinden alan Tolstoy, bu hik\u00e2yelerinde insanl\u0131\u011f\u0131 do\u011frulu\u011fa, d\u00fcr\u00fcstl\u00fc\u011fe, sevgiye davet eder. \u201c\u0130nsan ne ile ya\u015far?\u201d unutulmaz hik\u00e2yeler aras\u0131na girerken, \u201cBir insana ne kadar toprak laz\u0131m?\u201d adl\u0131 hik\u00e2ye James Joyce taraf\u0131ndan \u00f6v\u00fclm\u00fc\u015f, Wittgenstein\u2019\u0131n sevdi\u011fi hik\u00e2yeler aras\u0131nda yer alm\u0131\u015ft\u0131r. Bu hik\u00e2yelerin kahramanlar\u0131 genellikle soylular de\u011fil, yoksul insanlard\u0131r ve \u201cMum\u201d adl\u0131 hik\u00e2yede oldu\u011fu gibi halk\u0131n angarya ve zorbal\u0131\u011fa kar\u015f\u0131 \u00f6fkesi \u00e7ok a\u00e7\u0131k ifadelerle verilir. Rus\u00e7a asl\u0131ndan \u00e7evrilen bu derleme, g\u00fcn\u00fcm\u00fczde de Tolstoy\u2019un d\u00fc\u015f\u00fcncesinin ve hayat\u0131n\u0131n merkezi olarak ziyaret edilen Yasnaya Polyana M\u00fczesi y\u00f6neticilerinden Galina Alekseyeva\u2019n\u0131n \u00f6ns\u00f6z\u00fcyle sunuluyor.<\/p>\n","protected":false},"excerpt":{"rendered":"<p>D\u00fcnya edebiyat\u0131n\u0131n en \u00f6nemli hik\u00e2yesi.\u201d James JoyceTolstoy\u2019un, \u201chalk i\u00e7in yap\u0131lan bir edebiyat nas\u0131l olmal\u0131\u201d tart\u0131\u015fmalar\u0131na yan\u0131t olarak kaleme ald\u0131\u011f\u0131 hik\u00e2yeler b\u00fct\u00fcn d\u00fcnyada s\u00fcrekli bir esin kayna\u011f\u0131<span class=\"excerpt-hellip\"> [\u2026]<\/span><\/p>\n","protected":false},"featured_media":0,"template":"","meta":{"_monsterinsights_skip_tracking":false,"_monsterinsights_sitenote_active":false,"_monsterinsights_sitenote_note":"","_monsterinsights_sitenote_category":0},"product_brand":[],"product_cat":[12291,13570],"product_tag":[],"class_list":{"0":"post-703832","1":"product","2":"type-product","3":"status-publish","5":"product_cat-edebiyat","6":"product_cat-rus-edebiyati","7":"pa_cilt-ciltsiz","8":"pa_tur-kitap","9":"pa_yayinevi-alfa-yayinlari","10":"pa_yazar-lev-nikolayevic-tolstoy","12":"first","13":"instock","14":"sale","15":"shipping-taxable","16":"purchasable","17":"product-type-simple"},"_links":{"self":[{"href":"https:\/\/roveyayinevi.com.tr\/index.php\/wp-json\/wp\/v2\/product\/703832","targetHints":{"allow":["GET"]}}],"collection":[{"href":"https:\/\/roveyayinevi.com.tr\/index.php\/wp-json\/wp\/v2\/product"}],"about":[{"href":"https:\/\/roveyayinevi.com.tr\/index.php\/wp-json\/wp\/v2\/types\/product"}],"wp:attachment":[{"href":"https:\/\/roveyayinevi.com.tr\/index.php\/wp-json\/wp\/v2\/media?parent=703832"}],"wp:term":[{"taxonomy":"product_brand","embeddable":true,"href":"https:\/\/roveyayinevi.com.tr\/index.php\/wp-json\/wp\/v2\/product_brand?post=703832"},{"taxonomy":"product_cat","embeddable":true,"href":"https:\/\/roveyayinevi.com.tr\/index.php\/wp-json\/wp\/v2\/product_cat?post=703832"},{"taxonomy":"product_tag","embeddable":true,"href":"https:\/\/roveyayinevi.com.tr\/index.php\/wp-json\/wp\/v2\/product_tag?post=703832"}],"curies":[{"name":"wp","href":"https:\/\/api.w.org\/{rel}","templated":true}]}}