{"id":703826,"date":"2025-08-27T15:29:30","date_gmt":"2025-08-27T12:29:30","guid":{"rendered":"https:\/\/roveyayinevi.com.tr\/index.php\/urun\/amerikan-vampiri-cilt-1\/"},"modified":"2026-04-16T02:13:00","modified_gmt":"2026-04-15T23:13:00","slug":"amerikan-vampiri-cilt-1","status":"publish","type":"product","link":"https:\/\/roveyayinevi.com.tr\/index.php\/urun\/amerikan-vampiri-cilt-1\/","title":{"rendered":"Amerikan Vampiri &#8211; Cilt 1"},"content":{"rendered":"<p>Yeni Bir Y\u00fczy\u0131l \u0130\u00e7in Yeni Bir Vampir Kurnaz, ac\u0131mas\u0131z ve zehirli bir y\u0131lan kadar tehlikeli Skinner Sweet, kabal\u0131\u011f\u0131yla oldu\u011fu kadar inat\u00e7\u0131l\u0131\u011f\u0131yla da \u00fcn salm\u0131\u015ft\u0131r. Fakat Amerikan topraklar\u0131nda rastlanan ilk vampir olan Sweet, al\u0131\u015f\u0131lagelmi\u015f gece yarat\u0131klar\u0131ndan biri de\u011fildir. Daha g\u00fc\u00e7l\u00fc, daha az\u0131l\u0131 bir vampir olan ve g\u00fcc\u00fcn\u00fc g\u00fcne\u015ften alan Sweet, yeni bir kan-emici \u0131rk\u0131n, Amerikan Vampiri&#8217;nin ilk \u00f6rne\u011fidir. Mezar\u0131ndan kalkt\u0131ktan k\u0131rk be\u015f y\u0131l sonra, Sweet kendisini gen\u00e7 ve g\u00fczel insanlar\u0131n pervaneler gibi Hollywood \u0131\u015f\u0131klar\u0131na do\u011fru \u00e7ekildikleri 1920&#8217;li y\u0131llar\u0131n Los Angeles&#8217;\u0131nda bulur. Ne var ki, gen\u00e7 aktris Pearl Jones&#8217;un da ke\u015ffetmek \u00fczere oldu\u011fu gibi, burada basit insani h\u0131rslar\u0131n \u00f6tesinde bir \u015feyler d\u00f6nmektedir. Pearl&#8217;\u00fcn film y\u0131ld\u0131z\u0131 olma hayali kanl\u0131 bir k\u00e2busa d\u00f6n\u00fc\u015f\u00fcnce, Sweet ona intikam alma g\u00fcc\u00fcn\u00fcn yan\u0131 s\u0131ra, hayatta kalabilmesi i\u00e7in tek \u015fans\u0131n\u0131 da sunar. On y\u0131llar s\u00fcren Amerikan geni\u015flemesini ve ya\u015fayan \u00f6l\u00fclerin evrimini harmanlayan korkunun efsanevi ustas\u0131 Stephen King, Amerikan Vampiri i\u00e7in \u00e7izgi roman\u0131n yarat\u0131c\u0131s\u0131 Scott Snyder ve sanat\u00e7\u0131 Rafael Albuquerque ile bir araya gelerek, Vertigo serisinin b\u00fcy\u00fck be\u011feni toplayan ilk be\u015f say\u0131s\u0131n\u0131 birle\u015ftiriyor ve bu kitap King taraf\u0131ndan yaz\u0131lm\u0131\u015f yeni bir giri\u015f b\u00f6l\u00fcm\u00fcn\u00fc de i\u00e7eriyor. (Tan\u0131t\u0131m B\u00fclteninden) <\/p>\n","protected":false},"excerpt":{"rendered":"<p>Yeni Bir Y\u00fczy\u0131l \u0130\u00e7in Yeni Bir Vampir Kurnaz, ac\u0131mas\u0131z ve zehirli bir y\u0131lan kadar tehlikeli Skinner Sweet, kabal\u0131\u011f\u0131yla oldu\u011fu kadar inat\u00e7\u0131l\u0131\u011f\u0131yla da \u00fcn salm\u0131\u015ft\u0131r. Fakat Amerikan<span class=\"excerpt-hellip\"> [\u2026]<\/span><\/p>\n","protected":false},"featured_media":0,"template":"","meta":{"_monsterinsights_skip_tracking":false,"_monsterinsights_sitenote_active":false,"_monsterinsights_sitenote_note":"","_monsterinsights_sitenote_category":0},"product_brand":[],"product_cat":[12416,12291],"product_tag":[],"class_list":{"0":"post-703826","1":"product","2":"type-product","3":"status-publish","5":"product_cat-cizgi-roman","6":"product_cat-edebiyat","7":"pa_cilt-ciltsiz","8":"pa_tur-kitap","9":"pa_yayinevi-jbc-yayincilik","10":"pa_yazar-stephen-king","12":"first","13":"instock","14":"sale","15":"shipping-taxable","16":"purchasable","17":"product-type-simple"},"_links":{"self":[{"href":"https:\/\/roveyayinevi.com.tr\/index.php\/wp-json\/wp\/v2\/product\/703826","targetHints":{"allow":["GET"]}}],"collection":[{"href":"https:\/\/roveyayinevi.com.tr\/index.php\/wp-json\/wp\/v2\/product"}],"about":[{"href":"https:\/\/roveyayinevi.com.tr\/index.php\/wp-json\/wp\/v2\/types\/product"}],"wp:attachment":[{"href":"https:\/\/roveyayinevi.com.tr\/index.php\/wp-json\/wp\/v2\/media?parent=703826"}],"wp:term":[{"taxonomy":"product_brand","embeddable":true,"href":"https:\/\/roveyayinevi.com.tr\/index.php\/wp-json\/wp\/v2\/product_brand?post=703826"},{"taxonomy":"product_cat","embeddable":true,"href":"https:\/\/roveyayinevi.com.tr\/index.php\/wp-json\/wp\/v2\/product_cat?post=703826"},{"taxonomy":"product_tag","embeddable":true,"href":"https:\/\/roveyayinevi.com.tr\/index.php\/wp-json\/wp\/v2\/product_tag?post=703826"}],"curies":[{"name":"wp","href":"https:\/\/api.w.org\/{rel}","templated":true}]}}