{"id":703823,"date":"2025-08-27T15:29:29","date_gmt":"2025-08-27T12:29:29","guid":{"rendered":"https:\/\/roveyayinevi.com.tr\/index.php\/urun\/yirmi-birinci-yuzyilda-ihyau-ulumid-din\/"},"modified":"2026-04-16T02:13:00","modified_gmt":"2026-04-15T23:13:00","slug":"yirmi-birinci-yuzyilda-ihyau-ulumid-din","status":"publish","type":"product","link":"https:\/\/roveyayinevi.com.tr\/index.php\/urun\/yirmi-birinci-yuzyilda-ihyau-ulumid-din\/","title":{"rendered":"Yirmi Birinci Y\u00fczy\u0131lda \u0130hya\u00fc Ul\u00fcmi&#8217;d &#8211; Din"},"content":{"rendered":"<p>H\u00fcccet\u00fc&#8217;l-\u0130slam \u0130mam Gazzali, ku\u015fkusuz \u0130sl\u00e2m prensiplerinin en yetkin yorumcular\u0131ndan\u2026 \u0130hya\u00fc Ulumi&#8217;d-D\u00een ise asl\u0131nda onun y\u00fcr\u00fctt\u00fc\u011f\u00fc ilmi cihad\u0131n ad\u0131\u2026 O, kendisini kurtard\u0131ktan sonra \u0130sl\u00e2m \u00e2lemine y\u00f6nelmi\u015f ve s\u00f6zleriyle, hi\u00e7 paslanmayan ve \u015fa\u015fmayan anahtarlar da\u011f\u0131tm\u0131\u015ft\u0131r. <\/p>\n","protected":false},"excerpt":{"rendered":"<p>H\u00fcccet\u00fc&#8217;l-\u0130slam \u0130mam Gazzali, ku\u015fkusuz \u0130sl\u00e2m prensiplerinin en yetkin yorumcular\u0131ndan\u2026 \u0130hya\u00fc Ulumi&#8217;d-D\u00een ise asl\u0131nda onun y\u00fcr\u00fctt\u00fc\u011f\u00fc ilmi cihad\u0131n ad\u0131\u2026 O, kendisini kurtard\u0131ktan sonra \u0130sl\u00e2m \u00e2lemine y\u00f6nelmi\u015f ve<span class=\"excerpt-hellip\"> [\u2026]<\/span><\/p>\n","protected":false},"featured_media":0,"template":"","meta":{"_monsterinsights_skip_tracking":false,"_monsterinsights_sitenote_active":false,"_monsterinsights_sitenote_note":"","_monsterinsights_sitenote_category":0},"product_brand":[],"product_cat":[16789,12718,12719],"product_tag":[],"class_list":{"0":"post-703823","1":"product","2":"type-product","3":"status-publish","5":"product_cat-diger-islam","6":"product_cat-din","7":"product_cat-islam","8":"pa_tur-kitap","9":"pa_yayinevi-nefes-yayincilik","10":"pa_yazar-suad-el-hakim","12":"first","13":"instock","14":"sale","15":"shipping-taxable","16":"purchasable","17":"product-type-simple"},"_links":{"self":[{"href":"https:\/\/roveyayinevi.com.tr\/index.php\/wp-json\/wp\/v2\/product\/703823","targetHints":{"allow":["GET"]}}],"collection":[{"href":"https:\/\/roveyayinevi.com.tr\/index.php\/wp-json\/wp\/v2\/product"}],"about":[{"href":"https:\/\/roveyayinevi.com.tr\/index.php\/wp-json\/wp\/v2\/types\/product"}],"wp:attachment":[{"href":"https:\/\/roveyayinevi.com.tr\/index.php\/wp-json\/wp\/v2\/media?parent=703823"}],"wp:term":[{"taxonomy":"product_brand","embeddable":true,"href":"https:\/\/roveyayinevi.com.tr\/index.php\/wp-json\/wp\/v2\/product_brand?post=703823"},{"taxonomy":"product_cat","embeddable":true,"href":"https:\/\/roveyayinevi.com.tr\/index.php\/wp-json\/wp\/v2\/product_cat?post=703823"},{"taxonomy":"product_tag","embeddable":true,"href":"https:\/\/roveyayinevi.com.tr\/index.php\/wp-json\/wp\/v2\/product_tag?post=703823"}],"curies":[{"name":"wp","href":"https:\/\/api.w.org\/{rel}","templated":true}]}}