{"id":703822,"date":"2025-08-27T15:29:29","date_gmt":"2025-08-27T12:29:29","guid":{"rendered":"https:\/\/roveyayinevi.com.tr\/index.php\/urun\/asik-da-mi-olmayalim\/"},"modified":"2026-04-16T02:13:00","modified_gmt":"2026-04-15T23:13:00","slug":"asik-da-mi-olmayalim","status":"publish","type":"product","link":"https:\/\/roveyayinevi.com.tr\/index.php\/urun\/asik-da-mi-olmayalim\/","title":{"rendered":"A\u015f\u0131k da m\u0131 Olmayal\u0131m?"},"content":{"rendered":"<p>Bazen \u00e7ok sevdi\u011fin bir \u015fey imtihan\u0131n olur\u2026 Bin bir \u00fcmitle, bin bir hayalle \u00e7\u0131kt\u0131\u011f\u0131n yolda h\u00fcsran dolar avu\u00e7lar\u0131na\u2026 K\u00e2h kendine k\u0131zars\u0131n k\u00e2h kendinden eksiltenlere\u2026 Unutmak istersin, can\u0131n yanar\u2026 B\u0131rak\u0131p gitmek istersin, ruhun yanar\u2026 Art\u0131k sevmemek istersin, kalbin yanar\u2026 Nereye gitsen seninle gelen hat\u0131ralar\u0131n gitmene izin vermez, gitti\u011fini zannetsen de\u2026 A\u015fk art\u0131k ac\u0131tmaya, giydi\u011fin bu ate\u015ften g\u00f6mlek sineni yakmaya, g\u00f6zya\u015flar\u0131n y\u00fcre\u011finden dolup ta\u015fmaya ba\u015flad\u0131\u011f\u0131 anda ellerini semaya kald\u0131r\u0131p sessizce hayk\u0131r\u0131rs\u0131n: \u201cBen nerede yanl\u0131\u015f yapt\u0131m?\u201d \u201c\u00c2\u015f\u0131k da m\u0131 Olmayal\u0131m?\u201d arad\u0131\u011f\u0131n cevab\u0131 bulduracak sat\u0131rlara davet ediyor seni\u2026 \ufffcTan\u0131t\u0131m Metni<\/p>\n","protected":false},"excerpt":{"rendered":"<p>Bazen \u00e7ok sevdi\u011fin bir \u015fey imtihan\u0131n olur\u2026 Bin bir \u00fcmitle, bin bir hayalle \u00e7\u0131kt\u0131\u011f\u0131n yolda h\u00fcsran dolar avu\u00e7lar\u0131na\u2026 K\u00e2h kendine k\u0131zars\u0131n k\u00e2h kendinden eksiltenlere\u2026 Unutmak istersin,<span class=\"excerpt-hellip\"> [\u2026]<\/span><\/p>\n","protected":false},"featured_media":0,"template":"","meta":{"_monsterinsights_skip_tracking":false,"_monsterinsights_sitenote_active":false,"_monsterinsights_sitenote_note":"","_monsterinsights_sitenote_category":0},"product_brand":[],"product_cat":[12291,15117],"product_tag":[],"class_list":{"0":"post-703822","1":"product","2":"type-product","3":"status-publish","5":"product_cat-edebiyat","6":"product_cat-genclik-edebiyati","7":"pa_cilt-ciltsiz","8":"pa_tur-kitap","9":"pa_yayinevi-nesil-genc","10":"pa_yazar-osman-sungur-yeken","12":"first","13":"instock","14":"sale","15":"shipping-taxable","16":"purchasable","17":"product-type-simple"},"_links":{"self":[{"href":"https:\/\/roveyayinevi.com.tr\/index.php\/wp-json\/wp\/v2\/product\/703822","targetHints":{"allow":["GET"]}}],"collection":[{"href":"https:\/\/roveyayinevi.com.tr\/index.php\/wp-json\/wp\/v2\/product"}],"about":[{"href":"https:\/\/roveyayinevi.com.tr\/index.php\/wp-json\/wp\/v2\/types\/product"}],"wp:attachment":[{"href":"https:\/\/roveyayinevi.com.tr\/index.php\/wp-json\/wp\/v2\/media?parent=703822"}],"wp:term":[{"taxonomy":"product_brand","embeddable":true,"href":"https:\/\/roveyayinevi.com.tr\/index.php\/wp-json\/wp\/v2\/product_brand?post=703822"},{"taxonomy":"product_cat","embeddable":true,"href":"https:\/\/roveyayinevi.com.tr\/index.php\/wp-json\/wp\/v2\/product_cat?post=703822"},{"taxonomy":"product_tag","embeddable":true,"href":"https:\/\/roveyayinevi.com.tr\/index.php\/wp-json\/wp\/v2\/product_tag?post=703822"}],"curies":[{"name":"wp","href":"https:\/\/api.w.org\/{rel}","templated":true}]}}