{"id":703820,"date":"2025-08-27T15:29:28","date_gmt":"2025-08-27T12:29:28","guid":{"rendered":"https:\/\/roveyayinevi.com.tr\/index.php\/urun\/adi-ask\/"},"modified":"2026-04-16T02:13:00","modified_gmt":"2026-04-15T23:13:00","slug":"adi-ask","status":"publish","type":"product","link":"https:\/\/roveyayinevi.com.tr\/index.php\/urun\/adi-ask\/","title":{"rendered":"Ad\u0131 A\u015fk"},"content":{"rendered":"<p>G\u00f6nl\u00fcn co\u011frafyas\u0131nda da vadiler ve da\u011flar olmal\u0131. G\u00f6lgeler u\u011fruyor olmal\u0131 yama\u00e7lar\u0131na. Bazen \u0131\u015f\u0131\u011fa bo\u011fuluyor olmal\u0131 ovalar. Nehirler \u00e7a\u011f\u0131ld\u0131yor, g\u00f6ller bekliyor, denizler birikiyor olmal\u0131. Belki ormanlar\u0131, \u00e7\u00f6lleri de olmal\u0131. K\u0131\u015f da d\u00fc\u015fmeli nasibine. Yaz da bahar da\u2026 \ufffcTan\u0131t\u0131m Metni<\/p>\n","protected":false},"excerpt":{"rendered":"<p>G\u00f6nl\u00fcn co\u011frafyas\u0131nda da vadiler ve da\u011flar olmal\u0131. G\u00f6lgeler u\u011fruyor olmal\u0131 yama\u00e7lar\u0131na. Bazen \u0131\u015f\u0131\u011fa bo\u011fuluyor olmal\u0131 ovalar. Nehirler \u00e7a\u011f\u0131ld\u0131yor, g\u00f6ller bekliyor, denizler birikiyor olmal\u0131. Belki ormanlar\u0131, \u00e7\u00f6lleri<span class=\"excerpt-hellip\"> [\u2026]<\/span><\/p>\n","protected":false},"featured_media":0,"template":"","meta":{"_monsterinsights_skip_tracking":false,"_monsterinsights_sitenote_active":false,"_monsterinsights_sitenote_note":"","_monsterinsights_sitenote_category":0},"product_brand":[],"product_cat":[16789,12718,12719],"product_tag":[],"class_list":{"0":"post-703820","1":"product","2":"type-product","3":"status-publish","5":"product_cat-diger-islam","6":"product_cat-din","7":"product_cat-islam","8":"pa_tur-kitap","9":"pa_yayinevi-nesil-yayinlari","10":"pa_yazar-senai-demirci","12":"first","13":"instock","14":"sale","15":"shipping-taxable","16":"purchasable","17":"product-type-simple"},"_links":{"self":[{"href":"https:\/\/roveyayinevi.com.tr\/index.php\/wp-json\/wp\/v2\/product\/703820","targetHints":{"allow":["GET"]}}],"collection":[{"href":"https:\/\/roveyayinevi.com.tr\/index.php\/wp-json\/wp\/v2\/product"}],"about":[{"href":"https:\/\/roveyayinevi.com.tr\/index.php\/wp-json\/wp\/v2\/types\/product"}],"wp:attachment":[{"href":"https:\/\/roveyayinevi.com.tr\/index.php\/wp-json\/wp\/v2\/media?parent=703820"}],"wp:term":[{"taxonomy":"product_brand","embeddable":true,"href":"https:\/\/roveyayinevi.com.tr\/index.php\/wp-json\/wp\/v2\/product_brand?post=703820"},{"taxonomy":"product_cat","embeddable":true,"href":"https:\/\/roveyayinevi.com.tr\/index.php\/wp-json\/wp\/v2\/product_cat?post=703820"},{"taxonomy":"product_tag","embeddable":true,"href":"https:\/\/roveyayinevi.com.tr\/index.php\/wp-json\/wp\/v2\/product_tag?post=703820"}],"curies":[{"name":"wp","href":"https:\/\/api.w.org\/{rel}","templated":true}]}}