{"id":703816,"date":"2025-08-27T15:29:26","date_gmt":"2025-08-27T12:29:26","guid":{"rendered":"https:\/\/roveyayinevi.com.tr\/index.php\/urun\/olumsuz-hemingway\/"},"modified":"2026-04-16T02:13:00","modified_gmt":"2026-04-15T23:13:00","slug":"olumsuz-hemingway","status":"publish","type":"product","link":"https:\/\/roveyayinevi.com.tr\/index.php\/urun\/olumsuz-hemingway\/","title":{"rendered":"\u00d6l\u00fcms\u00fcz Hemingway"},"content":{"rendered":"<p>Ernest Hemingway, bir\u00e7oklar\u0131na g\u00f6re hayat\u0131n\u0131 dolu dolu ya\u015fad\u0131, ama o hayat nelerle doluydu? Usta yazar\u0131n eserlerinin arkas\u0131nda bu \u201cdolu\u201d hayat m\u0131 yat\u0131yordu yoksa \u00f6nemli olan, hayat\u0131ndaki bo\u015fluklar m\u0131yd\u0131? \u00d6l\u00fcms\u00fcz Hemingway, kendi dertleriyle d\u00fcnyan\u0131n dertleri aras\u0131nda kalm\u0131\u015f bir yazar\u0131n, bir macera roman\u0131n\u0131 aratmayacak ya\u015fam \u00f6yk\u00fcs\u00fcne sahne oluyor. Hayat\u0131 boyunca \u00f6l\u00fcmle i\u00e7 i\u00e7e olan Hemingway\u2019in, gazetecilik ile roman ve \u00f6yk\u00fc yazarl\u0131\u011f\u0131 aras\u0131nda gidip gelen edebi ge\u00e7mi\u015fi, bizi g\u00fcndelik ger\u00e7eklik ve kurgusal ger\u00e7eklik aras\u0131ndaki ili\u015fkinin tuhafl\u0131\u011f\u0131n\u0131 yeniden d\u00fc\u015f\u00fcnmeye davet ediyor. <\/p>\n","protected":false},"excerpt":{"rendered":"<p>Ernest Hemingway, bir\u00e7oklar\u0131na g\u00f6re hayat\u0131n\u0131 dolu dolu ya\u015fad\u0131, ama o hayat nelerle doluydu? Usta yazar\u0131n eserlerinin arkas\u0131nda bu \u201cdolu\u201d hayat m\u0131 yat\u0131yordu yoksa \u00f6nemli olan, hayat\u0131ndaki<span class=\"excerpt-hellip\"> [\u2026]<\/span><\/p>\n","protected":false},"featured_media":0,"template":"","meta":{"_monsterinsights_skip_tracking":false,"_monsterinsights_sitenote_active":false,"_monsterinsights_sitenote_note":"","_monsterinsights_sitenote_category":0},"product_brand":[],"product_cat":[13946,12304],"product_tag":[],"class_list":{"0":"post-703816","1":"product","2":"type-product","3":"status-publish","5":"product_cat-biyografi-otobiyografi","6":"product_cat-tarih","7":"pa_cilt-ciltsiz","8":"pa_tur-kitap","9":"pa_yayinevi-ithaki-yayinlari","10":"pa_yazar-clancy-sigal","12":"first","13":"instock","14":"sale","15":"shipping-taxable","16":"purchasable","17":"product-type-simple"},"_links":{"self":[{"href":"https:\/\/roveyayinevi.com.tr\/index.php\/wp-json\/wp\/v2\/product\/703816","targetHints":{"allow":["GET"]}}],"collection":[{"href":"https:\/\/roveyayinevi.com.tr\/index.php\/wp-json\/wp\/v2\/product"}],"about":[{"href":"https:\/\/roveyayinevi.com.tr\/index.php\/wp-json\/wp\/v2\/types\/product"}],"wp:attachment":[{"href":"https:\/\/roveyayinevi.com.tr\/index.php\/wp-json\/wp\/v2\/media?parent=703816"}],"wp:term":[{"taxonomy":"product_brand","embeddable":true,"href":"https:\/\/roveyayinevi.com.tr\/index.php\/wp-json\/wp\/v2\/product_brand?post=703816"},{"taxonomy":"product_cat","embeddable":true,"href":"https:\/\/roveyayinevi.com.tr\/index.php\/wp-json\/wp\/v2\/product_cat?post=703816"},{"taxonomy":"product_tag","embeddable":true,"href":"https:\/\/roveyayinevi.com.tr\/index.php\/wp-json\/wp\/v2\/product_tag?post=703816"}],"curies":[{"name":"wp","href":"https:\/\/api.w.org\/{rel}","templated":true}]}}