{"id":703807,"date":"2025-08-27T15:29:22","date_gmt":"2025-08-27T12:29:22","guid":{"rendered":"https:\/\/roveyayinevi.com.tr\/index.php\/urun\/evliya-celebi-seyahetnamesinden-secmeler\/"},"modified":"2026-04-16T02:13:00","modified_gmt":"2026-04-15T23:13:00","slug":"evliya-celebi-seyahetnamesinden-secmeler","status":"publish","type":"product","link":"https:\/\/roveyayinevi.com.tr\/index.php\/urun\/evliya-celebi-seyahetnamesinden-secmeler\/","title":{"rendered":"Evliya \u00c7elebi Seyahetnamesi\u2019nden Se\u00e7meler"},"content":{"rendered":"<p>Bir gece r\u00fcyas\u0131nda peygamberi g\u00f6rm\u00fc\u015f,   \u015eefaat ya Resulullah!   diyecekken heyecandan dili s\u00fcr\u00e7\u00fcp,   Seyahat ya Resulullah!   diyerek o sabahtan itibaren durup dinlenmeden seyahat etmeye ba\u015flayan Evliya \u00c7elebi, T\u00fcrk ve d\u00fcnya edebiyat\u0131n\u0131n en b\u00fcy\u00fck seyahatname yazarlar\u0131 aras\u0131nda yer al\u0131r. <\/p>\n","protected":false},"excerpt":{"rendered":"<p>Bir gece r\u00fcyas\u0131nda peygamberi g\u00f6rm\u00fc\u015f, \u015eefaat ya Resulullah! diyecekken heyecandan dili s\u00fcr\u00e7\u00fcp, Seyahat ya Resulullah! diyerek o sabahtan itibaren durup dinlenmeden seyahat etmeye ba\u015flayan Evliya \u00c7elebi,<span class=\"excerpt-hellip\"> [\u2026]<\/span><\/p>\n","protected":false},"featured_media":0,"template":"","meta":{"_monsterinsights_skip_tracking":false,"_monsterinsights_sitenote_active":false,"_monsterinsights_sitenote_note":"","_monsterinsights_sitenote_category":0},"product_brand":[],"product_cat":[12312,12304],"product_tag":[],"class_list":{"0":"post-703807","1":"product","2":"type-product","3":"status-publish","5":"product_cat-diger","6":"product_cat-tarih","7":"pa_cilt-ciltsiz","8":"pa_tur-kitap","9":"pa_yayinevi-inkilap-kitabevi","10":"pa_yazar-baki-asilturk","12":"first","13":"instock","14":"sale","15":"shipping-taxable","16":"purchasable","17":"product-type-simple"},"_links":{"self":[{"href":"https:\/\/roveyayinevi.com.tr\/index.php\/wp-json\/wp\/v2\/product\/703807","targetHints":{"allow":["GET"]}}],"collection":[{"href":"https:\/\/roveyayinevi.com.tr\/index.php\/wp-json\/wp\/v2\/product"}],"about":[{"href":"https:\/\/roveyayinevi.com.tr\/index.php\/wp-json\/wp\/v2\/types\/product"}],"wp:attachment":[{"href":"https:\/\/roveyayinevi.com.tr\/index.php\/wp-json\/wp\/v2\/media?parent=703807"}],"wp:term":[{"taxonomy":"product_brand","embeddable":true,"href":"https:\/\/roveyayinevi.com.tr\/index.php\/wp-json\/wp\/v2\/product_brand?post=703807"},{"taxonomy":"product_cat","embeddable":true,"href":"https:\/\/roveyayinevi.com.tr\/index.php\/wp-json\/wp\/v2\/product_cat?post=703807"},{"taxonomy":"product_tag","embeddable":true,"href":"https:\/\/roveyayinevi.com.tr\/index.php\/wp-json\/wp\/v2\/product_tag?post=703807"}],"curies":[{"name":"wp","href":"https:\/\/api.w.org\/{rel}","templated":true}]}}