{"id":703806,"date":"2025-08-27T15:29:22","date_gmt":"2025-08-27T12:29:22","guid":{"rendered":"https:\/\/roveyayinevi.com.tr\/index.php\/urun\/filozof-cocuk-hayal-gucu-ne-ise-yarar\/"},"modified":"2026-04-16T02:13:00","modified_gmt":"2026-04-15T23:13:00","slug":"filozof-cocuk-hayal-gucu-ne-ise-yarar","status":"publish","type":"product","link":"https:\/\/roveyayinevi.com.tr\/index.php\/urun\/filozof-cocuk-hayal-gucu-ne-ise-yarar\/","title":{"rendered":"Filozof \u00c7ocuk : Hayal G\u00fcc\u00fc Ne \u0130\u015fe Yarar?"},"content":{"rendered":"<p>D\u00fcnyaca \u00fcnl\u00fc Frans\u0131z filozof yazar Oscar Brenifier\u2019nin be\u011feniyle okunan \u201cFilozof \u00c7ocuk\u201d dizisi, yenilenen boyutlar\u0131, g\u00f6z al\u0131c\u0131 kapaklar\u0131 ve \u015fa\u015f\u0131rt\u0131c\u0131 fiyat\u0131yla art\u0131k herkesin kitapl\u0131\u011f\u0131na girecek! <\/p>\n","protected":false},"excerpt":{"rendered":"<p>D\u00fcnyaca \u00fcnl\u00fc Frans\u0131z filozof yazar Oscar Brenifier\u2019nin be\u011feniyle okunan \u201cFilozof \u00c7ocuk\u201d dizisi, yenilenen boyutlar\u0131, g\u00f6z al\u0131c\u0131 kapaklar\u0131 ve \u015fa\u015f\u0131rt\u0131c\u0131 fiyat\u0131yla art\u0131k herkesin kitapl\u0131\u011f\u0131na girecek!<\/p>\n","protected":false},"featured_media":0,"template":"","meta":{"_monsterinsights_skip_tracking":false,"_monsterinsights_sitenote_active":false,"_monsterinsights_sitenote_note":"","_monsterinsights_sitenote_category":0},"product_brand":[],"product_cat":[12492,12274],"product_tag":[],"class_list":{"0":"post-703806","1":"product","2":"type-product","3":"status-publish","5":"product_cat-bilmece-bulmaca","6":"product_cat-cocuk-ve-genclik-kitaplari","7":"pa_tur-kitap","8":"pa_yayinevi-tudem-yayinlari","9":"pa_yazar-oscar-brenifier","11":"first","12":"instock","13":"sale","14":"shipping-taxable","15":"purchasable","16":"product-type-simple"},"_links":{"self":[{"href":"https:\/\/roveyayinevi.com.tr\/index.php\/wp-json\/wp\/v2\/product\/703806","targetHints":{"allow":["GET"]}}],"collection":[{"href":"https:\/\/roveyayinevi.com.tr\/index.php\/wp-json\/wp\/v2\/product"}],"about":[{"href":"https:\/\/roveyayinevi.com.tr\/index.php\/wp-json\/wp\/v2\/types\/product"}],"wp:attachment":[{"href":"https:\/\/roveyayinevi.com.tr\/index.php\/wp-json\/wp\/v2\/media?parent=703806"}],"wp:term":[{"taxonomy":"product_brand","embeddable":true,"href":"https:\/\/roveyayinevi.com.tr\/index.php\/wp-json\/wp\/v2\/product_brand?post=703806"},{"taxonomy":"product_cat","embeddable":true,"href":"https:\/\/roveyayinevi.com.tr\/index.php\/wp-json\/wp\/v2\/product_cat?post=703806"},{"taxonomy":"product_tag","embeddable":true,"href":"https:\/\/roveyayinevi.com.tr\/index.php\/wp-json\/wp\/v2\/product_tag?post=703806"}],"curies":[{"name":"wp","href":"https:\/\/api.w.org\/{rel}","templated":true}]}}