{"id":703805,"date":"2025-08-27T15:29:21","date_gmt":"2025-08-27T12:29:21","guid":{"rendered":"https:\/\/roveyayinevi.com.tr\/index.php\/urun\/toplumsal-cinsiyet-baglaminda-erkeklik-olgusu\/"},"modified":"2026-04-16T02:13:00","modified_gmt":"2026-04-15T23:13:00","slug":"toplumsal-cinsiyet-baglaminda-erkeklik-olgusu","status":"publish","type":"product","link":"https:\/\/roveyayinevi.com.tr\/index.php\/urun\/toplumsal-cinsiyet-baglaminda-erkeklik-olgusu\/","title":{"rendered":"Toplumsal Cinsiyet Ba\u011flam\u0131nda Erkeklik Olgusu"},"content":{"rendered":"<p>\u201cToplumsal Cinsiyet Ba\u011flam\u0131nda Erkeklik Olgusu\u201d konulu \u00e7al\u0131\u015fma T\u00fcrkiye\u2019de erkeklik \u00fczerine yap\u0131lm\u0131\u015f s\u0131n\u0131rl\u0131 say\u0131daki \u00e7al\u0131\u015fmadan biri olma \u00f6zelli\u011fiyle hem Sosyoloji hem de genel olarak sosyal bilimler alan\u0131nda \u00f6nem ta\u015f\u0131yan ve bundan sonra yap\u0131lacak bilimsel \u00e7al\u0131\u015fmalara, \u00f6zellikle de erkeklik ile ilgili T\u00fcrk\u00e7e kaynaklar\u0131n azl\u0131\u011f\u0131 g\u00f6z \u00f6n\u00fcnde bulunduruldu\u011funda, \u00f6nc\u00fc olabilecek bir \u00e7al\u0131\u015fmad\u0131r. Kullan\u0131lan kaynaklar\u0131n g\u00fcncelli\u011finin yan\u0131 s\u0131ra, \u00e7al\u0131\u015fman\u0131n kurgusu, tezde ortaya konulan sorgulay\u0131c\u0131 ve ele\u015ftirel yakla\u015f\u0131m kadar yap\u0131lan de\u011ferlendirmeler, kitab\u0131n titiz bir \u00e7al\u0131\u015fman\u0131n sonucu oldu\u011funu g\u00f6stermektedir. <\/p>\n","protected":false},"excerpt":{"rendered":"<p>\u201cToplumsal Cinsiyet Ba\u011flam\u0131nda Erkeklik Olgusu\u201d konulu \u00e7al\u0131\u015fma T\u00fcrkiye\u2019de erkeklik \u00fczerine yap\u0131lm\u0131\u015f s\u0131n\u0131rl\u0131 say\u0131daki \u00e7al\u0131\u015fmadan biri olma \u00f6zelli\u011fiyle hem Sosyoloji hem de genel olarak sosyal bilimler alan\u0131nda<span class=\"excerpt-hellip\"> [\u2026]<\/span><\/p>\n","protected":false},"featured_media":0,"template":"","meta":{"_monsterinsights_skip_tracking":false,"_monsterinsights_sitenote_active":false,"_monsterinsights_sitenote_note":"","_monsterinsights_sitenote_category":0},"product_brand":[],"product_cat":[12312,12304],"product_tag":[],"class_list":{"0":"post-703805","1":"product","2":"type-product","3":"status-publish","5":"product_cat-diger","6":"product_cat-tarih","7":"pa_cilt-ciltsiz","8":"pa_tur-kitap","9":"pa_yayinevi-egiten-kitap","10":"pa_yazar-ozge-zeybekoglu","12":"first","13":"instock","14":"sale","15":"shipping-taxable","16":"purchasable","17":"product-type-simple"},"_links":{"self":[{"href":"https:\/\/roveyayinevi.com.tr\/index.php\/wp-json\/wp\/v2\/product\/703805","targetHints":{"allow":["GET"]}}],"collection":[{"href":"https:\/\/roveyayinevi.com.tr\/index.php\/wp-json\/wp\/v2\/product"}],"about":[{"href":"https:\/\/roveyayinevi.com.tr\/index.php\/wp-json\/wp\/v2\/types\/product"}],"wp:attachment":[{"href":"https:\/\/roveyayinevi.com.tr\/index.php\/wp-json\/wp\/v2\/media?parent=703805"}],"wp:term":[{"taxonomy":"product_brand","embeddable":true,"href":"https:\/\/roveyayinevi.com.tr\/index.php\/wp-json\/wp\/v2\/product_brand?post=703805"},{"taxonomy":"product_cat","embeddable":true,"href":"https:\/\/roveyayinevi.com.tr\/index.php\/wp-json\/wp\/v2\/product_cat?post=703805"},{"taxonomy":"product_tag","embeddable":true,"href":"https:\/\/roveyayinevi.com.tr\/index.php\/wp-json\/wp\/v2\/product_tag?post=703805"}],"curies":[{"name":"wp","href":"https:\/\/api.w.org\/{rel}","templated":true}]}}