{"id":703795,"date":"2025-08-27T15:29:17","date_gmt":"2025-08-27T12:29:17","guid":{"rendered":"https:\/\/roveyayinevi.com.tr\/index.php\/urun\/benim-ilk-hikayelerim-goldilocks-ve-uc-ayi\/"},"modified":"2026-04-16T02:13:00","modified_gmt":"2026-04-15T23:13:00","slug":"benim-ilk-hikayelerim-goldilocks-ve-uc-ayi","status":"publish","type":"product","link":"https:\/\/roveyayinevi.com.tr\/index.php\/urun\/benim-ilk-hikayelerim-goldilocks-ve-uc-ayi\/","title":{"rendered":"Benim \u0130lk Hikayelerim &#8211; Goldilocks ve \u00dc\u00e7 Ay\u0131"},"content":{"rendered":"<p>Hayallerimizi zihnimizin perdesine aktarmay\u0131 \u00f6\u011frendi\u011fimiz, ruhumuza ve zihnimize ayn\u0131 anda a\u00e7\u0131lan k\u00fc\u00e7\u00fck sihirli kap\u0131lar. \u00c7ocuklar\u0131m\u0131za hayat\u0131 \u00f6\u011freten; iyi-k\u00f6t\u00fc, do\u011fru-yanl\u0131\u015f gibi bir\u00e7ok kavram\u0131n zihinlerinde k\u00fc\u00e7\u00fck ya\u015flarda k\u00f6kle\u015fmesini, yerle\u015fmesini sa\u011flayan hayali \u00f6\u011fretmenlerimiz, masallar&#8230; <\/p>\n","protected":false},"excerpt":{"rendered":"<p>Hayallerimizi zihnimizin perdesine aktarmay\u0131 \u00f6\u011frendi\u011fimiz, ruhumuza ve zihnimize ayn\u0131 anda a\u00e7\u0131lan k\u00fc\u00e7\u00fck sihirli kap\u0131lar. \u00c7ocuklar\u0131m\u0131za hayat\u0131 \u00f6\u011freten; iyi-k\u00f6t\u00fc, do\u011fru-yanl\u0131\u015f gibi bir\u00e7ok kavram\u0131n zihinlerinde k\u00fc\u00e7\u00fck ya\u015flarda k\u00f6kle\u015fmesini,<span class=\"excerpt-hellip\"> [\u2026]<\/span><\/p>\n","protected":false},"featured_media":0,"template":"","meta":{"_monsterinsights_skip_tracking":false,"_monsterinsights_sitenote_active":false,"_monsterinsights_sitenote_note":"","_monsterinsights_sitenote_category":0},"product_brand":[],"product_cat":[12274,12284],"product_tag":[],"class_list":{"0":"post-703795","1":"product","2":"type-product","3":"status-publish","5":"product_cat-cocuk-ve-genclik-kitaplari","6":"product_cat-hikayeler","7":"pa_tur-kitap","8":"pa_yayinevi-parilti-yayinlari","9":"pa_yazar-kolektif","11":"first","12":"instock","13":"sale","14":"shipping-taxable","15":"purchasable","16":"product-type-simple"},"_links":{"self":[{"href":"https:\/\/roveyayinevi.com.tr\/index.php\/wp-json\/wp\/v2\/product\/703795","targetHints":{"allow":["GET"]}}],"collection":[{"href":"https:\/\/roveyayinevi.com.tr\/index.php\/wp-json\/wp\/v2\/product"}],"about":[{"href":"https:\/\/roveyayinevi.com.tr\/index.php\/wp-json\/wp\/v2\/types\/product"}],"wp:attachment":[{"href":"https:\/\/roveyayinevi.com.tr\/index.php\/wp-json\/wp\/v2\/media?parent=703795"}],"wp:term":[{"taxonomy":"product_brand","embeddable":true,"href":"https:\/\/roveyayinevi.com.tr\/index.php\/wp-json\/wp\/v2\/product_brand?post=703795"},{"taxonomy":"product_cat","embeddable":true,"href":"https:\/\/roveyayinevi.com.tr\/index.php\/wp-json\/wp\/v2\/product_cat?post=703795"},{"taxonomy":"product_tag","embeddable":true,"href":"https:\/\/roveyayinevi.com.tr\/index.php\/wp-json\/wp\/v2\/product_tag?post=703795"}],"curies":[{"name":"wp","href":"https:\/\/api.w.org\/{rel}","templated":true}]}}