{"id":703793,"date":"2025-08-27T15:29:16","date_gmt":"2025-08-27T12:29:16","guid":{"rendered":"https:\/\/roveyayinevi.com.tr\/index.php\/urun\/sefiller-2-cilt-takim\/"},"modified":"2026-04-16T02:12:59","modified_gmt":"2026-04-15T23:12:59","slug":"sefiller-2-cilt-takim","status":"publish","type":"product","link":"https:\/\/roveyayinevi.com.tr\/index.php\/urun\/sefiller-2-cilt-takim\/","title":{"rendered":"Sefiller (2 Cilt Tak\u0131m)"},"content":{"rendered":"<p>Victor Hugo (1802-1885): Frans\u0131z edebiyat\u0131n\u0131n gelmi\u015f ge\u00e7mi\u015f en b\u00fcy\u00fck yazarlar\u0131ndand\u0131r. \u015eiirleri, oyunlar\u0131 ve romanlar\u0131 ile tan\u0131n\u0131r. Romantizm ak\u0131m\u0131n\u0131n Fransa\u2019daki temsilcisidir. Edebiyat alan\u0131ndaki devasa ba\u015far\u0131lar\u0131n\u0131n yan\u0131nda politik hayatta da etkin bir rol \u00fcstlendi, bu nedenle s\u00fcrg\u00fcn cezas\u0131na \u00e7arpt\u0131r\u0131ld\u0131, cezas\u0131n\u0131 tamamlamas\u0131na ra\u011fmen \u0130mparatorluk y\u0131k\u0131lana dek Fransa\u2019ya d\u00f6nmedi. \u0130lk kez 1862 y\u0131l\u0131nda yay\u0131mlanan Sefiller yazar\u0131n Notre-Dame\u2019\u0131n Kamburu ile \u201cDin\u201d, Deniz \u0130\u015f\u00e7ileri ile \u201cdo\u011fa\u201d konular\u0131n\u0131 i\u015fledi\u011fi roman \u00fc\u00e7lemesinin \u201ctoplum\u201du ele alan, en g\u00f6rkemli aya\u011f\u0131d\u0131r. Bu destans\u0131 roman Frans\u0131z toplumundan yola \u00e7\u0131karak, kozmolojik bir bak\u0131\u015f ve e\u015fsiz bir duyarl\u0131l\u0131kla insanl\u0131\u011fa ula\u015f\u0131r. Fantine\u2019in, Cosette\u2019in, Marius\u2019\u00fcn, Saint-Denis Soka\u011f\u0131 barikatlar\u0131n\u0131n, Paris\u2019in, Javert\u2019in ve Jean Valjean\u2019\u0131n sefaletten sevgiye, felaketten iyili\u011fe ve karanl\u0131ktan ayd\u0131nl\u0131\u011fa uzanan hik\u00e2yeleri Hasan \u00c2li Y\u00fccel Klasikler Dizisi\u2019nin 250. kitab\u0131nda okurlarla bulu\u015fuyor. \ufffc<\/p>\n","protected":false},"excerpt":{"rendered":"<p>Victor Hugo (1802-1885): Frans\u0131z edebiyat\u0131n\u0131n gelmi\u015f ge\u00e7mi\u015f en b\u00fcy\u00fck yazarlar\u0131ndand\u0131r. \u015eiirleri, oyunlar\u0131 ve romanlar\u0131 ile tan\u0131n\u0131r. Romantizm ak\u0131m\u0131n\u0131n Fransa\u2019daki temsilcisidir. Edebiyat alan\u0131ndaki devasa ba\u015far\u0131lar\u0131n\u0131n yan\u0131nda politik<span class=\"excerpt-hellip\"> [\u2026]<\/span><\/p>\n","protected":false},"featured_media":0,"template":"","meta":{"_monsterinsights_skip_tracking":false,"_monsterinsights_sitenote_active":false,"_monsterinsights_sitenote_note":"","_monsterinsights_sitenote_category":0},"product_brand":[],"product_cat":[12291,13376],"product_tag":[],"class_list":{"0":"post-703793","1":"product","2":"type-product","3":"status-publish","5":"product_cat-edebiyat","6":"product_cat-fransiz-edebiyati","7":"pa_cilt-takim","8":"pa_tur-kitap","9":"pa_yayinevi-is-bankasi-kultur-yayinlari","10":"pa_yazar-victor-hugo","12":"first","13":"instock","14":"sale","15":"shipping-taxable","16":"purchasable","17":"product-type-simple"},"_links":{"self":[{"href":"https:\/\/roveyayinevi.com.tr\/index.php\/wp-json\/wp\/v2\/product\/703793","targetHints":{"allow":["GET"]}}],"collection":[{"href":"https:\/\/roveyayinevi.com.tr\/index.php\/wp-json\/wp\/v2\/product"}],"about":[{"href":"https:\/\/roveyayinevi.com.tr\/index.php\/wp-json\/wp\/v2\/types\/product"}],"wp:attachment":[{"href":"https:\/\/roveyayinevi.com.tr\/index.php\/wp-json\/wp\/v2\/media?parent=703793"}],"wp:term":[{"taxonomy":"product_brand","embeddable":true,"href":"https:\/\/roveyayinevi.com.tr\/index.php\/wp-json\/wp\/v2\/product_brand?post=703793"},{"taxonomy":"product_cat","embeddable":true,"href":"https:\/\/roveyayinevi.com.tr\/index.php\/wp-json\/wp\/v2\/product_cat?post=703793"},{"taxonomy":"product_tag","embeddable":true,"href":"https:\/\/roveyayinevi.com.tr\/index.php\/wp-json\/wp\/v2\/product_tag?post=703793"}],"curies":[{"name":"wp","href":"https:\/\/api.w.org\/{rel}","templated":true}]}}