{"id":703790,"date":"2025-08-27T15:29:14","date_gmt":"2025-08-27T12:29:14","guid":{"rendered":"https:\/\/roveyayinevi.com.tr\/index.php\/urun\/kalbine-hatirlat\/"},"modified":"2026-04-16T02:12:59","modified_gmt":"2026-04-15T23:12:59","slug":"kalbine-hatirlat","status":"publish","type":"product","link":"https:\/\/roveyayinevi.com.tr\/index.php\/urun\/kalbine-hatirlat\/","title":{"rendered":"Kalbine Hat\u0131rlat"},"content":{"rendered":"<p>Tasavvuf, kendi m\u00fcntesiplerini her zaman kalbi bir yola davet eder. Manevi ve kalbi y\u00f6ntemlerle seyr-u s\u00fcl\u00fck kap\u0131lar\u0131n\u0131 aralar. Bunu yaparken akl\u0131n sorgulamas\u0131, d\u00fc\u015f\u00fcnmesi, manevi hakikatleri kavramaya \u00e7al\u0131\u015fmas\u0131 s\u00f6z konusu de\u011fildir. Tavsiye edilen tefekk\u00fcr ise daha ziyade kalbi ve ruhidir. Halbuki bu kitapta ak\u0131l da devreye konulmakta, akl\u00ee ilimlerde kullan\u0131lan haf\u0131za fotograflar\u0131 tekni\u011fi ve \u00e7a\u011fr\u0131\u015f\u0131m metodu bu \u00e7al\u0131\u015fman\u0131n temelini te\u015fkil etmektedir. Yani ak\u0131l ve kalp b\u00fct\u00fcnl\u00fc\u011f\u00fc i\u00e7inde tasavvufi ahlaki kavramlar\u0131n   haf\u0131za \u00e7ivileri denilen anahtar kelime ve kavram tekni\u011fi   ile okuyucu taraf\u0131ndan \u00f6z\u00fcmsenmesi hedeflenmektedir. <\/p>\n","protected":false},"excerpt":{"rendered":"<p>Tasavvuf, kendi m\u00fcntesiplerini her zaman kalbi bir yola davet eder. Manevi ve kalbi y\u00f6ntemlerle seyr-u s\u00fcl\u00fck kap\u0131lar\u0131n\u0131 aralar. Bunu yaparken akl\u0131n sorgulamas\u0131, d\u00fc\u015f\u00fcnmesi, manevi hakikatleri kavramaya<span class=\"excerpt-hellip\"> [\u2026]<\/span><\/p>\n","protected":false},"featured_media":0,"template":"","meta":{"_monsterinsights_skip_tracking":false,"_monsterinsights_sitenote_active":false,"_monsterinsights_sitenote_note":"","_monsterinsights_sitenote_category":0},"product_brand":[],"product_cat":[12718,12719,12720],"product_tag":[],"class_list":{"0":"post-703790","1":"product","2":"type-product","3":"status-publish","5":"product_cat-din","6":"product_cat-islam","7":"product_cat-tasavvuf-mezhepler-tarikatlar","8":"pa_tur-kitap","9":"pa_yayinevi-nesil-yayinlari","10":"pa_yazar-esma-sayin","12":"first","13":"instock","14":"sale","15":"shipping-taxable","16":"purchasable","17":"product-type-simple"},"_links":{"self":[{"href":"https:\/\/roveyayinevi.com.tr\/index.php\/wp-json\/wp\/v2\/product\/703790","targetHints":{"allow":["GET"]}}],"collection":[{"href":"https:\/\/roveyayinevi.com.tr\/index.php\/wp-json\/wp\/v2\/product"}],"about":[{"href":"https:\/\/roveyayinevi.com.tr\/index.php\/wp-json\/wp\/v2\/types\/product"}],"wp:attachment":[{"href":"https:\/\/roveyayinevi.com.tr\/index.php\/wp-json\/wp\/v2\/media?parent=703790"}],"wp:term":[{"taxonomy":"product_brand","embeddable":true,"href":"https:\/\/roveyayinevi.com.tr\/index.php\/wp-json\/wp\/v2\/product_brand?post=703790"},{"taxonomy":"product_cat","embeddable":true,"href":"https:\/\/roveyayinevi.com.tr\/index.php\/wp-json\/wp\/v2\/product_cat?post=703790"},{"taxonomy":"product_tag","embeddable":true,"href":"https:\/\/roveyayinevi.com.tr\/index.php\/wp-json\/wp\/v2\/product_tag?post=703790"}],"curies":[{"name":"wp","href":"https:\/\/api.w.org\/{rel}","templated":true}]}}