{"id":703789,"date":"2025-08-27T15:29:14","date_gmt":"2025-08-27T12:29:14","guid":{"rendered":"https:\/\/roveyayinevi.com.tr\/index.php\/urun\/selam-olsun-hidayete-tabi-olanlara\/"},"modified":"2026-04-16T02:12:59","modified_gmt":"2026-04-15T23:12:59","slug":"selam-olsun-hidayete-tabi-olanlara","status":"publish","type":"product","link":"https:\/\/roveyayinevi.com.tr\/index.php\/urun\/selam-olsun-hidayete-tabi-olanlara\/","title":{"rendered":"Selam Olsun Hidayete Tabi Olanlara"},"content":{"rendered":"<p>Her varl\u0131k Hakk\u0131 tesbih etmektedir. Tesbih etmek, varl\u0131\u011f\u0131n yarat\u0131l\u0131\u015f\u0131nca i\u015f g\u00f6rmesidir. \u015ea\u015fmadan elma tohumundan elma, domates tohumundan domates olmas\u0131, nebatat\u0131n tesbihidir. G\u00fcnler, geceler, ya\u011fmurlar, G\u00fcne\u015f, r\u00fczgar&#8230; Her yarat\u0131lan\u0131n vazifesini harfiyen yerine getirmesi, Hakk\u0131 tesbih etmesidir. <\/p>\n","protected":false},"excerpt":{"rendered":"<p>Her varl\u0131k Hakk\u0131 tesbih etmektedir. Tesbih etmek, varl\u0131\u011f\u0131n yarat\u0131l\u0131\u015f\u0131nca i\u015f g\u00f6rmesidir. \u015ea\u015fmadan elma tohumundan elma, domates tohumundan domates olmas\u0131, nebatat\u0131n tesbihidir. G\u00fcnler, geceler, ya\u011fmurlar, G\u00fcne\u015f, r\u00fczgar&#8230;<span class=\"excerpt-hellip\"> [\u2026]<\/span><\/p>\n","protected":false},"featured_media":0,"template":"","meta":{"_monsterinsights_skip_tracking":false,"_monsterinsights_sitenote_active":false,"_monsterinsights_sitenote_note":"","_monsterinsights_sitenote_category":0},"product_brand":[],"product_cat":[12718,12719,12720],"product_tag":[],"class_list":{"0":"post-703789","1":"product","2":"type-product","3":"status-publish","5":"product_cat-din","6":"product_cat-islam","7":"product_cat-tasavvuf-mezhepler-tarikatlar","8":"pa_tur-kitap","9":"pa_yayinevi-nesil-yayinlari","10":"pa_yazar-ali-bektas","12":"first","13":"instock","14":"sale","15":"shipping-taxable","16":"purchasable","17":"product-type-simple"},"_links":{"self":[{"href":"https:\/\/roveyayinevi.com.tr\/index.php\/wp-json\/wp\/v2\/product\/703789","targetHints":{"allow":["GET"]}}],"collection":[{"href":"https:\/\/roveyayinevi.com.tr\/index.php\/wp-json\/wp\/v2\/product"}],"about":[{"href":"https:\/\/roveyayinevi.com.tr\/index.php\/wp-json\/wp\/v2\/types\/product"}],"wp:attachment":[{"href":"https:\/\/roveyayinevi.com.tr\/index.php\/wp-json\/wp\/v2\/media?parent=703789"}],"wp:term":[{"taxonomy":"product_brand","embeddable":true,"href":"https:\/\/roveyayinevi.com.tr\/index.php\/wp-json\/wp\/v2\/product_brand?post=703789"},{"taxonomy":"product_cat","embeddable":true,"href":"https:\/\/roveyayinevi.com.tr\/index.php\/wp-json\/wp\/v2\/product_cat?post=703789"},{"taxonomy":"product_tag","embeddable":true,"href":"https:\/\/roveyayinevi.com.tr\/index.php\/wp-json\/wp\/v2\/product_tag?post=703789"}],"curies":[{"name":"wp","href":"https:\/\/api.w.org\/{rel}","templated":true}]}}