{"id":703786,"date":"2025-08-27T15:29:13","date_gmt":"2025-08-27T12:29:13","guid":{"rendered":"https:\/\/roveyayinevi.com.tr\/index.php\/urun\/girisimcilik-kobiler-ve-strateji\/"},"modified":"2025-11-11T03:35:00","modified_gmt":"2025-11-11T00:35:00","slug":"girisimcilik-kobiler-ve-strateji","status":"publish","type":"product","link":"https:\/\/roveyayinevi.com.tr\/index.php\/urun\/girisimcilik-kobiler-ve-strateji\/","title":{"rendered":"Giri\u015fimcilik, Kobi&#8217;ler ve Strateji"},"content":{"rendered":"<p>1.    G\u0130R\u0130\u015e\u0130MC\u0130L\u0130K \u00dcZER\u0130NE TEMEL KAVRAMLAR: G\u0130R\u0130\u015e\u0130M, G\u0130R\u0130\u015e\u0130MC\u0130, G\u0130R\u0130\u015e\u0130MC\u0130L\u0130K KAVRAMLARI 2.    G\u0130R\u0130\u015e\u0130MC\u0130L\u0130KTE BA\u015eARI FAKT\u00d6RLER\u0130 VE BA\u015eARISIZLIK NEDENLER\u0130 3.    \u0130\u015eLETMELER\u0130N KURULU\u015e S\u00dcREC\u0130 4.    KOB\u0130\u2019LER VE KOB\u0130\u2019LER\u0130N ORTAK \u00d6ZELL\u0130KLER\u0130 5.    KOB\u0130\u2019LERDE HUKUK\u0130 YAPI VE MUHASEBE B\u0130LG\u0130 S\u0130STEM\u0130 6.    KOB\u0130\u2019LERDE Y\u00d6NET\u0130M \u0130\u015eLEV\u0130 7.    KOB\u0130\u2019LERDE \u00dcRET\u0130M \u0130\u015eLEV\u0130 VE YEN\u0130 \u00dcRET\u0130M S\u0130STEMLER\u0130 8.    KOB\u0130\u2019LERDE PAZARLAMA VE YEN\u0130 PAZARLAMA Y\u00d6NTEMLER\u0130 1.    KOB\u0130\u2019LERDE F\u0130NANSMAN FONKS\u0130YONU 2.    KOB\u0130\u2019LERDE HALKLA \u0130L\u0130\u015eK\u0130LER FONKS\u0130YONU 3.    KOB\u0130\u2019LERDE \u0130NSAN KAYNAKLARI Y\u00d6NET\u0130M\u0130 4.    KOB\u0130\u2019LER\u0130N EKONOM\u0130K VE SOSYAL S\u0130STEME KATKILARI, G\u00dc\u00c7L\u00dc VE ZAYIF Y\u00d6NLER\u0130 5.    KOB\u0130\u2019LER\u0130N SORUNLARI 6.    G\u0130R\u0130\u015e\u0130MC\u0130L\u0130KTE \u0130\u015e PLANI 7.    STRATEJ\u0130 VE STRATEJ\u0130K Y\u00d6NET\u0130M   <\/p>\n","protected":false},"excerpt":{"rendered":"<p>1. G\u0130R\u0130\u015e\u0130MC\u0130L\u0130K \u00dcZER\u0130NE TEMEL KAVRAMLAR: G\u0130R\u0130\u015e\u0130M, G\u0130R\u0130\u015e\u0130MC\u0130, G\u0130R\u0130\u015e\u0130MC\u0130L\u0130K KAVRAMLARI 2. G\u0130R\u0130\u015e\u0130MC\u0130L\u0130KTE BA\u015eARI FAKT\u00d6RLER\u0130 VE BA\u015eARISIZLIK NEDENLER\u0130 3. \u0130\u015eLETMELER\u0130N KURULU\u015e S\u00dcREC\u0130 4. KOB\u0130\u2019LER VE KOB\u0130\u2019LER\u0130N ORTAK \u00d6ZELL\u0130KLER\u0130<span class=\"excerpt-hellip\"> [\u2026]<\/span><\/p>\n","protected":false},"featured_media":0,"template":"","meta":{"_monsterinsights_skip_tracking":false,"_monsterinsights_sitenote_active":false,"_monsterinsights_sitenote_note":"","_monsterinsights_sitenote_category":0},"product_brand":[],"product_cat":[12573,12566],"product_tag":[],"class_list":{"0":"post-703786","1":"product","2":"type-product","3":"status-publish","5":"product_cat-akademik-kitaplar","6":"product_cat-egitim","7":"pa_cilt-ciltsiz","8":"pa_tur-kitap","9":"pa_yayinevi-gazi-kitabevi","10":"pa_yazar-kolektif","12":"first","13":"instock","14":"sale","15":"shipping-taxable","16":"purchasable","17":"product-type-simple"},"_links":{"self":[{"href":"https:\/\/roveyayinevi.com.tr\/index.php\/wp-json\/wp\/v2\/product\/703786","targetHints":{"allow":["GET"]}}],"collection":[{"href":"https:\/\/roveyayinevi.com.tr\/index.php\/wp-json\/wp\/v2\/product"}],"about":[{"href":"https:\/\/roveyayinevi.com.tr\/index.php\/wp-json\/wp\/v2\/types\/product"}],"wp:attachment":[{"href":"https:\/\/roveyayinevi.com.tr\/index.php\/wp-json\/wp\/v2\/media?parent=703786"}],"wp:term":[{"taxonomy":"product_brand","embeddable":true,"href":"https:\/\/roveyayinevi.com.tr\/index.php\/wp-json\/wp\/v2\/product_brand?post=703786"},{"taxonomy":"product_cat","embeddable":true,"href":"https:\/\/roveyayinevi.com.tr\/index.php\/wp-json\/wp\/v2\/product_cat?post=703786"},{"taxonomy":"product_tag","embeddable":true,"href":"https:\/\/roveyayinevi.com.tr\/index.php\/wp-json\/wp\/v2\/product_tag?post=703786"}],"curies":[{"name":"wp","href":"https:\/\/api.w.org\/{rel}","templated":true}]}}