{"id":703785,"date":"2025-08-27T15:29:13","date_gmt":"2025-08-27T12:29:13","guid":{"rendered":"https:\/\/roveyayinevi.com.tr\/index.php\/urun\/hasta-toplumlar\/"},"modified":"2026-04-16T02:12:59","modified_gmt":"2026-04-15T23:12:59","slug":"hasta-toplumlar","status":"publish","type":"product","link":"https:\/\/roveyayinevi.com.tr\/index.php\/urun\/hasta-toplumlar\/","title":{"rendered":"Hasta Toplumlar"},"content":{"rendered":"<p>Do\u011fan C\u00fccelo\u011flu&#8217;nun \u00d6n S\u00f6z\u00fcyle Hasta Toplumlar Hasta Toplumlar kitab\u0131n\u0131 T\u00fcrk toplumunun gelece\u011fi ile ilgilenen \u00fcniversiteli gen\u00e7lerin, d\u00fc\u015f\u00fcn\u00fcrlerin, e\u011fitimcilerin, siyaset\u00e7ilerin, gazetecilerin okumas\u0131n\u0131 isterim. Do\u011fan C\u00fccelo\u011flu Bu kitap bir \u00e7ok antropolo\u011fun toplumlar\u0131n do\u011fu\u015ftan iyi adapte olmu\u015f sistemler oldu\u011fu inanc\u0131na \u00e7ok etkili bir meydan okumad\u0131r ve ayr\u0131ca g\u00f6recilikle ilgili di\u011fer toplumlar\u0131n hasta olarak asla tan\u0131mlanamayaca\u011f\u0131 efsanesinin yanl\u0131\u015f oldu\u011funu ispatlamaktad\u0131r. Profesyonel antropologlar\u0131n yan\u0131 s\u0131ra \u00fcniversite \u00f6\u011frencileri taraf\u0131ndan da okunmas\u0131 gerekir. Dr. C. R. HALLPIKE Principles of Social Evolution&#8217;un yazar\u0131 Ger\u00e7ekten etkileyici ve g\u00fcncel bir kitap. Robert Edgerton g\u00fcn\u00fcm\u00fcz toplumsal yap\u0131s\u0131n\u0131n \u00e7\u0131kmazlar\u0131n\u0131n yan\u0131 s\u0131ra evrimsel ge\u00e7mi\u015fimizi anlamak i\u00e7in hayati \u00f6neme haiz k\u00fclt\u00fcrel maladaptasyon konular\u0131n\u0131 irdelemi\u015ftir. Adaptasyoncu tart\u0131\u015fmalar\u0131n en sad\u0131k destek\u00e7ilerinin bile, Edgerton&#8217;\u0131n \u00e7ok ikna edici \u015fekilde derledi\u011fi bu ansiklopedik ve detayl\u0131 \u00e7al\u0131\u015fmas\u0131ndaki kar\u015f\u0131 kan\u0131tlar\u0131n bollu\u011funu reddetmekte \u00e7ok b\u00fcy\u00fck s\u0131k\u0131nt\u0131 ya\u015fayacakt\u0131r. Bruce M. KNAUFT Antropoloji Profes\u00f6r\u00fc Bu kitap, sadece farkl\u0131l\u0131k yaratan de\u011fil ayn\u0131 zamanda \u00e7ok muhtemel d\u00f6n\u00fcm noktas\u0131n\u0131 g\u00f6steren nadide eserlerden biridir. &#8216;\u0130lkel d\u00fczen&#8217; efsanesinin net tart\u0131\u015fmalar\u0131n\u0131n \u00e7ok \u00fcst\u00fcnde ve \u00f6tesinde Edgerton&#8217;\u0131n Hasta Toplumlar&#8217;\u0131, modern antropologlar\u0131n tart\u0131\u015fmadan kabul etti\u011fi bir\u00e7ok temel varsay\u0131mlara meydan okuyor. S. Chad OL\u0130VER Anropoloji ve Be\u015feri \u0130limler Profes\u00f6r\u00fc Edgerton eski bir efsaneyi terk etmemizde ve d\u00fcnyay\u0131 biraz daha fazla do\u011frulukta g\u00f6rmemizde bize yard\u0131m ediyor. Ayr\u0131ca Edgerton muazzam bir ara\u015ft\u0131rma program\u0131 d\u00fczenliyor.Antropolojinin ampirik bir ele\u015ftirisi. Bu kitaptan \u00f6\u011frenilecek \u00e7ok \u015fey var. Roy D&#8217;ANDRADE Antropoloji Profes\u00f6r\u00fc Antropolojideki egemen gelenekselli\u011fe cesaretle meydan okuyan b\u00fcy\u00fcleyici bir kitap. Melvin KONNER The Tengled Wings: Biological Constraints on the Human Spirit&#8217;in yazar\u0131 <\/p>\n","protected":false},"excerpt":{"rendered":"<p>Do\u011fan C\u00fccelo\u011flu&#8217;nun \u00d6n S\u00f6z\u00fcyle Hasta Toplumlar Hasta Toplumlar kitab\u0131n\u0131 T\u00fcrk toplumunun gelece\u011fi ile ilgilenen \u00fcniversiteli gen\u00e7lerin, d\u00fc\u015f\u00fcn\u00fcrlerin, e\u011fitimcilerin, siyaset\u00e7ilerin, gazetecilerin okumas\u0131n\u0131 isterim. Do\u011fan C\u00fccelo\u011flu Bu kitap<span class=\"excerpt-hellip\"> [\u2026]<\/span><\/p>\n","protected":false},"featured_media":0,"template":"","meta":{"_monsterinsights_skip_tracking":false,"_monsterinsights_sitenote_active":false,"_monsterinsights_sitenote_note":"","_monsterinsights_sitenote_category":0},"product_brand":[],"product_cat":[15499,13488],"product_tag":[],"class_list":{"0":"post-703785","1":"product","2":"type-product","3":"status-publish","5":"product_cat-antropoloji","6":"product_cat-toplum-ve-insan","7":"pa_cilt-ciltsiz","8":"pa_tur-kitap","9":"pa_yayinevi-buzdagi-yayinlari","10":"pa_yazar-robert-b-edgerton","12":"first","13":"instock","14":"sale","15":"shipping-taxable","16":"purchasable","17":"product-type-simple"},"_links":{"self":[{"href":"https:\/\/roveyayinevi.com.tr\/index.php\/wp-json\/wp\/v2\/product\/703785","targetHints":{"allow":["GET"]}}],"collection":[{"href":"https:\/\/roveyayinevi.com.tr\/index.php\/wp-json\/wp\/v2\/product"}],"about":[{"href":"https:\/\/roveyayinevi.com.tr\/index.php\/wp-json\/wp\/v2\/types\/product"}],"wp:attachment":[{"href":"https:\/\/roveyayinevi.com.tr\/index.php\/wp-json\/wp\/v2\/media?parent=703785"}],"wp:term":[{"taxonomy":"product_brand","embeddable":true,"href":"https:\/\/roveyayinevi.com.tr\/index.php\/wp-json\/wp\/v2\/product_brand?post=703785"},{"taxonomy":"product_cat","embeddable":true,"href":"https:\/\/roveyayinevi.com.tr\/index.php\/wp-json\/wp\/v2\/product_cat?post=703785"},{"taxonomy":"product_tag","embeddable":true,"href":"https:\/\/roveyayinevi.com.tr\/index.php\/wp-json\/wp\/v2\/product_tag?post=703785"}],"curies":[{"name":"wp","href":"https:\/\/api.w.org\/{rel}","templated":true}]}}