{"id":703784,"date":"2025-08-27T15:29:12","date_gmt":"2025-08-27T12:29:12","guid":{"rendered":"https:\/\/roveyayinevi.com.tr\/index.php\/urun\/6-x-6-sudoku-10-5-yas\/"},"modified":"2026-04-16T02:12:59","modified_gmt":"2026-04-15T23:12:59","slug":"6-x-6-sudoku-10-5-yas","status":"publish","type":"product","link":"https:\/\/roveyayinevi.com.tr\/index.php\/urun\/6-x-6-sudoku-10-5-yas\/","title":{"rendered":"6 x 6 Sudoku \u2013 10 (5 Ya\u015f +)"},"content":{"rendered":"<p>\u00c7ocuklar i\u00e7in Sudoku&#8217;lar, rakamlar yerine resimlerden olu\u015fmakta ve eksikleri \u00e7ocuklar\u0131n oynamay\u0131 \u00e7ok sevdi\u011fi \u00e7\u0131kartmalarla tamamlanmaktad\u0131r. Sudoku mant\u0131\u011f\u0131na uygun olarak her bir resim, her sat\u0131r ve her s\u00fctunda sadece bir kez yer almaktad\u0131r.  5 ya\u015f \u00fczeri \u00e7ocuklar i\u00e7in haz\u0131rlanan 6&#215;6 bulmacalar, belli bir temadaki 6 resmin 36 kareye, yerle\u015ftirilmesini ama\u00e7lar. Kitap, 10 farkl\u0131 Sudoku bulmacas\u0131ndan olu\u015fmakta ve eksiklerin tamamlanaca\u011f\u0131 \u00e7\u0131kartmalar kitab\u0131n ortas\u0131ndaki 2 sayfada bulunmaktad\u0131r.  Bu yay\u0131nla, hem Sudoku&#8217;yu \u00e7ocuklara tan\u0131tmak hem \u00e7ok sevdikleri \u00e7\u0131kartmalarla yeni bir faaliyet alan\u0131 yaratmak hem de sistematik d\u00fc\u015f\u00fcnme becerilerini geli\u015ftirmek hedeflenmi\u015ftir. <\/p>\n","protected":false},"excerpt":{"rendered":"<p>\u00c7ocuklar i\u00e7in Sudoku&#8217;lar, rakamlar yerine resimlerden olu\u015fmakta ve eksikleri \u00e7ocuklar\u0131n oynamay\u0131 \u00e7ok sevdi\u011fi \u00e7\u0131kartmalarla tamamlanmaktad\u0131r. Sudoku mant\u0131\u011f\u0131na uygun olarak her bir resim, her sat\u0131r ve her<span class=\"excerpt-hellip\"> [\u2026]<\/span><\/p>\n","protected":false},"featured_media":0,"template":"","meta":{"_monsterinsights_skip_tracking":false,"_monsterinsights_sitenote_active":false,"_monsterinsights_sitenote_note":"","_monsterinsights_sitenote_category":0},"product_brand":[],"product_cat":[12274,17859],"product_tag":[],"class_list":{"0":"post-703784","1":"product","2":"type-product","3":"status-publish","5":"product_cat-cocuk-ve-genclik-kitaplari","6":"product_cat-oyun-kitaplari","7":"pa_cilt-ciltsiz","8":"pa_tur-kitap10","9":"pa_yayinevi-potikare-yayincilik","10":"pa_yazar-kolektif","12":"first","13":"instock","14":"sale","15":"shipping-taxable","16":"purchasable","17":"product-type-simple"},"_links":{"self":[{"href":"https:\/\/roveyayinevi.com.tr\/index.php\/wp-json\/wp\/v2\/product\/703784","targetHints":{"allow":["GET"]}}],"collection":[{"href":"https:\/\/roveyayinevi.com.tr\/index.php\/wp-json\/wp\/v2\/product"}],"about":[{"href":"https:\/\/roveyayinevi.com.tr\/index.php\/wp-json\/wp\/v2\/types\/product"}],"wp:attachment":[{"href":"https:\/\/roveyayinevi.com.tr\/index.php\/wp-json\/wp\/v2\/media?parent=703784"}],"wp:term":[{"taxonomy":"product_brand","embeddable":true,"href":"https:\/\/roveyayinevi.com.tr\/index.php\/wp-json\/wp\/v2\/product_brand?post=703784"},{"taxonomy":"product_cat","embeddable":true,"href":"https:\/\/roveyayinevi.com.tr\/index.php\/wp-json\/wp\/v2\/product_cat?post=703784"},{"taxonomy":"product_tag","embeddable":true,"href":"https:\/\/roveyayinevi.com.tr\/index.php\/wp-json\/wp\/v2\/product_tag?post=703784"}],"curies":[{"name":"wp","href":"https:\/\/api.w.org\/{rel}","templated":true}]}}