{"id":703783,"date":"2025-08-27T15:29:12","date_gmt":"2025-08-27T12:29:12","guid":{"rendered":"https:\/\/roveyayinevi.com.tr\/index.php\/urun\/cocuklarin-savasi-kiyamet-okulu-3-kitap\/"},"modified":"2026-04-03T02:17:30","modified_gmt":"2026-04-02T23:17:30","slug":"cocuklarin-savasi-kiyamet-okulu-3-kitap","status":"publish","type":"product","link":"https:\/\/roveyayinevi.com.tr\/index.php\/urun\/cocuklarin-savasi-kiyamet-okulu-3-kitap\/","title":{"rendered":"\u00c7ocuklar\u0131n Sava\u015f\u0131 &#8211; K\u0131yamet Okulu 3. Kitap"},"content":{"rendered":"<p>Caroline sa\u011flam g\u00f6z\u00fcn\u00fc a\u00e7\u0131p k\u0131rp\u0131\u015ft\u0131rd\u0131. Patlaman\u0131n k\u00fc\u00e7\u00fck odada h\u00e2l\u00e2 yank\u0131lanan \u015fok dalgalar\u0131n\u0131n darbelerinden ba\u015f\u0131n\u0131 kurtarmas\u0131 zor olmu\u015ftu. Duvarlar beyaz boyal\u0131yd\u0131, ama caddede bir ate\u015f topu b\u00fcy\u00fcy\u00fcnce turuncu olmu\u015ftu. \ufffcTan\u0131t\u0131m Metni<\/p>\n","protected":false},"excerpt":{"rendered":"<p>Caroline sa\u011flam g\u00f6z\u00fcn\u00fc a\u00e7\u0131p k\u0131rp\u0131\u015ft\u0131rd\u0131. Patlaman\u0131n k\u00fc\u00e7\u00fck odada h\u00e2l\u00e2 yank\u0131lanan \u015fok dalgalar\u0131n\u0131n darbelerinden ba\u015f\u0131n\u0131 kurtarmas\u0131 zor olmu\u015ftu. Duvarlar beyaz boyal\u0131yd\u0131, ama caddede bir ate\u015f topu b\u00fcy\u00fcy\u00fcnce<span class=\"excerpt-hellip\"> [\u2026]<\/span><\/p>\n","protected":false},"featured_media":0,"template":"","meta":{"_monsterinsights_skip_tracking":false,"_monsterinsights_sitenote_active":false,"_monsterinsights_sitenote_note":"","_monsterinsights_sitenote_category":0},"product_brand":[],"product_cat":[12291,12711],"product_tag":[],"class_list":{"0":"post-703783","1":"product","2":"type-product","3":"status-publish","5":"product_cat-edebiyat","6":"product_cat-roman-oyku","7":"pa_tur-kitap","8":"pa_yayinevi-kassandra-yayinlari","9":"pa_yazar-scott-k-andrews","11":"first","12":"instock","13":"sale","14":"shipping-taxable","15":"purchasable","16":"product-type-simple"},"_links":{"self":[{"href":"https:\/\/roveyayinevi.com.tr\/index.php\/wp-json\/wp\/v2\/product\/703783","targetHints":{"allow":["GET"]}}],"collection":[{"href":"https:\/\/roveyayinevi.com.tr\/index.php\/wp-json\/wp\/v2\/product"}],"about":[{"href":"https:\/\/roveyayinevi.com.tr\/index.php\/wp-json\/wp\/v2\/types\/product"}],"wp:attachment":[{"href":"https:\/\/roveyayinevi.com.tr\/index.php\/wp-json\/wp\/v2\/media?parent=703783"}],"wp:term":[{"taxonomy":"product_brand","embeddable":true,"href":"https:\/\/roveyayinevi.com.tr\/index.php\/wp-json\/wp\/v2\/product_brand?post=703783"},{"taxonomy":"product_cat","embeddable":true,"href":"https:\/\/roveyayinevi.com.tr\/index.php\/wp-json\/wp\/v2\/product_cat?post=703783"},{"taxonomy":"product_tag","embeddable":true,"href":"https:\/\/roveyayinevi.com.tr\/index.php\/wp-json\/wp\/v2\/product_tag?post=703783"}],"curies":[{"name":"wp","href":"https:\/\/api.w.org\/{rel}","templated":true}]}}