{"id":703780,"date":"2025-08-27T15:29:11","date_gmt":"2025-08-27T12:29:11","guid":{"rendered":"https:\/\/roveyayinevi.com.tr\/index.php\/urun\/gunumuze-isik-tutan-peygamber-ve-sahabe-ruyalari\/"},"modified":"2026-04-16T02:12:59","modified_gmt":"2026-04-15T23:12:59","slug":"gunumuze-isik-tutan-peygamber-ve-sahabe-ruyalari","status":"publish","type":"product","link":"https:\/\/roveyayinevi.com.tr\/index.php\/urun\/gunumuze-isik-tutan-peygamber-ve-sahabe-ruyalari\/","title":{"rendered":"G\u00fcn\u00fcm\u00fcze I\u015f\u0131k Tutan Peygamber ve Sahabe R\u00fcyalar\u0131"},"content":{"rendered":"<p>R\u00fcyan\u0131n hakikat ve hikmet boyutuna dair ger\u00e7ek bilgiler ba\u015fta Kur\u2019an olmak \u00fczere temel \u0130slami metinlerde zikredilmektedir. Peygamberimiz Hz. Muhammed de (a.s.m.) r\u00fcyalara b\u00fcy\u00fck \u00f6nem vermi\u015f, bilhassa sad\u0131k r\u00fcyalar dedi\u011fi r\u00fcya \u00e7e\u015fidini peygamberli\u011fin bir c\u00fcz\u00fc olarak de\u011ferlendirmi\u015ftir. \ufffcTan\u0131t\u0131m Metni<\/p>\n","protected":false},"excerpt":{"rendered":"<p>R\u00fcyan\u0131n hakikat ve hikmet boyutuna dair ger\u00e7ek bilgiler ba\u015fta Kur\u2019an olmak \u00fczere temel \u0130slami metinlerde zikredilmektedir. Peygamberimiz Hz. Muhammed de (a.s.m.) r\u00fcyalara b\u00fcy\u00fck \u00f6nem vermi\u015f, bilhassa<span class=\"excerpt-hellip\"> [\u2026]<\/span><\/p>\n","protected":false},"featured_media":0,"template":"","meta":{"_monsterinsights_skip_tracking":false,"_monsterinsights_sitenote_active":false,"_monsterinsights_sitenote_note":"","_monsterinsights_sitenote_category":0},"product_brand":[],"product_cat":[16789,12718,12719],"product_tag":[],"class_list":{"0":"post-703780","1":"product","2":"type-product","3":"status-publish","5":"product_cat-diger-islam","6":"product_cat-din","7":"product_cat-islam","8":"pa_tur-kitap","9":"pa_yayinevi-nesil-yayinlari","10":"pa_yazar-ali-seyyar","12":"first","13":"instock","14":"sale","15":"shipping-taxable","16":"purchasable","17":"product-type-simple"},"_links":{"self":[{"href":"https:\/\/roveyayinevi.com.tr\/index.php\/wp-json\/wp\/v2\/product\/703780","targetHints":{"allow":["GET"]}}],"collection":[{"href":"https:\/\/roveyayinevi.com.tr\/index.php\/wp-json\/wp\/v2\/product"}],"about":[{"href":"https:\/\/roveyayinevi.com.tr\/index.php\/wp-json\/wp\/v2\/types\/product"}],"wp:attachment":[{"href":"https:\/\/roveyayinevi.com.tr\/index.php\/wp-json\/wp\/v2\/media?parent=703780"}],"wp:term":[{"taxonomy":"product_brand","embeddable":true,"href":"https:\/\/roveyayinevi.com.tr\/index.php\/wp-json\/wp\/v2\/product_brand?post=703780"},{"taxonomy":"product_cat","embeddable":true,"href":"https:\/\/roveyayinevi.com.tr\/index.php\/wp-json\/wp\/v2\/product_cat?post=703780"},{"taxonomy":"product_tag","embeddable":true,"href":"https:\/\/roveyayinevi.com.tr\/index.php\/wp-json\/wp\/v2\/product_tag?post=703780"}],"curies":[{"name":"wp","href":"https:\/\/api.w.org\/{rel}","templated":true}]}}