{"id":703778,"date":"2025-08-27T15:29:10","date_gmt":"2025-08-27T12:29:10","guid":{"rendered":"https:\/\/roveyayinevi.com.tr\/index.php\/urun\/gozlerin-nuru-namaz\/"},"modified":"2026-04-16T02:12:59","modified_gmt":"2026-04-15T23:12:59","slug":"gozlerin-nuru-namaz","status":"publish","type":"product","link":"https:\/\/roveyayinevi.com.tr\/index.php\/urun\/gozlerin-nuru-namaz\/","title":{"rendered":"G\u00f6zlerin Nuru Namaz"},"content":{"rendered":"<p>Arap\u00e7ada salat, ate\u015f manas\u0131na gelen \u201csalye\u201d k\u00f6k\u00fcnden al\u0131nm\u0131\u015ft\u0131r. E\u011fri bir a\u011fa\u00e7 (odun) do\u011frultulmak istendi\u011fi zaman ate\u015fte \u0131s\u0131t\u0131larak d\u00fczeltilir. \u0130nsanda da nefs-i emmarenin mevcudiyetinden dolay\u0131 birtak\u0131m e\u011frilikler ve bozukluklar vard\u0131r; onlar\u0131n da d\u00fczeltilmesi gerekmektedir. Namaz sayesinde tecelli eden ilahi, Rabbani azamet nurlar\u0131, namaz k\u0131lan\u0131n nefsindeki e\u011frilikleri eriterek yok eder. Kul bununla kalmay\u0131p ayn\u0131 zamanda namaz sayesinde manevi mirac\u0131n\u0131 ger\u00e7ekle\u015ftirir. Demek ki namaz k\u0131lan kimse, ate\u015fte iyice \u0131s\u0131t\u0131larak \u00fczerindeki kir ve paslar\u0131n temizlendi\u011fi maden gibidir. Kimin namaz\u0131 manevi hararet ve nuruyla \u0131s\u0131narak e\u011frili\u011fini giderse, o kimse cehennem ate\u015fine konmaz. <\/p>\n","protected":false},"excerpt":{"rendered":"<p>Arap\u00e7ada salat, ate\u015f manas\u0131na gelen \u201csalye\u201d k\u00f6k\u00fcnden al\u0131nm\u0131\u015ft\u0131r. E\u011fri bir a\u011fa\u00e7 (odun) do\u011frultulmak istendi\u011fi zaman ate\u015fte \u0131s\u0131t\u0131larak d\u00fczeltilir. \u0130nsanda da nefs-i emmarenin mevcudiyetinden dolay\u0131 birtak\u0131m e\u011frilikler<span class=\"excerpt-hellip\"> [\u2026]<\/span><\/p>\n","protected":false},"featured_media":0,"template":"","meta":{"_monsterinsights_skip_tracking":false,"_monsterinsights_sitenote_active":false,"_monsterinsights_sitenote_note":"","_monsterinsights_sitenote_category":0},"product_brand":[],"product_cat":[16789,12718,12719],"product_tag":[],"class_list":{"0":"post-703778","1":"product","2":"type-product","3":"status-publish","5":"product_cat-diger-islam","6":"product_cat-din","7":"product_cat-islam","8":"pa_tur-kitap","9":"pa_yayinevi-nefes-yayincilik","10":"pa_yazar-cemalnur-sargut","12":"first","13":"instock","14":"sale","15":"shipping-taxable","16":"purchasable","17":"product-type-simple"},"_links":{"self":[{"href":"https:\/\/roveyayinevi.com.tr\/index.php\/wp-json\/wp\/v2\/product\/703778","targetHints":{"allow":["GET"]}}],"collection":[{"href":"https:\/\/roveyayinevi.com.tr\/index.php\/wp-json\/wp\/v2\/product"}],"about":[{"href":"https:\/\/roveyayinevi.com.tr\/index.php\/wp-json\/wp\/v2\/types\/product"}],"wp:attachment":[{"href":"https:\/\/roveyayinevi.com.tr\/index.php\/wp-json\/wp\/v2\/media?parent=703778"}],"wp:term":[{"taxonomy":"product_brand","embeddable":true,"href":"https:\/\/roveyayinevi.com.tr\/index.php\/wp-json\/wp\/v2\/product_brand?post=703778"},{"taxonomy":"product_cat","embeddable":true,"href":"https:\/\/roveyayinevi.com.tr\/index.php\/wp-json\/wp\/v2\/product_cat?post=703778"},{"taxonomy":"product_tag","embeddable":true,"href":"https:\/\/roveyayinevi.com.tr\/index.php\/wp-json\/wp\/v2\/product_tag?post=703778"}],"curies":[{"name":"wp","href":"https:\/\/api.w.org\/{rel}","templated":true}]}}