{"id":703777,"date":"2025-08-27T15:29:10","date_gmt":"2025-08-27T12:29:10","guid":{"rendered":"https:\/\/roveyayinevi.com.tr\/index.php\/urun\/sunnete-gore-gunluk-hayat-ciltli\/"},"modified":"2026-04-16T02:12:59","modified_gmt":"2026-04-15T23:12:59","slug":"sunnete-gore-gunluk-hayat-ciltli","status":"publish","type":"product","link":"https:\/\/roveyayinevi.com.tr\/index.php\/urun\/sunnete-gore-gunluk-hayat-ciltli\/","title":{"rendered":"S\u00fcnnete G\u00f6re G\u00fcnl\u00fck Hayat (Ciltli)"},"content":{"rendered":"<p>\u201cDe ki: Siz ger\u00e7ekten Allah\u2019\u0131 seviyorsan\u0131z bana uyun ki, Allah da sizi sevsin ve g\u00fcnahlar\u0131n\u0131z\u0131 ba\u011f\u0131\u015flas\u0131n.\u201d (Al-i \u0130mran, 3:31.) <\/p>\n","protected":false},"excerpt":{"rendered":"<p>\u201cDe ki: Siz ger\u00e7ekten Allah\u2019\u0131 seviyorsan\u0131z bana uyun ki, Allah da sizi sevsin ve g\u00fcnahlar\u0131n\u0131z\u0131 ba\u011f\u0131\u015flas\u0131n.\u201d (Al-i \u0130mran, 3:31.)<\/p>\n","protected":false},"featured_media":0,"template":"","meta":{"_monsterinsights_skip_tracking":false,"_monsterinsights_sitenote_active":false,"_monsterinsights_sitenote_note":"","_monsterinsights_sitenote_category":0},"product_brand":[],"product_cat":[12718,12719,13025],"product_tag":[],"class_list":{"0":"post-703777","1":"product","2":"type-product","3":"status-publish","5":"product_cat-din","6":"product_cat-islam","7":"product_cat-islam-ve-gunumuz-islam-dusuncesi","8":"pa_cilt-ciltli","9":"pa_tur-kitap","10":"pa_yayinevi-nesil-yayinlari","11":"pa_yazar-mehmed-paksu","13":"first","14":"instock","15":"sale","16":"shipping-taxable","17":"purchasable","18":"product-type-simple"},"_links":{"self":[{"href":"https:\/\/roveyayinevi.com.tr\/index.php\/wp-json\/wp\/v2\/product\/703777","targetHints":{"allow":["GET"]}}],"collection":[{"href":"https:\/\/roveyayinevi.com.tr\/index.php\/wp-json\/wp\/v2\/product"}],"about":[{"href":"https:\/\/roveyayinevi.com.tr\/index.php\/wp-json\/wp\/v2\/types\/product"}],"wp:attachment":[{"href":"https:\/\/roveyayinevi.com.tr\/index.php\/wp-json\/wp\/v2\/media?parent=703777"}],"wp:term":[{"taxonomy":"product_brand","embeddable":true,"href":"https:\/\/roveyayinevi.com.tr\/index.php\/wp-json\/wp\/v2\/product_brand?post=703777"},{"taxonomy":"product_cat","embeddable":true,"href":"https:\/\/roveyayinevi.com.tr\/index.php\/wp-json\/wp\/v2\/product_cat?post=703777"},{"taxonomy":"product_tag","embeddable":true,"href":"https:\/\/roveyayinevi.com.tr\/index.php\/wp-json\/wp\/v2\/product_tag?post=703777"}],"curies":[{"name":"wp","href":"https:\/\/api.w.org\/{rel}","templated":true}]}}