{"id":703776,"date":"2025-08-27T15:29:09","date_gmt":"2025-08-27T12:29:09","guid":{"rendered":"https:\/\/roveyayinevi.com.tr\/index.php\/urun\/cilgin-futbol-ciltli\/"},"modified":"2026-04-16T02:12:59","modified_gmt":"2026-04-15T23:12:59","slug":"cilgin-futbol-ciltli","status":"publish","type":"product","link":"https:\/\/roveyayinevi.com.tr\/index.php\/urun\/cilgin-futbol-ciltli\/","title":{"rendered":"\u00c7\u0131lg\u0131n Futbol (Ciltli)"},"content":{"rendered":"<p>Futbolun efsanesi Pele ve Maradona\u2019dan sahalar\u0131n y\u0131ld\u0131z\u0131 Messi ve Ronaldo\u2019ya, milli tak\u0131m\u0131m\u0131z\u0131n ulusal ba\u015far\u0131lar\u0131ndan kupalar\u0131n milli \u00e7alg\u0131s\u0131 vuvuzelaya birbirinden \u00e7\u0131lg\u0131n tam 20 d\u00fcnya kupas\u0131! Garip, acayip, hatta e\u011flenceli mi e\u011flenceli ma\u00e7 hik\u00e2yeleri\u2026 \u0130lgini \u00e7ekiyorsa bu kitap tam sana g\u00f6re! \ufffc<\/p>\n","protected":false},"excerpt":{"rendered":"<p>Futbolun efsanesi Pele ve Maradona\u2019dan sahalar\u0131n y\u0131ld\u0131z\u0131 Messi ve Ronaldo\u2019ya, milli tak\u0131m\u0131m\u0131z\u0131n ulusal ba\u015far\u0131lar\u0131ndan kupalar\u0131n milli \u00e7alg\u0131s\u0131 vuvuzelaya birbirinden \u00e7\u0131lg\u0131n tam 20 d\u00fcnya kupas\u0131! Garip, acayip,<span class=\"excerpt-hellip\"> [\u2026]<\/span><\/p>\n","protected":false},"featured_media":0,"template":"","meta":{"_monsterinsights_skip_tracking":false,"_monsterinsights_sitenote_active":false,"_monsterinsights_sitenote_note":"","_monsterinsights_sitenote_category":0},"product_brand":[],"product_cat":[12291,14825],"product_tag":[],"class_list":{"0":"post-703776","1":"product","2":"type-product","3":"status-publish","5":"product_cat-edebiyat","6":"product_cat-mizah","7":"pa_cilt-ciltli","8":"pa_tur-kitap","9":"pa_yayinevi-nesil-genc","10":"pa_yazar-yusuf-asal","12":"first","13":"instock","14":"sale","15":"shipping-taxable","16":"purchasable","17":"product-type-simple"},"_links":{"self":[{"href":"https:\/\/roveyayinevi.com.tr\/index.php\/wp-json\/wp\/v2\/product\/703776","targetHints":{"allow":["GET"]}}],"collection":[{"href":"https:\/\/roveyayinevi.com.tr\/index.php\/wp-json\/wp\/v2\/product"}],"about":[{"href":"https:\/\/roveyayinevi.com.tr\/index.php\/wp-json\/wp\/v2\/types\/product"}],"wp:attachment":[{"href":"https:\/\/roveyayinevi.com.tr\/index.php\/wp-json\/wp\/v2\/media?parent=703776"}],"wp:term":[{"taxonomy":"product_brand","embeddable":true,"href":"https:\/\/roveyayinevi.com.tr\/index.php\/wp-json\/wp\/v2\/product_brand?post=703776"},{"taxonomy":"product_cat","embeddable":true,"href":"https:\/\/roveyayinevi.com.tr\/index.php\/wp-json\/wp\/v2\/product_cat?post=703776"},{"taxonomy":"product_tag","embeddable":true,"href":"https:\/\/roveyayinevi.com.tr\/index.php\/wp-json\/wp\/v2\/product_tag?post=703776"}],"curies":[{"name":"wp","href":"https:\/\/api.w.org\/{rel}","templated":true}]}}