{"id":703772,"date":"2025-08-27T15:29:07","date_gmt":"2025-08-27T12:29:07","guid":{"rendered":"https:\/\/roveyayinevi.com.tr\/index.php\/urun\/bil-bakalim-bu-nedir-ciltli\/"},"modified":"2026-04-16T02:12:59","modified_gmt":"2026-04-15T23:12:59","slug":"bil-bakalim-bu-nedir-ciltli","status":"publish","type":"product","link":"https:\/\/roveyayinevi.com.tr\/index.php\/urun\/bil-bakalim-bu-nedir-ciltli\/","title":{"rendered":"Bil Bakal\u0131m Bu Nedir? (Ciltli)"},"content":{"rendered":"<p>D\u00fcnya&#8217;ca \u00fcnl\u00fc say\u0131l\u0131 e\u011fitim yay\u0131nc\u0131lar\u0131ndan Larousse&#8217;un haz\u0131rlad\u0131\u011f\u0131 &#8221;Bil Bakal\u0131m&#8221; serisinin en yenisi Bil Bakal\u0131m Bu Nedir?&#8217;de v\u00fccudumuz, hayvanlar, bitkiler ve yery\u00fcz\u00fc hakk\u0131nda \u00e7ocuklar\u0131n merak etti\u011fi ancak b\u00fcy\u00fcklerin zaman zaman yan\u0131tlamakta zorland\u0131\u011f\u0131 200&#8217;e yak\u0131n sorunun yan\u0131t\u0131 akl\u0131. <\/p>\n","protected":false},"excerpt":{"rendered":"<p>D\u00fcnya&#8217;ca \u00fcnl\u00fc say\u0131l\u0131 e\u011fitim yay\u0131nc\u0131lar\u0131ndan Larousse&#8217;un haz\u0131rlad\u0131\u011f\u0131 &#8221;Bil Bakal\u0131m&#8221; serisinin en yenisi Bil Bakal\u0131m Bu Nedir?&#8217;de v\u00fccudumuz, hayvanlar, bitkiler ve yery\u00fcz\u00fc hakk\u0131nda \u00e7ocuklar\u0131n merak etti\u011fi ancak<span class=\"excerpt-hellip\"> [\u2026]<\/span><\/p>\n","protected":false},"featured_media":0,"template":"","meta":{"_monsterinsights_skip_tracking":false,"_monsterinsights_sitenote_active":false,"_monsterinsights_sitenote_note":"","_monsterinsights_sitenote_category":0},"product_brand":[],"product_cat":[12274,15842],"product_tag":[],"class_list":{"0":"post-703772","1":"product","2":"type-product","3":"status-publish","5":"product_cat-cocuk-ve-genclik-kitaplari","6":"product_cat-egitici-kitaplar","7":"pa_cilt-ciltli","8":"pa_tur-kitap","9":"pa_yayinevi-yapi-kredi-yayinlari","10":"pa_yazar-isabelle-jeuge-maynart","12":"first","13":"instock","14":"sale","15":"shipping-taxable","16":"purchasable","17":"product-type-simple"},"_links":{"self":[{"href":"https:\/\/roveyayinevi.com.tr\/index.php\/wp-json\/wp\/v2\/product\/703772","targetHints":{"allow":["GET"]}}],"collection":[{"href":"https:\/\/roveyayinevi.com.tr\/index.php\/wp-json\/wp\/v2\/product"}],"about":[{"href":"https:\/\/roveyayinevi.com.tr\/index.php\/wp-json\/wp\/v2\/types\/product"}],"wp:attachment":[{"href":"https:\/\/roveyayinevi.com.tr\/index.php\/wp-json\/wp\/v2\/media?parent=703772"}],"wp:term":[{"taxonomy":"product_brand","embeddable":true,"href":"https:\/\/roveyayinevi.com.tr\/index.php\/wp-json\/wp\/v2\/product_brand?post=703772"},{"taxonomy":"product_cat","embeddable":true,"href":"https:\/\/roveyayinevi.com.tr\/index.php\/wp-json\/wp\/v2\/product_cat?post=703772"},{"taxonomy":"product_tag","embeddable":true,"href":"https:\/\/roveyayinevi.com.tr\/index.php\/wp-json\/wp\/v2\/product_tag?post=703772"}],"curies":[{"name":"wp","href":"https:\/\/api.w.org\/{rel}","templated":true}]}}