{"id":703769,"date":"2025-08-27T15:29:06","date_gmt":"2025-08-27T12:29:06","guid":{"rendered":"https:\/\/roveyayinevi.com.tr\/index.php\/urun\/devletin-uluslararasi-insancil-hukukun-ihlalinden-dogan-sorumlulugu\/"},"modified":"2026-04-16T02:12:59","modified_gmt":"2026-04-15T23:12:59","slug":"devletin-uluslararasi-insancil-hukukun-ihlalinden-dogan-sorumlulugu","status":"publish","type":"product","link":"https:\/\/roveyayinevi.com.tr\/index.php\/urun\/devletin-uluslararasi-insancil-hukukun-ihlalinden-dogan-sorumlulugu\/","title":{"rendered":"Devletin Uluslararas\u0131 \u0130nsanc\u0131l Hukukun \u0130hlalinden Do\u011fan Sorumlulu\u011fu"},"content":{"rendered":"<p>* Uluslararas\u0131 \u0130nsanc\u0131l Hukukun Ortaya \u00c7\u0131k\u0131\u015f\u0131: Tan\u0131m, Kapsam, Kaynaklar ve Uygulama Alan\u0131 *Uluslararas\u0131 Hukukta Sorumluluk * Uluslararas\u0131 \u0130nsanc\u0131l Hukuk Kurallar\u0131n\u0131n\u0131n \u0130hlalinden Do\u011fanDevlet Sorumlulu\u011fu * Devletin Uluslararas\u0131 Sorumlulu\u011funun Hukuki Sonu\u00e7lar\u0131<\/p>\n","protected":false},"excerpt":{"rendered":"<p>* Uluslararas\u0131 \u0130nsanc\u0131l Hukukun Ortaya \u00c7\u0131k\u0131\u015f\u0131: Tan\u0131m, Kapsam, Kaynaklar ve Uygulama Alan\u0131 *Uluslararas\u0131 Hukukta Sorumluluk * Uluslararas\u0131 \u0130nsanc\u0131l Hukuk Kurallar\u0131n\u0131n\u0131n \u0130hlalinden Do\u011fanDevlet Sorumlulu\u011fu * Devletin Uluslararas\u0131<span class=\"excerpt-hellip\"> [\u2026]<\/span><\/p>\n","protected":false},"featured_media":0,"template":"","meta":{"_monsterinsights_skip_tracking":false,"_monsterinsights_sitenote_active":false,"_monsterinsights_sitenote_note":"","_monsterinsights_sitenote_category":0},"product_brand":[],"product_cat":[12573,12566],"product_tag":[],"class_list":{"0":"post-703769","1":"product","2":"type-product","3":"status-publish","5":"product_cat-akademik-kitaplar","6":"product_cat-egitim","7":"pa_cilt-ciltsiz","8":"pa_tur-kitap","9":"pa_yayinevi-beta-yayinevi","10":"pa_yazar-kenan-dulger","12":"first","13":"instock","14":"sale","15":"shipping-taxable","16":"purchasable","17":"product-type-simple"},"_links":{"self":[{"href":"https:\/\/roveyayinevi.com.tr\/index.php\/wp-json\/wp\/v2\/product\/703769","targetHints":{"allow":["GET"]}}],"collection":[{"href":"https:\/\/roveyayinevi.com.tr\/index.php\/wp-json\/wp\/v2\/product"}],"about":[{"href":"https:\/\/roveyayinevi.com.tr\/index.php\/wp-json\/wp\/v2\/types\/product"}],"wp:attachment":[{"href":"https:\/\/roveyayinevi.com.tr\/index.php\/wp-json\/wp\/v2\/media?parent=703769"}],"wp:term":[{"taxonomy":"product_brand","embeddable":true,"href":"https:\/\/roveyayinevi.com.tr\/index.php\/wp-json\/wp\/v2\/product_brand?post=703769"},{"taxonomy":"product_cat","embeddable":true,"href":"https:\/\/roveyayinevi.com.tr\/index.php\/wp-json\/wp\/v2\/product_cat?post=703769"},{"taxonomy":"product_tag","embeddable":true,"href":"https:\/\/roveyayinevi.com.tr\/index.php\/wp-json\/wp\/v2\/product_tag?post=703769"}],"curies":[{"name":"wp","href":"https:\/\/api.w.org\/{rel}","templated":true}]}}