{"id":703766,"date":"2025-08-27T15:29:05","date_gmt":"2025-08-27T12:29:05","guid":{"rendered":"https:\/\/roveyayinevi.com.tr\/index.php\/urun\/gercegi-inciten-papagan\/"},"modified":"2026-04-16T02:12:59","modified_gmt":"2026-04-15T23:12:59","slug":"gercegi-inciten-papagan","status":"publish","type":"product","link":"https:\/\/roveyayinevi.com.tr\/index.php\/urun\/gercegi-inciten-papagan\/","title":{"rendered":"Ger\u00e7e\u011fi \u0130nciten Papa\u011fan"},"content":{"rendered":"<p>Ye\u015fil g\u00f6zl\u00fc adam, ak\u015fam beyo\u011flu&#8217;nda kendi trajik yazg\u0131s\u0131na yak\u0131n buldu\u011fu tommy filmini seyretti. Salon bombo\u015ftu. tarkovski haftas\u0131nda, ayna&#8217;y\u0131 da \u00fc\u00e7 ki\u015fiyle izlemi\u015fti. Tommy&#8217;i seyreden yeni t\u00fcrk edebiyat\u0131 profes\u00f6r\u00fc dostu,   Mevlana \u00e7a\u011f\u0131m\u0131zda ya\u015fasayd\u0131 bu filmin diliyle konu\u015furdu   demi\u015fti. Ya\u011fmurun inci inci ya\u011fd\u0131\u011f\u0131 o ikindi \u00fczeri, \u00e7al\u0131\u015ft\u0131\u011f\u0131 gazeteye u\u011frad\u0131\u011f\u0131nda santral g\u00f6revlisi bir arkada\u015f\u0131 ankara&#8217;dan geldi\u011fini, kendisini arad\u0131\u011f\u0131n\u0131, ak\u015fam garda bekleyece\u011fini s\u00f6ylemi\u015fti. Gara gitmi\u015f fakat bulamam\u0131\u015ft\u0131 onu. <\/p>\n","protected":false},"excerpt":{"rendered":"<p>Ye\u015fil g\u00f6zl\u00fc adam, ak\u015fam beyo\u011flu&#8217;nda kendi trajik yazg\u0131s\u0131na yak\u0131n buldu\u011fu tommy filmini seyretti. Salon bombo\u015ftu. tarkovski haftas\u0131nda, ayna&#8217;y\u0131 da \u00fc\u00e7 ki\u015fiyle izlemi\u015fti. Tommy&#8217;i seyreden yeni t\u00fcrk<span class=\"excerpt-hellip\"> [\u2026]<\/span><\/p>\n","protected":false},"featured_media":0,"template":"","meta":{"_monsterinsights_skip_tracking":false,"_monsterinsights_sitenote_active":false,"_monsterinsights_sitenote_note":"","_monsterinsights_sitenote_category":0},"product_brand":[],"product_cat":[12291,12711],"product_tag":[],"class_list":{"0":"post-703766","1":"product","2":"type-product","3":"status-publish","5":"product_cat-edebiyat","6":"product_cat-roman-oyku","7":"pa_tur-kitap","8":"pa_yayinevi-profil-kitap","9":"pa_yazar-sadik-yalsizucanlar","11":"first","12":"instock","13":"sale","14":"shipping-taxable","15":"purchasable","16":"product-type-simple"},"_links":{"self":[{"href":"https:\/\/roveyayinevi.com.tr\/index.php\/wp-json\/wp\/v2\/product\/703766","targetHints":{"allow":["GET"]}}],"collection":[{"href":"https:\/\/roveyayinevi.com.tr\/index.php\/wp-json\/wp\/v2\/product"}],"about":[{"href":"https:\/\/roveyayinevi.com.tr\/index.php\/wp-json\/wp\/v2\/types\/product"}],"wp:attachment":[{"href":"https:\/\/roveyayinevi.com.tr\/index.php\/wp-json\/wp\/v2\/media?parent=703766"}],"wp:term":[{"taxonomy":"product_brand","embeddable":true,"href":"https:\/\/roveyayinevi.com.tr\/index.php\/wp-json\/wp\/v2\/product_brand?post=703766"},{"taxonomy":"product_cat","embeddable":true,"href":"https:\/\/roveyayinevi.com.tr\/index.php\/wp-json\/wp\/v2\/product_cat?post=703766"},{"taxonomy":"product_tag","embeddable":true,"href":"https:\/\/roveyayinevi.com.tr\/index.php\/wp-json\/wp\/v2\/product_tag?post=703766"}],"curies":[{"name":"wp","href":"https:\/\/api.w.org\/{rel}","templated":true}]}}