{"id":703764,"date":"2025-08-27T15:29:04","date_gmt":"2025-08-27T12:29:04","guid":{"rendered":"https:\/\/roveyayinevi.com.tr\/index.php\/urun\/53-risale\/"},"modified":"2026-04-16T02:12:59","modified_gmt":"2026-04-15T23:12:59","slug":"53-risale","status":"publish","type":"product","link":"https:\/\/roveyayinevi.com.tr\/index.php\/urun\/53-risale\/","title":{"rendered":"53. Risale"},"content":{"rendered":"<p>53. Risale kim taraf\u0131ndan, neden kaleme al\u0131nd\u0131?Nas\u0131l s\u0131rra kadem bast\u0131? Kimler taraf\u0131ndan, nerede saklan\u0131yor?D\u00fcnyan\u0131n b\u00fct\u00fcn se\u00e7kin k\u00fct\u00fcphanelerinde bulunabilen, yaz\u0131ld\u0131klar\u0131 d\u00f6nem i\u00e7in her biri hazine de\u011feri ta\u015f\u0131yan 52 adet \u0130hvan-\u0131 Safa (Ar\u0131nm\u0131\u015f Karde\u015fler) risalesinin, bir de 53\u2019\u00fcnc\u00fcs\u00fcn\u00fcn oldu\u011funu, bug\u00fcne kadar hi\u00e7 kimse bilmiyordu!Tek kopya olarak kaleme al\u0131nan 53. Risale\u2019nin ortaya \u00e7\u0131kmas\u0131 i\u00e7in, acaba hangi ko\u015fullar\u0131n olgunla\u015fmas\u0131 gerekti?Ar\u0131nm\u0131\u015fkarde\u015fler,Amerika k\u0131tas\u0131n\u0131n yerini Columbus\u2019tan 700,D\u00fcnya\u2019n\u0131n yuvarlak oldu\u011funu ve d\u00f6nd\u00fc\u011f\u00fcn\u00fc,G\u00fcne\u015f\u2019in evrenin merkezinde oldu\u011funu Copernicus ve Galileo\u2019dan 500, evrim teorisini Darwin\u2019den, atomun par\u00e7alanabilece\u011fini Dalton\u2019dan ve bu esnada ortaya \u00e7ok b\u00fcy\u00fck bir enerji \u00e7\u0131kaca\u011f\u0131n\u0131 Hahn\u2019dan 1000 y\u0131l \u00f6nce biliyorlard\u0131!Acaba daha da \u00f6tesi var m\u0131yd\u0131?9. Y\u00fczy\u0131lda faaliyete ge\u00e7en gizli fikir kul\u00fcb\u00fc ihvan-\u0131 safa ba\u015fka neler biliyor olabilir?Kalbinizi ve beyninizi, yerin dokuz kat dibine, Hazreti \u0130dris\u2019in gizli tap\u0131na\u011f\u0131na do\u011fru ger\u00e7ekle\u015fecek b\u00fcy\u00fck maceraya haz\u0131rlay\u0131n.<\/p>\n","protected":false},"excerpt":{"rendered":"<p>53. Risale kim taraf\u0131ndan, neden kaleme al\u0131nd\u0131?Nas\u0131l s\u0131rra kadem bast\u0131? Kimler taraf\u0131ndan, nerede saklan\u0131yor?D\u00fcnyan\u0131n b\u00fct\u00fcn se\u00e7kin k\u00fct\u00fcphanelerinde bulunabilen, yaz\u0131ld\u0131klar\u0131 d\u00f6nem i\u00e7in her biri hazine de\u011feri ta\u015f\u0131yan<span class=\"excerpt-hellip\"> [\u2026]<\/span><\/p>\n","protected":false},"featured_media":0,"template":"","meta":{"_monsterinsights_skip_tracking":false,"_monsterinsights_sitenote_active":false,"_monsterinsights_sitenote_note":"","_monsterinsights_sitenote_category":0},"product_brand":[],"product_cat":[12291,12292],"product_tag":[],"class_list":{"0":"post-703764","1":"product","2":"type-product","3":"status-publish","5":"product_cat-edebiyat","6":"product_cat-turk-edebiyati","7":"pa_cilt-ciltsiz","8":"pa_tur-kitap","9":"pa_yayinevi-destek-yayinlari","10":"pa_yazar-osman-balcigil","12":"first","13":"instock","14":"sale","15":"shipping-taxable","16":"purchasable","17":"product-type-simple"},"_links":{"self":[{"href":"https:\/\/roveyayinevi.com.tr\/index.php\/wp-json\/wp\/v2\/product\/703764","targetHints":{"allow":["GET"]}}],"collection":[{"href":"https:\/\/roveyayinevi.com.tr\/index.php\/wp-json\/wp\/v2\/product"}],"about":[{"href":"https:\/\/roveyayinevi.com.tr\/index.php\/wp-json\/wp\/v2\/types\/product"}],"wp:attachment":[{"href":"https:\/\/roveyayinevi.com.tr\/index.php\/wp-json\/wp\/v2\/media?parent=703764"}],"wp:term":[{"taxonomy":"product_brand","embeddable":true,"href":"https:\/\/roveyayinevi.com.tr\/index.php\/wp-json\/wp\/v2\/product_brand?post=703764"},{"taxonomy":"product_cat","embeddable":true,"href":"https:\/\/roveyayinevi.com.tr\/index.php\/wp-json\/wp\/v2\/product_cat?post=703764"},{"taxonomy":"product_tag","embeddable":true,"href":"https:\/\/roveyayinevi.com.tr\/index.php\/wp-json\/wp\/v2\/product_tag?post=703764"}],"curies":[{"name":"wp","href":"https:\/\/api.w.org\/{rel}","templated":true}]}}