{"id":703759,"date":"2025-08-27T15:29:02","date_gmt":"2025-08-27T12:29:02","guid":{"rendered":"https:\/\/roveyayinevi.com.tr\/index.php\/urun\/ergenlik-doneminde-100-temel-kural\/"},"modified":"2026-04-16T02:12:59","modified_gmt":"2026-04-15T23:12:59","slug":"ergenlik-doneminde-100-temel-kural","status":"publish","type":"product","link":"https:\/\/roveyayinevi.com.tr\/index.php\/urun\/ergenlik-doneminde-100-temel-kural\/","title":{"rendered":"Ergenlik D\u00f6neminde 100 Temel Kural"},"content":{"rendered":"<p>Eskilerin Bizim zaman\u0131m\u0131zda ergenlik mi vard\u0131! deyip kabullenmedi\u011fi; yenilerin Bizimki yine ergen tak\u0131l\u0131yor! diye abartt\u0131\u011f\u0131 ergenlik d\u00f6neminin \u00f6zellikleri nelerdir?Ergenlik, ger\u00e7ekten problemli bir d\u00f6nem midir, yoksa ge\u00e7mi\u015f y\u0131llarda biriken problemlerin d\u0131\u015fa vuruldu\u011fu bir ruhsal ar\u0131nma d\u00f6nemi mi? Ergenin a\u015f\u0131r\u0131l\u0131klar\u0131 bask\u0131 ve yasaklarla m\u0131, duygusal ba\u011flar\u0131n kuvvetlendirilmesiyle mi \u00e7\u00f6z\u00fcme kavu\u015fur? \ufffc<\/p>\n","protected":false},"excerpt":{"rendered":"<p>Eskilerin Bizim zaman\u0131m\u0131zda ergenlik mi vard\u0131! deyip kabullenmedi\u011fi; yenilerin Bizimki yine ergen tak\u0131l\u0131yor! diye abartt\u0131\u011f\u0131 ergenlik d\u00f6neminin \u00f6zellikleri nelerdir?Ergenlik, ger\u00e7ekten problemli bir d\u00f6nem midir, yoksa ge\u00e7mi\u015f<span class=\"excerpt-hellip\"> [\u2026]<\/span><\/p>\n","protected":false},"featured_media":0,"template":"","meta":{"_monsterinsights_skip_tracking":false,"_monsterinsights_sitenote_active":false,"_monsterinsights_sitenote_note":"","_monsterinsights_sitenote_category":0},"product_brand":[],"product_cat":[13772,12364],"product_tag":[],"class_list":{"0":"post-703759","1":"product","2":"type-product","3":"status-publish","5":"product_cat-basvuru-kitaplari","6":"product_cat-genel-konular","7":"pa_cilt-ciltsiz","8":"pa_tur-kitap","9":"pa_yayinevi-timas-yayinlari","10":"pa_yazar-adem-gunes","12":"first","13":"instock","14":"sale","15":"shipping-taxable","16":"purchasable","17":"product-type-simple"},"_links":{"self":[{"href":"https:\/\/roveyayinevi.com.tr\/index.php\/wp-json\/wp\/v2\/product\/703759","targetHints":{"allow":["GET"]}}],"collection":[{"href":"https:\/\/roveyayinevi.com.tr\/index.php\/wp-json\/wp\/v2\/product"}],"about":[{"href":"https:\/\/roveyayinevi.com.tr\/index.php\/wp-json\/wp\/v2\/types\/product"}],"wp:attachment":[{"href":"https:\/\/roveyayinevi.com.tr\/index.php\/wp-json\/wp\/v2\/media?parent=703759"}],"wp:term":[{"taxonomy":"product_brand","embeddable":true,"href":"https:\/\/roveyayinevi.com.tr\/index.php\/wp-json\/wp\/v2\/product_brand?post=703759"},{"taxonomy":"product_cat","embeddable":true,"href":"https:\/\/roveyayinevi.com.tr\/index.php\/wp-json\/wp\/v2\/product_cat?post=703759"},{"taxonomy":"product_tag","embeddable":true,"href":"https:\/\/roveyayinevi.com.tr\/index.php\/wp-json\/wp\/v2\/product_tag?post=703759"}],"curies":[{"name":"wp","href":"https:\/\/api.w.org\/{rel}","templated":true}]}}