{"id":703754,"date":"2025-08-27T15:29:00","date_gmt":"2025-08-27T12:29:00","guid":{"rendered":"https:\/\/roveyayinevi.com.tr\/index.php\/urun\/karasevdalilar\/"},"modified":"2026-04-16T02:12:59","modified_gmt":"2026-04-15T23:12:59","slug":"karasevdalilar","status":"publish","type":"product","link":"https:\/\/roveyayinevi.com.tr\/index.php\/urun\/karasevdalilar\/","title":{"rendered":"Karasevdal\u0131lar"},"content":{"rendered":"<p>Maria Dolz her sabah i\u015fe gitmeden \u00f6nce kahvalt\u0131 etti\u011fi kafede adeta onun i\u00e7in bir mutluluk timsaline d\u00f6n\u00fc\u015fen evli bir \u00e7ifti g\u00f6zlemlemeye ba\u015flar. Bu, onun i\u00e7in, sabahlara neredeyse daha kolay ba\u015flaman\u0131n bir yolu olmu\u015ftur. Ta ki uzun bir s\u00fcre bu g\u00f6zlemlerine ara vermek zorunda kal\u0131p adam\u0131n bir meczub taraf\u0131ndan \u00f6ld\u00fcr\u00fcld\u00fc\u011f\u00fcn\u00fc \u00f6\u011frendi\u011fi g\u00fcne kadar&#8230; Derken kendili\u011finden geli\u015fen bir ili\u015fki Maria\u2019n\u0131n cinayetin ayr\u0131nt\u0131lar\u0131ndan haberdar olmas\u0131n\u0131 sa\u011flar&#8230; \ufffcTan\u0131t\u0131m Metni<\/p>\n","protected":false},"excerpt":{"rendered":"<p>Maria Dolz her sabah i\u015fe gitmeden \u00f6nce kahvalt\u0131 etti\u011fi kafede adeta onun i\u00e7in bir mutluluk timsaline d\u00f6n\u00fc\u015fen evli bir \u00e7ifti g\u00f6zlemlemeye ba\u015flar. Bu, onun i\u00e7in, sabahlara<span class=\"excerpt-hellip\"> [\u2026]<\/span><\/p>\n","protected":false},"featured_media":0,"template":"","meta":{"_monsterinsights_skip_tracking":false,"_monsterinsights_sitenote_active":false,"_monsterinsights_sitenote_note":"","_monsterinsights_sitenote_category":0},"product_brand":[],"product_cat":[12291,12711],"product_tag":[],"class_list":{"0":"post-703754","1":"product","2":"type-product","3":"status-publish","5":"product_cat-edebiyat","6":"product_cat-roman-oyku","7":"pa_cilt-ciltsiz","8":"pa_tur-kitap","9":"pa_yayinevi-yapi-kredi-yayinlari","10":"pa_yazar-javier-marias","12":"first","13":"instock","14":"sale","15":"shipping-taxable","16":"purchasable","17":"product-type-simple"},"_links":{"self":[{"href":"https:\/\/roveyayinevi.com.tr\/index.php\/wp-json\/wp\/v2\/product\/703754","targetHints":{"allow":["GET"]}}],"collection":[{"href":"https:\/\/roveyayinevi.com.tr\/index.php\/wp-json\/wp\/v2\/product"}],"about":[{"href":"https:\/\/roveyayinevi.com.tr\/index.php\/wp-json\/wp\/v2\/types\/product"}],"wp:attachment":[{"href":"https:\/\/roveyayinevi.com.tr\/index.php\/wp-json\/wp\/v2\/media?parent=703754"}],"wp:term":[{"taxonomy":"product_brand","embeddable":true,"href":"https:\/\/roveyayinevi.com.tr\/index.php\/wp-json\/wp\/v2\/product_brand?post=703754"},{"taxonomy":"product_cat","embeddable":true,"href":"https:\/\/roveyayinevi.com.tr\/index.php\/wp-json\/wp\/v2\/product_cat?post=703754"},{"taxonomy":"product_tag","embeddable":true,"href":"https:\/\/roveyayinevi.com.tr\/index.php\/wp-json\/wp\/v2\/product_tag?post=703754"}],"curies":[{"name":"wp","href":"https:\/\/api.w.org\/{rel}","templated":true}]}}