{"id":703742,"date":"2025-08-27T15:28:55","date_gmt":"2025-08-27T12:28:55","guid":{"rendered":"https:\/\/roveyayinevi.com.tr\/index.php\/urun\/rulet\/"},"modified":"2026-04-06T12:34:17","modified_gmt":"2026-04-06T09:34:17","slug":"rulet","status":"publish","type":"product","link":"https:\/\/roveyayinevi.com.tr\/index.php\/urun\/rulet\/","title":{"rendered":"Rulet"},"content":{"rendered":"<p>Cevdet kudret edebiyat \u00f6d\u00fclleri 2012 finalisti D.T.G.Medebi kurul karari  17.11.2011 Oy birli\u011fi ile repertuvara alinmi\u015ftir. \u0130.B.\u015e.T. Repertuvar kurulu karari 29.06.2011 Oy birli\u011fi ile repertuvara alinmi\u015ftir. D\u00fcnya pr\u00f6miyeri 09.10.2014 Tarihinde Trabzon Devlet tiyatrosu&#8217;nda ger\u00e7ekle\u015fmi\u015ftir. <\/p>\n","protected":false},"excerpt":{"rendered":"<p>Cevdet kudret edebiyat \u00f6d\u00fclleri 2012 finalisti D.T.G.Medebi kurul karari 17.11.2011 Oy birli\u011fi ile repertuvara alinmi\u015ftir. \u0130.B.\u015e.T. Repertuvar kurulu karari 29.06.2011 Oy birli\u011fi ile repertuvara alinmi\u015ftir. D\u00fcnya<span class=\"excerpt-hellip\"> [\u2026]<\/span><\/p>\n","protected":false},"featured_media":0,"template":"","meta":{"_monsterinsights_skip_tracking":false,"_monsterinsights_sitenote_active":false,"_monsterinsights_sitenote_note":"","_monsterinsights_sitenote_category":0},"product_brand":[],"product_cat":[13021,12408],"product_tag":[],"class_list":{"0":"post-703742","1":"product","2":"type-product","3":"status-publish","5":"product_cat-sahne-sanatlari","6":"product_cat-sanat","7":"pa_cilt-ciltsiz","8":"pa_tur-kitap","9":"pa_yayinevi-bencekitap","10":"pa_yazar-kosta-kortidis","12":"first","13":"instock","14":"sale","15":"shipping-taxable","16":"purchasable","17":"product-type-simple"},"_links":{"self":[{"href":"https:\/\/roveyayinevi.com.tr\/index.php\/wp-json\/wp\/v2\/product\/703742","targetHints":{"allow":["GET"]}}],"collection":[{"href":"https:\/\/roveyayinevi.com.tr\/index.php\/wp-json\/wp\/v2\/product"}],"about":[{"href":"https:\/\/roveyayinevi.com.tr\/index.php\/wp-json\/wp\/v2\/types\/product"}],"wp:attachment":[{"href":"https:\/\/roveyayinevi.com.tr\/index.php\/wp-json\/wp\/v2\/media?parent=703742"}],"wp:term":[{"taxonomy":"product_brand","embeddable":true,"href":"https:\/\/roveyayinevi.com.tr\/index.php\/wp-json\/wp\/v2\/product_brand?post=703742"},{"taxonomy":"product_cat","embeddable":true,"href":"https:\/\/roveyayinevi.com.tr\/index.php\/wp-json\/wp\/v2\/product_cat?post=703742"},{"taxonomy":"product_tag","embeddable":true,"href":"https:\/\/roveyayinevi.com.tr\/index.php\/wp-json\/wp\/v2\/product_tag?post=703742"}],"curies":[{"name":"wp","href":"https:\/\/api.w.org\/{rel}","templated":true}]}}