{"id":703735,"date":"2025-08-27T15:28:51","date_gmt":"2025-08-27T12:28:51","guid":{"rendered":"https:\/\/roveyayinevi.com.tr\/index.php\/urun\/inonu-doneminde-ataturk-imaji\/"},"modified":"2026-04-16T02:12:58","modified_gmt":"2026-04-15T23:12:58","slug":"inonu-doneminde-ataturk-imaji","status":"publish","type":"product","link":"https:\/\/roveyayinevi.com.tr\/index.php\/urun\/inonu-doneminde-ataturk-imaji\/","title":{"rendered":"\u0130n\u00f6n\u00fc D\u00f6neminde Atat\u00fcrk \u0130maj\u0131"},"content":{"rendered":"<p>Mustafa Kemal Atat\u00fcrk cumhurba\u015fkanl\u0131\u011f\u0131 g\u00f6revini s\u00fcrd\u00fcr\u00fcrken 10 Kas\u0131m 1938\u2019de vefat etti. Esas itibariyle bir s\u00fcredir hastayd\u0131 ve kendisinden sonra Cumhurba\u015fkanl\u0131\u011f\u0131\u2019n\u0131 hedefleyenler vard\u0131. D\u00f6nemin Genelkurmay Ba\u015fkan\u0131 Fevzi Pa\u015fa\u2019n\u0131n \u0130smet \u0130n\u00f6n\u00fc lehinde tav\u0131r belirlemesi \u0130n\u00f6n\u00fc\u2019n\u00fcn cumhurba\u015fkan\u0131 olmas\u0131n\u0131 sa\u011flad\u0131. \u0130smet \u0130n\u00f6n\u00fc g\u00f6reve ba\u015flay\u0131nca \u00f6nce Atat\u00fcrk\u2019\u00fcn yak\u0131n \u00e7evresini tasfiye etti, Atat\u00fcrk zaman\u0131nda g\u00f6zden d\u00fc\u015fm\u00fc\u015f olanlar\u0131 da yan\u0131na ald\u0131. Ard\u0131ndan, paradan Atat\u00fcrk resimlerinin kald\u0131r\u0131lmas\u0131, An\u0131tkabir in\u015faat\u0131n\u0131n bir t\u00fcrl\u00fc bitirilememesi, \u0130n\u00f6n\u00fc\u2019n\u00fcn \u201cMilli \u015eef\u201d unvan\u0131n\u0131 almas\u0131 gibi geli\u015fmeler ya\u015fand\u0131. B\u00fct\u00fcn bunlar \u0130n\u00f6n\u00fc\u2019n\u00fcn Atat\u00fcrk\u2019\u00fc unutturmak istedi\u011fi \u015feklinde yorumlan\u0131yordu. Acaba ger\u00e7ekten b\u00f6yle miydi? Hilal \u0130\u015f\u00e7i Yi\u011fit\u2019in ba\u015far\u0131l\u0131 \u00e7al\u0131\u015fmas\u0131 bu sorulara cevap veriyor. \u0130n\u00f6n\u00fc d\u00f6neminde Atat\u00fcrk\u2019le ilgili hayata ge\u00e7irilen uygulamalar nelerdi ve neyi hedefliyordu? Kitab\u0131 okudu\u011funuzda bu sorular\u0131n hakk\u0131yla cevapland\u0131r\u0131ld\u0131\u011f\u0131n\u0131 g\u00f6receksiniz. \ufffcTan\u0131t\u0131m Metni<\/p>\n","protected":false},"excerpt":{"rendered":"<p>Mustafa Kemal Atat\u00fcrk cumhurba\u015fkanl\u0131\u011f\u0131 g\u00f6revini s\u00fcrd\u00fcr\u00fcrken 10 Kas\u0131m 1938\u2019de vefat etti. Esas itibariyle bir s\u00fcredir hastayd\u0131 ve kendisinden sonra Cumhurba\u015fkanl\u0131\u011f\u0131\u2019n\u0131 hedefleyenler vard\u0131. D\u00f6nemin Genelkurmay Ba\u015fkan\u0131 Fevzi<span class=\"excerpt-hellip\"> [\u2026]<\/span><\/p>\n","protected":false},"featured_media":0,"template":"","meta":{"_monsterinsights_skip_tracking":false,"_monsterinsights_sitenote_active":false,"_monsterinsights_sitenote_note":"","_monsterinsights_sitenote_category":0},"product_brand":[],"product_cat":[12370,12304],"product_tag":[],"class_list":{"0":"post-703735","1":"product","2":"type-product","3":"status-publish","5":"product_cat-arastirma-inceleme","6":"product_cat-tarih","7":"pa_cilt-ciltsiz","8":"pa_tur-kitap","9":"pa_yayinevi-yeditepe-yayinevi","10":"pa_yazar-hilal-isci-yigit","12":"first","13":"instock","14":"sale","15":"shipping-taxable","16":"purchasable","17":"product-type-simple"},"_links":{"self":[{"href":"https:\/\/roveyayinevi.com.tr\/index.php\/wp-json\/wp\/v2\/product\/703735","targetHints":{"allow":["GET"]}}],"collection":[{"href":"https:\/\/roveyayinevi.com.tr\/index.php\/wp-json\/wp\/v2\/product"}],"about":[{"href":"https:\/\/roveyayinevi.com.tr\/index.php\/wp-json\/wp\/v2\/types\/product"}],"wp:attachment":[{"href":"https:\/\/roveyayinevi.com.tr\/index.php\/wp-json\/wp\/v2\/media?parent=703735"}],"wp:term":[{"taxonomy":"product_brand","embeddable":true,"href":"https:\/\/roveyayinevi.com.tr\/index.php\/wp-json\/wp\/v2\/product_brand?post=703735"},{"taxonomy":"product_cat","embeddable":true,"href":"https:\/\/roveyayinevi.com.tr\/index.php\/wp-json\/wp\/v2\/product_cat?post=703735"},{"taxonomy":"product_tag","embeddable":true,"href":"https:\/\/roveyayinevi.com.tr\/index.php\/wp-json\/wp\/v2\/product_tag?post=703735"}],"curies":[{"name":"wp","href":"https:\/\/api.w.org\/{rel}","templated":true}]}}