{"id":703732,"date":"2025-08-27T15:28:50","date_gmt":"2025-08-27T12:28:50","guid":{"rendered":"https:\/\/roveyayinevi.com.tr\/index.php\/urun\/napcam-simdi\/"},"modified":"2026-04-16T02:12:58","modified_gmt":"2026-04-15T23:12:58","slug":"napcam-simdi","status":"publish","type":"product","link":"https:\/\/roveyayinevi.com.tr\/index.php\/urun\/napcam-simdi\/","title":{"rendered":"N\u2019apcam \u015eimdi?"},"content":{"rendered":"<p>\u0130\u00e7inizde  o  his var, yazmak istiyorsunuz. Masan\u0131n ba\u015f\u0131na oturdunuz ancak olmuyor.  N&#8217;apcam \u015fimdi?  demeye ba\u015flad\u0131ysan\u0131z, bir g\u00f6z at\u0131n derim. <\/p>\n","protected":false},"excerpt":{"rendered":"<p>\u0130\u00e7inizde o his var, yazmak istiyorsunuz. Masan\u0131n ba\u015f\u0131na oturdunuz ancak olmuyor. N&#8217;apcam \u015fimdi? demeye ba\u015flad\u0131ysan\u0131z, bir g\u00f6z at\u0131n derim.<\/p>\n","protected":false},"featured_media":0,"template":"","meta":{"_monsterinsights_skip_tracking":false,"_monsterinsights_sitenote_active":false,"_monsterinsights_sitenote_note":"","_monsterinsights_sitenote_category":0},"product_brand":[],"product_cat":[12777,12291],"product_tag":[],"class_list":{"0":"post-703732","1":"product","2":"type-product","3":"status-publish","5":"product_cat-deneme","6":"product_cat-edebiyat","7":"pa_cilt-ciltsiz","8":"pa_tur-kitap","9":"pa_yayinevi-bencekitap","10":"pa_yazar-burcu-erdogan","12":"first","13":"instock","14":"sale","15":"shipping-taxable","16":"purchasable","17":"product-type-simple"},"_links":{"self":[{"href":"https:\/\/roveyayinevi.com.tr\/index.php\/wp-json\/wp\/v2\/product\/703732","targetHints":{"allow":["GET"]}}],"collection":[{"href":"https:\/\/roveyayinevi.com.tr\/index.php\/wp-json\/wp\/v2\/product"}],"about":[{"href":"https:\/\/roveyayinevi.com.tr\/index.php\/wp-json\/wp\/v2\/types\/product"}],"wp:attachment":[{"href":"https:\/\/roveyayinevi.com.tr\/index.php\/wp-json\/wp\/v2\/media?parent=703732"}],"wp:term":[{"taxonomy":"product_brand","embeddable":true,"href":"https:\/\/roveyayinevi.com.tr\/index.php\/wp-json\/wp\/v2\/product_brand?post=703732"},{"taxonomy":"product_cat","embeddable":true,"href":"https:\/\/roveyayinevi.com.tr\/index.php\/wp-json\/wp\/v2\/product_cat?post=703732"},{"taxonomy":"product_tag","embeddable":true,"href":"https:\/\/roveyayinevi.com.tr\/index.php\/wp-json\/wp\/v2\/product_tag?post=703732"}],"curies":[{"name":"wp","href":"https:\/\/api.w.org\/{rel}","templated":true}]}}