{"id":703729,"date":"2025-08-27T15:28:49","date_gmt":"2025-08-27T12:28:49","guid":{"rendered":"https:\/\/roveyayinevi.com.tr\/index.php\/urun\/bilim-adamlarimiz-serisi-takiyuddin\/"},"modified":"2026-04-16T02:12:58","modified_gmt":"2026-04-15T23:12:58","slug":"bilim-adamlarimiz-serisi-takiyuddin","status":"publish","type":"product","link":"https:\/\/roveyayinevi.com.tr\/index.php\/urun\/bilim-adamlarimiz-serisi-takiyuddin\/","title":{"rendered":"Bilim Adamlar\u0131m\u0131z Serisi: Takiy\u00fcddin"},"content":{"rendered":"<p>T\u00fcrk-\u0130slam aleminin son, Osmanl\u0131 Devleti\u2019nin ilk ve tek rasathanesinin kurucusu, klasik \u0130slam astronomisinin de en \u00f6nemli ve son temsilcisi olan Tak\u0131y\u00fcddin Ra\u015fit, \u0130stanbul Rasathanesi ile me\u015fhur olmu\u015f bir T\u00fcrk astronomudur. 16. y\u00fczy\u0131l Osmanl\u0131 biliminin en \u00f6nemli bilginlerinden olan Takiy\u00fcddin el-Ra\u015fit, 1526 y\u0131l\u0131nda \u015eam&#8217;da do\u011fmu\u015f, M\u0131s\u0131r ve \u015eam&#8217;da yeti\u015fmi\u015ftir. Babas\u0131 Maruf Efendi ile 1550 y\u0131l\u0131nda \u0130stanbul\u2019a gelen Takiy\u00fcddin, ekonomik nedenlerden dolay\u0131 yarg\u0131 yolunu se\u00e7erek M\u0131s\u0131r\u2019a gitmi\u015f (1555), yarg\u0131 g\u00f6revinde bulunduktan sonra tekrar \u0130stanbul\u2019a gelmi\u015ftir (1570). \ufffcTan\u0131t\u0131m Metni<\/p>\n","protected":false},"excerpt":{"rendered":"<p>T\u00fcrk-\u0130slam aleminin son, Osmanl\u0131 Devleti\u2019nin ilk ve tek rasathanesinin kurucusu, klasik \u0130slam astronomisinin de en \u00f6nemli ve son temsilcisi olan Tak\u0131y\u00fcddin Ra\u015fit, \u0130stanbul Rasathanesi ile me\u015fhur<span class=\"excerpt-hellip\"> [\u2026]<\/span><\/p>\n","protected":false},"featured_media":0,"template":"","meta":{"_monsterinsights_skip_tracking":false,"_monsterinsights_sitenote_active":false,"_monsterinsights_sitenote_note":"","_monsterinsights_sitenote_category":0},"product_brand":[],"product_cat":[12370,12304],"product_tag":[],"class_list":{"0":"post-703729","1":"product","2":"type-product","3":"status-publish","5":"product_cat-arastirma-inceleme","6":"product_cat-tarih","7":"pa_tur-kitap","8":"pa_yayinevi-parola-yayinlari","9":"pa_yazar-ali-kuzu","11":"first","12":"instock","13":"sale","14":"shipping-taxable","15":"purchasable","16":"product-type-simple"},"_links":{"self":[{"href":"https:\/\/roveyayinevi.com.tr\/index.php\/wp-json\/wp\/v2\/product\/703729","targetHints":{"allow":["GET"]}}],"collection":[{"href":"https:\/\/roveyayinevi.com.tr\/index.php\/wp-json\/wp\/v2\/product"}],"about":[{"href":"https:\/\/roveyayinevi.com.tr\/index.php\/wp-json\/wp\/v2\/types\/product"}],"wp:attachment":[{"href":"https:\/\/roveyayinevi.com.tr\/index.php\/wp-json\/wp\/v2\/media?parent=703729"}],"wp:term":[{"taxonomy":"product_brand","embeddable":true,"href":"https:\/\/roveyayinevi.com.tr\/index.php\/wp-json\/wp\/v2\/product_brand?post=703729"},{"taxonomy":"product_cat","embeddable":true,"href":"https:\/\/roveyayinevi.com.tr\/index.php\/wp-json\/wp\/v2\/product_cat?post=703729"},{"taxonomy":"product_tag","embeddable":true,"href":"https:\/\/roveyayinevi.com.tr\/index.php\/wp-json\/wp\/v2\/product_tag?post=703729"}],"curies":[{"name":"wp","href":"https:\/\/api.w.org\/{rel}","templated":true}]}}