{"id":703727,"date":"2025-08-27T15:28:48","date_gmt":"2025-08-27T12:28:48","guid":{"rendered":"https:\/\/roveyayinevi.com.tr\/index.php\/urun\/demokrasi-neye-yarar\/"},"modified":"2026-04-16T02:12:58","modified_gmt":"2026-04-15T23:12:58","slug":"demokrasi-neye-yarar","status":"publish","type":"product","link":"https:\/\/roveyayinevi.com.tr\/index.php\/urun\/demokrasi-neye-yarar\/","title":{"rendered":"Demokrasi Neye Yarar?"},"content":{"rendered":"<p>Stein Ringen, ABD ve B\u00fcy\u00fck Britanya gibi demokrasi kalelerinin bile demokratik devlet idealinden uzakla\u015ft\u0131\u011f\u0131, vatanda\u015flar\u0131n siyasi sistemlere kar\u015f\u0131 g\u00fcveninin giderek azald\u0131\u011f\u0131 bir d\u00fcnyada, demokrasinin temel de\u011ferlerini ve nas\u0131l korunaca\u011f\u0131n\u0131 sorguluyor. Yazar, e\u011fitimde f\u0131rsat e\u015fitsizli\u011fi, yoksulluk, ailenin toplumsal ve ekonomik rol\u00fc ve ki\u015finin tercihleri do\u011frultusunda istedi\u011fi gibi ya\u015fama \u00f6zg\u00fcrl\u00fc\u011f\u00fcn\u00fcn \u00f6n\u00fcndeki ekonomik engelleri, g\u00fcn\u00fcm\u00fczde demokrasinin temel sorunlar\u0131 olarak ele al\u0131yor. Bu sorunlar\u0131 \u00e7\u00f6z\u00fcmlerken, bir yandan da bir an \u00f6nce hayata ge\u00e7irilmesi gereken demokratik reformlar \u00f6neriyor. \ufffc<\/p>\n","protected":false},"excerpt":{"rendered":"<p>Stein Ringen, ABD ve B\u00fcy\u00fck Britanya gibi demokrasi kalelerinin bile demokratik devlet idealinden uzakla\u015ft\u0131\u011f\u0131, vatanda\u015flar\u0131n siyasi sistemlere kar\u015f\u0131 g\u00fcveninin giderek azald\u0131\u011f\u0131 bir d\u00fcnyada, demokrasinin temel de\u011ferlerini<span class=\"excerpt-hellip\"> [\u2026]<\/span><\/p>\n","protected":false},"featured_media":0,"template":"","meta":{"_monsterinsights_skip_tracking":false,"_monsterinsights_sitenote_active":false,"_monsterinsights_sitenote_note":"","_monsterinsights_sitenote_category":0},"product_brand":[],"product_cat":[12338,12337],"product_tag":[],"class_list":{"0":"post-703727","1":"product","2":"type-product","3":"status-publish","5":"product_cat-dunya-siyaseti-ve-politikasi","6":"product_cat-politika-siyaset","7":"pa_cilt-ciltsiz","8":"pa_tur-kitap","9":"pa_yayinevi-yapi-kredi-yayinlari","10":"pa_yazar-stein-ringen","12":"first","13":"instock","14":"sale","15":"shipping-taxable","16":"purchasable","17":"product-type-simple"},"_links":{"self":[{"href":"https:\/\/roveyayinevi.com.tr\/index.php\/wp-json\/wp\/v2\/product\/703727","targetHints":{"allow":["GET"]}}],"collection":[{"href":"https:\/\/roveyayinevi.com.tr\/index.php\/wp-json\/wp\/v2\/product"}],"about":[{"href":"https:\/\/roveyayinevi.com.tr\/index.php\/wp-json\/wp\/v2\/types\/product"}],"wp:attachment":[{"href":"https:\/\/roveyayinevi.com.tr\/index.php\/wp-json\/wp\/v2\/media?parent=703727"}],"wp:term":[{"taxonomy":"product_brand","embeddable":true,"href":"https:\/\/roveyayinevi.com.tr\/index.php\/wp-json\/wp\/v2\/product_brand?post=703727"},{"taxonomy":"product_cat","embeddable":true,"href":"https:\/\/roveyayinevi.com.tr\/index.php\/wp-json\/wp\/v2\/product_cat?post=703727"},{"taxonomy":"product_tag","embeddable":true,"href":"https:\/\/roveyayinevi.com.tr\/index.php\/wp-json\/wp\/v2\/product_tag?post=703727"}],"curies":[{"name":"wp","href":"https:\/\/api.w.org\/{rel}","templated":true}]}}