{"id":703726,"date":"2025-08-27T15:28:48","date_gmt":"2025-08-27T12:28:48","guid":{"rendered":"https:\/\/roveyayinevi.com.tr\/index.php\/urun\/demokrasi-nedir\/"},"modified":"2026-04-16T02:12:58","modified_gmt":"2026-04-15T23:12:58","slug":"demokrasi-nedir","status":"publish","type":"product","link":"https:\/\/roveyayinevi.com.tr\/index.php\/urun\/demokrasi-nedir\/","title":{"rendered":"Demokrasi Nedir?"},"content":{"rendered":"<p>T\u00fcrk okurunun ilk kez Modernli\u011fin Ele\u015ftirisi adl\u0131 kitab\u0131yla tan\u0131d\u0131\u011f\u0131 Alain Touraine, bu kitab\u0131n\u0131n devam\u0131 niteli\u011findeki Demokrasi Nedir? de can al\u0131c\u0131 bir soruya yan\u0131tlar sunuyor. Toplumbilim alan\u0131nda birbirinden yetkin \u00fcr\u00fcnler vererek ad\u0131ndan \u00f6vg\u00fcyle s\u00f6z ettiren Touraine, Demokrasinin \u00dc\u00e7 Boyutu , Modern Demokratik Anlay\u0131\u015f\u0131n Tarihi , Demokratik Ekin , Demokrasi ve Geli\u015fme ba\u015fl\u0131klar\u0131 alt\u0131nda, a\u00e7\u0131klamalara s\u0131\u011fmayan bir konu \u00fczerine, birbiri ard\u0131na parantezler a\u00e7\u0131yor: Demokrasi iki cephede sava\u015fmal\u0131: Bir yandan, yine en g\u00fc\u00e7l\u00fclerin hizmetinde bir ideoloji olarak belirme tehlikesiyle kar\u015f\u0131 kar\u015f\u0131ya kalabilir; \u00f6te yandan ad\u0131 can\u0131n\u0131n istedi\u011fini yapan bask\u0131c\u0131 bir iktidar\u0131n hizmetinde kullan\u0131labilir. Bu kitab\u0131n amac\u0131, bu iki tehlikeye kar\u015f\u0131 sava\u015farak siyasal alan\u0131n yeniden kurulmas\u0131na ve demokratik d\u00fc\u015f\u00fcncelerin yeniden do\u011fmas\u0131na yard\u0131m etmektir. \ufffcTan\u0131t\u0131m Metni<\/p>\n","protected":false},"excerpt":{"rendered":"<p>T\u00fcrk okurunun ilk kez Modernli\u011fin Ele\u015ftirisi adl\u0131 kitab\u0131yla tan\u0131d\u0131\u011f\u0131 Alain Touraine, bu kitab\u0131n\u0131n devam\u0131 niteli\u011findeki Demokrasi Nedir? de can al\u0131c\u0131 bir soruya yan\u0131tlar sunuyor. Toplumbilim alan\u0131nda<span class=\"excerpt-hellip\"> [\u2026]<\/span><\/p>\n","protected":false},"featured_media":0,"template":"","meta":{"_monsterinsights_skip_tracking":false,"_monsterinsights_sitenote_active":false,"_monsterinsights_sitenote_note":"","_monsterinsights_sitenote_category":0},"product_brand":[],"product_cat":[13278,12324],"product_tag":[],"class_list":{"0":"post-703726","1":"product","2":"type-product","3":"status-publish","5":"product_cat-sivil-toplum-kuruluslari","6":"product_cat-sosyoloji","7":"pa_cilt-ciltsiz","8":"pa_tur-kitap","9":"pa_yayinevi-yapi-kredi-yayinlari","10":"pa_yazar-alain-touraine","12":"first","13":"instock","14":"sale","15":"shipping-taxable","16":"purchasable","17":"product-type-simple"},"_links":{"self":[{"href":"https:\/\/roveyayinevi.com.tr\/index.php\/wp-json\/wp\/v2\/product\/703726","targetHints":{"allow":["GET"]}}],"collection":[{"href":"https:\/\/roveyayinevi.com.tr\/index.php\/wp-json\/wp\/v2\/product"}],"about":[{"href":"https:\/\/roveyayinevi.com.tr\/index.php\/wp-json\/wp\/v2\/types\/product"}],"wp:attachment":[{"href":"https:\/\/roveyayinevi.com.tr\/index.php\/wp-json\/wp\/v2\/media?parent=703726"}],"wp:term":[{"taxonomy":"product_brand","embeddable":true,"href":"https:\/\/roveyayinevi.com.tr\/index.php\/wp-json\/wp\/v2\/product_brand?post=703726"},{"taxonomy":"product_cat","embeddable":true,"href":"https:\/\/roveyayinevi.com.tr\/index.php\/wp-json\/wp\/v2\/product_cat?post=703726"},{"taxonomy":"product_tag","embeddable":true,"href":"https:\/\/roveyayinevi.com.tr\/index.php\/wp-json\/wp\/v2\/product_tag?post=703726"}],"curies":[{"name":"wp","href":"https:\/\/api.w.org\/{rel}","templated":true}]}}