{"id":703725,"date":"2025-08-27T15:28:47","date_gmt":"2025-08-27T12:28:47","guid":{"rendered":"https:\/\/roveyayinevi.com.tr\/index.php\/urun\/tasavvuf-terapisi\/"},"modified":"2026-04-16T02:12:58","modified_gmt":"2026-04-15T23:12:58","slug":"tasavvuf-terapisi","status":"publish","type":"product","link":"https:\/\/roveyayinevi.com.tr\/index.php\/urun\/tasavvuf-terapisi\/","title":{"rendered":"Tasavvuf Terapisi"},"content":{"rendered":"<p>Tasavvuf, kalbi Allah&#8217;a ba\u011flama sanat\u0131d\u0131r. A\u015fk da, kalbi Allah&#8217;a ba\u011flama sanat\u0131d\u0131r. \u00d6yleyse tasavvuf, bir &#8216;a\u015fkt\u0131r.&#8217; Kalbin en ince, en hassas, en ruha dokunan ve en duygusal taraf\u0131n\u0131 tasavvuf te\u015fkil eder. Dolay\u0131s\u0131yla tasavvuf dedi\u011fimizde ahlak, ruhsal zenginlik, derin bir hissiyat, ince bir d\u00fc\u015f\u00fcnce ve bir insan\u0131n \u00f6z\u00fcne d\u00f6nme halini ifade ederiz. \u00c7\u00fcnk\u00fc tasavvuf; huzuru, ahlak\u0131 ve Allah ile olan ba\u011f\u0131 temsil eder. <\/p>\n","protected":false},"excerpt":{"rendered":"<p>Tasavvuf, kalbi Allah&#8217;a ba\u011flama sanat\u0131d\u0131r. A\u015fk da, kalbi Allah&#8217;a ba\u011flama sanat\u0131d\u0131r. \u00d6yleyse tasavvuf, bir &#8216;a\u015fkt\u0131r.&#8217; Kalbin en ince, en hassas, en ruha dokunan ve en duygusal<span class=\"excerpt-hellip\"> [\u2026]<\/span><\/p>\n","protected":false},"featured_media":0,"template":"","meta":{"_monsterinsights_skip_tracking":false,"_monsterinsights_sitenote_active":false,"_monsterinsights_sitenote_note":"","_monsterinsights_sitenote_category":0},"product_brand":[],"product_cat":[12718,12719,12720],"product_tag":[],"class_list":{"0":"post-703725","1":"product","2":"type-product","3":"status-publish","5":"product_cat-din","6":"product_cat-islam","7":"product_cat-tasavvuf-mezhepler-tarikatlar","8":"pa_tur-kitap","9":"pa_yayinevi-nesil-yayinlari","10":"pa_yazar-esma-sayin","12":"first","13":"instock","14":"sale","15":"shipping-taxable","16":"purchasable","17":"product-type-simple"},"_links":{"self":[{"href":"https:\/\/roveyayinevi.com.tr\/index.php\/wp-json\/wp\/v2\/product\/703725","targetHints":{"allow":["GET"]}}],"collection":[{"href":"https:\/\/roveyayinevi.com.tr\/index.php\/wp-json\/wp\/v2\/product"}],"about":[{"href":"https:\/\/roveyayinevi.com.tr\/index.php\/wp-json\/wp\/v2\/types\/product"}],"wp:attachment":[{"href":"https:\/\/roveyayinevi.com.tr\/index.php\/wp-json\/wp\/v2\/media?parent=703725"}],"wp:term":[{"taxonomy":"product_brand","embeddable":true,"href":"https:\/\/roveyayinevi.com.tr\/index.php\/wp-json\/wp\/v2\/product_brand?post=703725"},{"taxonomy":"product_cat","embeddable":true,"href":"https:\/\/roveyayinevi.com.tr\/index.php\/wp-json\/wp\/v2\/product_cat?post=703725"},{"taxonomy":"product_tag","embeddable":true,"href":"https:\/\/roveyayinevi.com.tr\/index.php\/wp-json\/wp\/v2\/product_tag?post=703725"}],"curies":[{"name":"wp","href":"https:\/\/api.w.org\/{rel}","templated":true}]}}