{"id":703721,"date":"2025-08-27T15:28:46","date_gmt":"2025-08-27T12:28:46","guid":{"rendered":"https:\/\/roveyayinevi.com.tr\/index.php\/urun\/on-ucuncu-kabile\/"},"modified":"2025-08-31T14:29:30","modified_gmt":"2025-08-31T11:29:30","slug":"on-ucuncu-kabile","status":"publish","type":"product","link":"https:\/\/roveyayinevi.com.tr\/index.php\/urun\/on-ucuncu-kabile\/","title":{"rendered":"On \u00dc\u00e7\u00fcnc\u00fc Kabile"},"content":{"rendered":"<p>Tarihin en karanl\u0131k d\u00f6nemlerinden biri. Kendini bir yanda Do\u011fu Roma \u0130mparatorlu\u011fu, \u00f6te yanda Hz. Muhammed\u2019in takip\u00e7ileri aras\u0131nda bulan ve Yahudili\u011fi resmi dini olarak se\u00e7en g\u00fc\u00e7l\u00fc, gizemli bir imparatorluk. On \u00dc\u00e7\u00fcnc\u00fc Kabile d\u00f6nemin \u00fc\u00e7\u00fcnc\u00fc b\u00fcy\u00fck g\u00fcc\u00fc olan Hazarlar\u0131 ve onlar\u0131n \u0130slam\u0131n ve H\u0131ristiyanl\u0131\u011f\u0131n bask\u0131s\u0131ndan kurtulmak i\u00e7in Yahudili\u011fi se\u00e7i\u015fini anlat\u0131yor. \u0130mparatorluklar\u0131 yok olduktan sonra da\u011f\u0131lan Hazarlar\u0131n izini s\u00fcr\u00fcyor ve modern Yahudili\u011fin \u0131rksal b\u00fct\u00fcnl\u00fc\u011f\u00fc ile toplumsal miras\u0131n\u0131 nas\u0131l etkilediklerini ortaya koyarak \u015fa\u015f\u0131rt\u0131c\u0131 sonu\u00e7lara var\u0131yor. Yerle\u015fmi\u015f d\u00fc\u015f\u00fcnceleri, do\u011fru bildiklerimizi sorgulayan, \u00f6nemini hi\u00e7 yitirmeyen bir klasik. \ufffcTan\u0131t\u0131m Metni<\/p>\n","protected":false},"excerpt":{"rendered":"<p>Tarihin en karanl\u0131k d\u00f6nemlerinden biri. Kendini bir yanda Do\u011fu Roma \u0130mparatorlu\u011fu, \u00f6te yanda Hz. Muhammed\u2019in takip\u00e7ileri aras\u0131nda bulan ve Yahudili\u011fi resmi dini olarak se\u00e7en g\u00fc\u00e7l\u00fc, gizemli<span class=\"excerpt-hellip\"> [\u2026]<\/span><\/p>\n","protected":false},"featured_media":0,"template":"","meta":{"_monsterinsights_skip_tracking":false,"_monsterinsights_sitenote_active":false,"_monsterinsights_sitenote_note":"","_monsterinsights_sitenote_category":0},"product_brand":[],"product_cat":[13590,12337],"product_tag":[],"class_list":{"0":"post-703721","1":"product","2":"type-product","3":"status-publish","5":"product_cat-arastirma-inceleme-politika-siyaset","6":"product_cat-politika-siyaset","7":"pa_cilt-ciltsiz","8":"pa_tur-kitap","9":"pa_yayinevi-alfa-yayinlari","10":"pa_yazar-arthur-koestler","12":"first","13":"instock","14":"sale","15":"shipping-taxable","16":"purchasable","17":"product-type-simple"},"_links":{"self":[{"href":"https:\/\/roveyayinevi.com.tr\/index.php\/wp-json\/wp\/v2\/product\/703721","targetHints":{"allow":["GET"]}}],"collection":[{"href":"https:\/\/roveyayinevi.com.tr\/index.php\/wp-json\/wp\/v2\/product"}],"about":[{"href":"https:\/\/roveyayinevi.com.tr\/index.php\/wp-json\/wp\/v2\/types\/product"}],"wp:attachment":[{"href":"https:\/\/roveyayinevi.com.tr\/index.php\/wp-json\/wp\/v2\/media?parent=703721"}],"wp:term":[{"taxonomy":"product_brand","embeddable":true,"href":"https:\/\/roveyayinevi.com.tr\/index.php\/wp-json\/wp\/v2\/product_brand?post=703721"},{"taxonomy":"product_cat","embeddable":true,"href":"https:\/\/roveyayinevi.com.tr\/index.php\/wp-json\/wp\/v2\/product_cat?post=703721"},{"taxonomy":"product_tag","embeddable":true,"href":"https:\/\/roveyayinevi.com.tr\/index.php\/wp-json\/wp\/v2\/product_tag?post=703721"}],"curies":[{"name":"wp","href":"https:\/\/api.w.org\/{rel}","templated":true}]}}